{"id":10,"date":"2016-07-27T13:00:29","date_gmt":"2016-07-27T11:00:29","guid":{"rendered":"https:\/\/www.region-peiner-land.de\/?page_id=10"},"modified":"2018-07-04T09:45:16","modified_gmt":"2018-07-04T07:45:16","slug":"projekte","status":"publish","type":"page","link":"https:\/\/www.region-peiner-land.de\/index.php\/projekte\/","title":{"rendered":"Projekte"},"content":{"rendered":"<section class=\"wpb-content-wrapper\"><p>[vc_row full_width=&#8221;stretch_row_content_no_spaces&#8221;][vc_column][vc_column_text]<div id=\"metaslider-id-265\" style=\"width: 100%;\" class=\"ml-slider-3-108-0 metaslider metaslider-flex metaslider-265 ml-slider ms-theme-default nav-hidden\" role=\"region\" aria-label=\"Projekte\" data-height=\"400\" data-width=\"2200\">\n    <div id=\"metaslider_container_265\">\n        <div id=\"metaslider_265\">\n            <ul class='slides'>\n                <li style=\"display: block; width: 100%;\" class=\"slide-1982 ms-image \" aria-roledescription=\"slide\" data-date=\"2018-02-28 11:54:24\" data-filename=\"100602-Auftakt-KEP_IMG_8460.jpg\" data-slide-type=\"image\"><img loading=\"lazy\" decoding=\"async\" src=\"https:\/\/www.region-peiner-land.de\/wp-content\/uploads\/100602-Auftakt-KEP_IMG_8460.jpg\" height=\"400\" width=\"2200\" alt=\"\" class=\"slider-265 slide-1982 msDefaultImage\" \/><\/li>\n            <\/ul>\n        <\/div>\n        \n    <\/div>\n<\/div>[\/vc_column_text][\/vc_column][\/vc_row][vc_row][vc_column width=&#8221;1\/4&#8243;][vc_column_text]<\/p>\n<div class=\"content-out\">\n<div class=\"content-list active-menu-left\"><a style=\"text-decoration: none;\" href=\"\/index.php\/projekte\/\">Projekte<\/a><\/div>\n<div class=\"content-border\"><\/div>\n<div class=\"content-list\"><a style=\"text-decoration: none;\" href=\"\/index.php\/leader-2014-2020\/\">Leader 2014<em>\u2013<\/em>2020<\/a><\/div>\n<div class=\"content-border\"><\/div>\n<div class=\"content-list\"><a style=\"text-decoration: none;\" href=\"\/index.php\/ile-2007-2013\/\">ILE 2007<em>\u2013<\/em>2013<\/a><\/div>\n<div class=\"content-border\"><\/div>\n<\/div>\n<p>[\/vc_column_text][\/vc_column][vc_column width=&#8221;3\/4&#8243;][vc_raw_js]JTNDZGl2JTIwY2xhc3MlM0QlMjJjb250YWN0LWhlYWRlci1pbmxpbmUtYXJvdW5kJTIyJTNFJTBBJTNDZGl2JTIwY2xhc3MlM0QlMjJjb250YWN0LWhlYWRlci1pbmxpbmUtNSUyMiUzRSUzQ2ElMjBocmVmJTNEJTIyamF2YXNjcmlwdCUzQXdpbmRvdy5wcmludCUyOCUyOSUyMiUzRSUzQ2ltZyUyMHNyYyUzRCUyMmh0dHBzJTNBJTJGJTJGcmVnaW9uLXBlaW5lci1sYW5kLmRlJTJGd3AtY29udGVudCUyRnVwbG9hZHMlMkZwcmludC1idXR0b24tYmx1ZS1lMTUxOTgyMTA3MDg5MS5wbmclMjIlMjBhbHQlM0QlMjJTZWl0ZSUyMGRydWNrZW4lMjIlMjBpZCUzRCUyMnByaW50LWJ1dHRvbiUyMiUyMCUyRiUzRSUzQyUyRmElM0UlM0MlMkZkaXYlM0UlMEElM0MlMkZkaXYlM0U=[\/vc_raw_js][vc_column_text css=&#8221;.vc_custom_1523963925703{margin-top: 10px !important;}&#8221;]<\/p>\n<h1>Projekte<\/h1>\n<p>F\u00f6rdermittel der Europ\u00e4ischen Union haben im Peiner Land die Realisierung zahlreicher Projekte erm\u00f6glicht. Bereits w\u00e4hrend der Umsetzungsphase des Integrierten l\u00e4ndlichen Entwicklungskonzepts von 2007 bis 2013 wurden \u00fcber 50 Projekte in sieben Themenfeldern umgesetzt. In der laufenden F\u00f6rderperiode der LEADER-Phase von 2014 bis 2020 wurden bereits mehrere Projekte beschlossen und teilweise umgesetzt. Genauere Informationen zu den einzelnen Projekten finden Sie in den folgenden Projekt\u00fcbersichten.[\/vc_column_text][\/vc_column][\/vc_row][vc_column][\/vc_column]<\/p>\n<\/section>","protected":false},"excerpt":{"rendered":"<p>[vc_row full_width=&#8221;stretch_row_content_no_spaces&#8221;][vc_column][vc_column_text][\/vc_column_text][\/vc_column][\/vc_row][vc_row][vc_column width=&#8221;1\/4&#8243;][vc_column_text] Projekte Leader 2014\u20132020 ILE 2007\u20132013 [\/vc_column_text][\/vc_column][vc_column width=&#8221;3\/4&#8243;][vc_raw_js]JTNDZGl2JTIwY2xhc3MlM0QlMjJjb250YWN0LWhlYWRlci1pbmxpbmUtYXJvdW5kJTIyJTNFJTBBJTNDZGl2JTIwY2xhc3MlM0QlMjJjb250YWN0LWhlYWRlci1pbmxpbmUtNSUyMiUzRSUzQ2ElMjBocmVmJTNEJTIyamF2YXNjcmlwdCUzQXdpbmRvdy5wcmludCUyOCUyOSUyMiUzRSUzQ2ltZyUyMHNyYyUzRCUyMmh0dHBzJTNBJTJGJTJGcmVnaW9uLXBlaW5lci1sYW5kLmRlJTJGd3AtY29udGVudCUyRnVwbG9hZHMlMkZwcmludC1idXR0b24tYmx1ZS1lMTUxOTgyMTA3MDg5MS5wbmclMjIlMjBhbHQlM0QlMjJTZWl0ZSUyMGRydWNrZW4lMjIlMjBpZCUzRCUyMnByaW50LWJ1dHRvbiUyMiUyMCUyRiUzRSUzQyUyRmElM0UlM0MlMkZkaXYlM0UlMEElM0MlMkZkaXYlM0U=[\/vc_raw_js][vc_column_text css=&#8221;.vc_custom_1523963925703{margin-top: 10px !important;}&#8221;] Projekte F\u00f6rdermittel der Europ\u00e4ischen Union haben im Peiner Land die Realisierung zahlreicher Projekte erm\u00f6glicht. Bereits w\u00e4hrend der Umsetzungsphase des Integrierten l\u00e4ndlichen Entwicklungskonzepts von 2007 bis 2013 wurden \u00fcber 50 Projekte in sieben Themenfeldern umgesetzt. In der laufenden F\u00f6rderperiode der LEADER-Phase von 2014 [&hellip;]<\/p>\n","protected":false},"author":1,"featured_media":0,"parent":0,"menu_order":4,"comment_status":"closed","ping_status":"closed","template":"","meta":{"iawp_total_views":32,"footnotes":""},"class_list":["post-10","page","type-page","status-publish","hentry"],"_links":{"self":[{"href":"https:\/\/www.region-peiner-land.de\/index.php\/wp-json\/wp\/v2\/pages\/10","targetHints":{"allow":["GET"]}}],"collection":[{"href":"https:\/\/www.region-peiner-land.de\/index.php\/wp-json\/wp\/v2\/pages"}],"about":[{"href":"https:\/\/www.region-peiner-land.de\/index.php\/wp-json\/wp\/v2\/types\/page"}],"author":[{"embeddable":true,"href":"https:\/\/www.region-peiner-land.de\/index.php\/wp-json\/wp\/v2\/users\/1"}],"replies":[{"embeddable":true,"href":"https:\/\/www.region-peiner-land.de\/index.php\/wp-json\/wp\/v2\/comments?post=10"}],"version-history":[{"count":40,"href":"https:\/\/www.region-peiner-land.de\/index.php\/wp-json\/wp\/v2\/pages\/10\/revisions"}],"predecessor-version":[{"id":2448,"href":"https:\/\/www.region-peiner-land.de\/index.php\/wp-json\/wp\/v2\/pages\/10\/revisions\/2448"}],"wp:attachment":[{"href":"https:\/\/www.region-peiner-land.de\/index.php\/wp-json\/wp\/v2\/media?parent=10"}],"curies":[{"name":"wp","href":"https:\/\/api.w.org\/{rel}","templated":true}]}}