{"id":14,"date":"2016-07-27T13:03:07","date_gmt":"2016-07-27T11:03:07","guid":{"rendered":"https:\/\/www.region-peiner-land.de\/?page_id=14"},"modified":"2018-07-04T10:05:23","modified_gmt":"2018-07-04T08:05:23","slug":"ansprech-partner","status":"publish","type":"page","link":"https:\/\/www.region-peiner-land.de\/index.php\/ansprech-partner\/","title":{"rendered":"Ansprechpartner"},"content":{"rendered":"<section class=\"wpb-content-wrapper\"><p>[vc_row full_width=&#8221;stretch_row_content_no_spaces&#8221;][vc_column][vc_column_text]<div id=\"metaslider-id-231\" style=\"width: 100%;\" class=\"ml-slider-3-109-0 metaslider metaslider-flex metaslider-231 ml-slider ms-theme-default nav-hidden\" role=\"region\" aria-label=\"Team\" data-height=\"400\" data-width=\"2200\">\n    <div id=\"metaslider_container_231\">\n        <div id=\"metaslider_231\">\n            <ul class='slides'>\n                <li style=\"display: block; width: 100%;\" class=\"slide-1986 ms-image \" aria-roledescription=\"slide\" data-date=\"2018-02-28 12:35:19\" data-filename=\"160822_LEADER-Konferenz_IMG_2949_IMG_2905.jpg\" data-slide-type=\"image\"><img loading=\"lazy\" decoding=\"async\" src=\"https:\/\/www.region-peiner-land.de\/wp-content\/uploads\/160822_LEADER-Konferenz_IMG_2949_IMG_2905.jpg\" height=\"400\" width=\"2200\" alt=\"\" class=\"slider-231 slide-1986 msDefaultImage\" \/><\/li>\n            <\/ul>\n        <\/div>\n        \n    <\/div>\n<\/div><br \/>\n[\/vc_column_text][\/vc_column][\/vc_row][vc_row][vc_column width=&#8221;1\/4&#8243;][vc_column_text]<\/p>\n<div class=\"content-out\">\n<div class=\"content-list active-menu-left\"><a style=\"text-decoration: none;\" href=\"\/index.php\/ansprech-partner\/\">Ansprechpartner<\/a><\/div>\n<div class=\"content-border\"><\/div>\n<div class=\"content-list\"><a style=\"text-decoration: none;\" href=\"\/index.php\/regional-management\/\">Regionalmanagement<\/a><\/div>\n<div class=\"content-border\"><\/div>\n<div class=\"content-list\"><a style=\"text-decoration: none;\" href=\"\/index.php\/geschaeftsstelle\/\">Gesch\u00e4ftsstelle<\/a><\/div>\n<div class=\"content-border\"><\/div>\n<div class=\"content-list\"><a style=\"text-decoration: none;\" href=\"\/index.php\/ansprechpartner-arl\/\">ARL<\/a><\/div>\n<div class=\"content-border\"><\/div>\n<\/div>\n<p>[\/vc_column_text][\/vc_column][vc_column width=&#8221;3\/4&#8243;][vc_raw_js]JTNDZGl2JTIwY2xhc3MlM0QlMjJjb250YWN0LWhlYWRlci1pbmxpbmUtYXJvdW5kJTIyJTNFJTBBJTNDZGl2JTIwY2xhc3MlM0QlMjJjb250YWN0LWhlYWRlci1pbmxpbmUtNSUyMiUzRSUzQ2ElMjBocmVmJTNEJTIyamF2YXNjcmlwdCUzQXdpbmRvdy5wcmludCUyOCUyOSUyMiUzRSUzQ2ltZyUyMHNyYyUzRCUyMmh0dHBzJTNBJTJGJTJGcmVnaW9uLXBlaW5lci1sYW5kLmRlJTJGd3AtY29udGVudCUyRnVwbG9hZHMlMkZwcmludC1idXR0b24tYmx1ZS1lMTUxOTgyMTA3MDg5MS5wbmclMjIlMjBhbHQlM0QlMjJTZWl0ZSUyMGRydWNrZW4lMjIlMjBpZCUzRCUyMnByaW50LWJ1dHRvbiUyMiUyMCUyRiUzRSUzQyUyRmElM0UlM0MlMkZkaXYlM0UlMEElM0MlMkZkaXYlM0U=[\/vc_raw_js][vc_column_text css=&#8221;.vc_custom_1523960780551{margin-top: 10px !important;}&#8221;]<\/p>\n<h1>Ansprechpartner<\/h1>\n<p>Zur Umsetzung des Regionalen Entwicklungskonzeptes setzt die Lokale Aktionsgruppe Peiner Land auf die professionelle Unterst\u00fctzung des Regionalmanagements. Wenn Sie Fragen haben oder an weiteren Informationen \u00fcber LEADER im Peiner Land interessiert sind, k\u00f6nnen Sie sich gerne an das LEADER-Regionalmanagement oder die LAG-Gesch\u00e4ftsstelle in Peine wenden. Au\u00dferdem finden Sie hier die Kontaktdaten des Amts f\u00fcr regionale Landesentwicklung in Braunschweig, der Bewilligungsstelle f\u00fcr LEADER-Projekte. M\u00f6chten Sie ein Projekt f\u00f6rdern lassen, beachten Sie bitte die empfohlene Vorgehen <a href=\"\/index.php\/von-der-projektidee-zur-umsetzung\/\">\u201eVon der Projektidee zur Umsetzung\u201c<\/a>[\/vc_column_text][\/vc_column][\/vc_row]<\/p>\n<\/section>","protected":false},"excerpt":{"rendered":"<p>[vc_row full_width=&#8221;stretch_row_content_no_spaces&#8221;][vc_column][vc_column_text] [\/vc_column_text][\/vc_column][\/vc_row][vc_row][vc_column width=&#8221;1\/4&#8243;][vc_column_text] Ansprechpartner Regionalmanagement Gesch\u00e4ftsstelle ARL [\/vc_column_text][\/vc_column][vc_column width=&#8221;3\/4&#8243;][vc_raw_js]JTNDZGl2JTIwY2xhc3MlM0QlMjJjb250YWN0LWhlYWRlci1pbmxpbmUtYXJvdW5kJTIyJTNFJTBBJTNDZGl2JTIwY2xhc3MlM0QlMjJjb250YWN0LWhlYWRlci1pbmxpbmUtNSUyMiUzRSUzQ2ElMjBocmVmJTNEJTIyamF2YXNjcmlwdCUzQXdpbmRvdy5wcmludCUyOCUyOSUyMiUzRSUzQ2ltZyUyMHNyYyUzRCUyMmh0dHBzJTNBJTJGJTJGcmVnaW9uLXBlaW5lci1sYW5kLmRlJTJGd3AtY29udGVudCUyRnVwbG9hZHMlMkZwcmludC1idXR0b24tYmx1ZS1lMTUxOTgyMTA3MDg5MS5wbmclMjIlMjBhbHQlM0QlMjJTZWl0ZSUyMGRydWNrZW4lMjIlMjBpZCUzRCUyMnByaW50LWJ1dHRvbiUyMiUyMCUyRiUzRSUzQyUyRmElM0UlM0MlMkZkaXYlM0UlMEElM0MlMkZkaXYlM0U=[\/vc_raw_js][vc_column_text css=&#8221;.vc_custom_1523960780551{margin-top: 10px !important;}&#8221;] Ansprechpartner Zur Umsetzung des Regionalen Entwicklungskonzeptes setzt die Lokale Aktionsgruppe Peiner Land auf die professionelle Unterst\u00fctzung des Regionalmanagements. Wenn Sie Fragen haben oder an weiteren Informationen \u00fcber LEADER im Peiner Land interessiert sind, k\u00f6nnen Sie sich gerne an das LEADER-Regionalmanagement oder die [&hellip;]<\/p>\n","protected":false},"author":1,"featured_media":0,"parent":0,"menu_order":6,"comment_status":"closed","ping_status":"closed","template":"","meta":{"iawp_total_views":52,"footnotes":""},"class_list":["post-14","page","type-page","status-publish","hentry"],"_links":{"self":[{"href":"https:\/\/www.region-peiner-land.de\/index.php\/wp-json\/wp\/v2\/pages\/14","targetHints":{"allow":["GET"]}}],"collection":[{"href":"https:\/\/www.region-peiner-land.de\/index.php\/wp-json\/wp\/v2\/pages"}],"about":[{"href":"https:\/\/www.region-peiner-land.de\/index.php\/wp-json\/wp\/v2\/types\/page"}],"author":[{"embeddable":true,"href":"https:\/\/www.region-peiner-land.de\/index.php\/wp-json\/wp\/v2\/users\/1"}],"replies":[{"embeddable":true,"href":"https:\/\/www.region-peiner-land.de\/index.php\/wp-json\/wp\/v2\/comments?post=14"}],"version-history":[{"count":186,"href":"https:\/\/www.region-peiner-land.de\/index.php\/wp-json\/wp\/v2\/pages\/14\/revisions"}],"predecessor-version":[{"id":2452,"href":"https:\/\/www.region-peiner-land.de\/index.php\/wp-json\/wp\/v2\/pages\/14\/revisions\/2452"}],"wp:attachment":[{"href":"https:\/\/www.region-peiner-land.de\/index.php\/wp-json\/wp\/v2\/media?parent=14"}],"curies":[{"name":"wp","href":"https:\/\/api.w.org\/{rel}","templated":true}]}}