{"id":167,"date":"2016-08-04T15:09:32","date_gmt":"2016-08-04T13:09:32","guid":{"rendered":"https:\/\/www.region-peiner-land.de\/?page_id=167"},"modified":"2018-07-04T09:42:57","modified_gmt":"2018-07-04T07:42:57","slug":"rek-peiner-land","status":"publish","type":"page","link":"https:\/\/www.region-peiner-land.de\/index.php\/rek-peiner-land\/","title":{"rendered":"REK Peiner Land"},"content":{"rendered":"<section class=\"wpb-content-wrapper\"><p>[vc_row full_width=&#8221;stretch_row_content_no_spaces&#8221;][vc_column][vc_column_text]<div id=\"metaslider-id-209\" style=\"width: 100%;\" class=\"ml-slider-3-109-0 metaslider metaslider-flex metaslider-209 ml-slider ms-theme-default nav-hidden\" role=\"region\" aria-label=\"1.3\tKommunikation\/Moderation\" data-height=\"400\" data-width=\"2200\">\n    <div id=\"metaslider_container_209\">\n        <div id=\"metaslider_209\">\n            <ul class='slides'>\n                <li style=\"display: block; width: 100%;\" class=\"slide-1950 ms-image \" aria-roledescription=\"slide\" data-date=\"2018-02-28 10:49:35\" data-filename=\"141021_Strategie-Werkstatt_IMG_1663.jpg\" data-slide-type=\"image\"><img loading=\"lazy\" decoding=\"async\" src=\"https:\/\/www.region-peiner-land.de\/wp-content\/uploads\/141021_Strategie-Werkstatt_IMG_1663.jpg\" height=\"400\" width=\"2200\" alt=\"\" class=\"slider-209 slide-1950 msDefaultImage\" \/><\/li>\n            <\/ul>\n        <\/div>\n        \n    <\/div>\n<\/div>[\/vc_column_text][\/vc_column][\/vc_row][vc_row][vc_column width=&#8221;1\/4&#8243;][vc_column_text]<\/p>\n<div class=\"content-out\">\n<div class=\"content-list\"><a style=\"text-decoration: none;\" href=\"\/index.php\/leader\/\">Leader<\/a><\/div>\n<div class=\"content-border\"><\/div>\n<div class=\"content-list\"><a style=\"text-decoration: none;\" href=\"\/index.php\/was-ist-leader\/\">Was ist LEADER?<\/a><\/div>\n<div class=\"content-border\"><\/div>\n<div class=\"content-list active-menu-left\"><a style=\"text-decoration: none;\" href=\"\/index.php\/rek\/\">REK Peiner Land<\/a><\/div>\n<div class=\"content-border\"><\/div>\n<div class=\"content-list\"><a style=\"text-decoration: none;\" href=\"\/index.php\/lokale-aktionsgruppe-lag\/\">Lokale Aktionsgruppe (LAG)<\/a><\/div>\n<div class=\"content-border\"><\/div>\n<div class=\"content-list\"><a style=\"text-decoration: none;\" href=\"\/index.php\/von-der-projektidee-zur-umsetzung\/\">Von der Projektidee zur Umsetzung<\/a><\/div>\n<div class=\"content-border\"><\/div>\n<div class=\"content-list\"><a style=\"text-decoration: none;\" href=\"\/index.php\/weitere-gremien\/\">Weitere Gremien<\/a><\/div>\n<\/div>\n<p>[\/vc_column_text][\/vc_column][vc_column width=&#8221;3\/4&#8243;][vc_raw_js]JTNDZGl2JTIwY2xhc3MlM0QlMjJjb250YWN0LWhlYWRlci1pbmxpbmUtYXJvdW5kJTIyJTNFJTBBJTNDZGl2JTIwY2xhc3MlM0QlMjJjb250YWN0LWhlYWRlci1pbmxpbmUtNSUyMiUzRSUzQ2ElMjBocmVmJTNEJTIyamF2YXNjcmlwdCUzQXdpbmRvdy5wcmludCUyOCUyOSUyMiUzRSUzQ2ltZyUyMHNyYyUzRCUyMmh0dHBzJTNBJTJGJTJGcmVnaW9uLXBlaW5lci1sYW5kLmRlJTJGd3AtY29udGVudCUyRnVwbG9hZHMlMkZwcmludC1idXR0b24tYmx1ZS1lMTUxOTgyMTA3MDg5MS5wbmclMjIlMjBhbHQlM0QlMjJTZWl0ZSUyMGRydWNrZW4lMjIlMjBpZCUzRCUyMnByaW50LWJ1dHRvbiUyMiUyMCUyRiUzRSUzQyUyRmElM0UlM0MlMkZkaXYlM0UlMEElM0MlMkZkaXYlM0U=[\/vc_raw_js][vc_column_text css=&#8221;.vc_custom_1523952439307{margin-top: 10px !important;}&#8221;]<\/p>\n<h2>Regionales Entwicklungskonzept Peiner Land<\/h2>\n<p>Das Regionale Entwicklungskonzept (REK) beinhaltet die Entwicklungsstrategie sowie die inhaltlichen und strategischen Grundlagen des LEADER-Prozesses der F\u00f6rderperiode von 2014-2020, die in einem breiten Beteiligungsprozess erarbeitet wurden.<\/p>\n<p>Das REK Peiner Land gibt das Leitbild und die daraus abgeleiteten Handlungsfelder vor, die ausschlaggebend f\u00fcr zuk\u00fcnftige \u00fcber LEADER gef\u00f6rderte Projekte der Region sind. Ausf\u00fchrlichere Informationen zur finden Sie auf den nachfolgenden Seiten und unter <a href=\"\/index.php\/themen\/\">Themen<\/a>.<\/p>\n<p>Den gesamten Bericht sowie eine Zusammenfassung der zentralen Inhalte wie die Entwicklungsstrategie und die F\u00f6rdertatbest\u00e4nde finden Sie unter <a href=\"\/index.php\/material\/\">Material<\/a>.[\/vc_column_text][\/vc_column][\/vc_row]<\/p>\n<\/section>","protected":false},"excerpt":{"rendered":"<p>[vc_row full_width=&#8221;stretch_row_content_no_spaces&#8221;][vc_column][vc_column_text][\/vc_column_text][\/vc_column][\/vc_row][vc_row][vc_column width=&#8221;1\/4&#8243;][vc_column_text] Leader Was ist LEADER? REK Peiner Land Lokale Aktionsgruppe (LAG) Von der Projektidee zur Umsetzung Weitere Gremien [\/vc_column_text][\/vc_column][vc_column width=&#8221;3\/4&#8243;][vc_raw_js]JTNDZGl2JTIwY2xhc3MlM0QlMjJjb250YWN0LWhlYWRlci1pbmxpbmUtYXJvdW5kJTIyJTNFJTBBJTNDZGl2JTIwY2xhc3MlM0QlMjJjb250YWN0LWhlYWRlci1pbmxpbmUtNSUyMiUzRSUzQ2ElMjBocmVmJTNEJTIyamF2YXNjcmlwdCUzQXdpbmRvdy5wcmludCUyOCUyOSUyMiUzRSUzQ2ltZyUyMHNyYyUzRCUyMmh0dHBzJTNBJTJGJTJGcmVnaW9uLXBlaW5lci1sYW5kLmRlJTJGd3AtY29udGVudCUyRnVwbG9hZHMlMkZwcmludC1idXR0b24tYmx1ZS1lMTUxOTgyMTA3MDg5MS5wbmclMjIlMjBhbHQlM0QlMjJTZWl0ZSUyMGRydWNrZW4lMjIlMjBpZCUzRCUyMnByaW50LWJ1dHRvbiUyMiUyMCUyRiUzRSUzQyUyRmElM0UlM0MlMkZkaXYlM0UlMEElM0MlMkZkaXYlM0U=[\/vc_raw_js][vc_column_text css=&#8221;.vc_custom_1523952439307{margin-top: 10px !important;}&#8221;] Regionales Entwicklungskonzept Peiner Land Das Regionale Entwicklungskonzept (REK) beinhaltet die Entwicklungsstrategie sowie die inhaltlichen und strategischen Grundlagen des LEADER-Prozesses der F\u00f6rderperiode von 2014-2020, die in einem breiten Beteiligungsprozess erarbeitet wurden. [&hellip;]<\/p>\n","protected":false},"author":4,"featured_media":0,"parent":0,"menu_order":0,"comment_status":"closed","ping_status":"closed","template":"","meta":{"iawp_total_views":48,"footnotes":""},"class_list":["post-167","page","type-page","status-publish","hentry"],"_links":{"self":[{"href":"https:\/\/www.region-peiner-land.de\/index.php\/wp-json\/wp\/v2\/pages\/167","targetHints":{"allow":["GET"]}}],"collection":[{"href":"https:\/\/www.region-peiner-land.de\/index.php\/wp-json\/wp\/v2\/pages"}],"about":[{"href":"https:\/\/www.region-peiner-land.de\/index.php\/wp-json\/wp\/v2\/types\/page"}],"author":[{"embeddable":true,"href":"https:\/\/www.region-peiner-land.de\/index.php\/wp-json\/wp\/v2\/users\/4"}],"replies":[{"embeddable":true,"href":"https:\/\/www.region-peiner-land.de\/index.php\/wp-json\/wp\/v2\/comments?post=167"}],"version-history":[{"count":33,"href":"https:\/\/www.region-peiner-land.de\/index.php\/wp-json\/wp\/v2\/pages\/167\/revisions"}],"predecessor-version":[{"id":2440,"href":"https:\/\/www.region-peiner-land.de\/index.php\/wp-json\/wp\/v2\/pages\/167\/revisions\/2440"}],"wp:attachment":[{"href":"https:\/\/www.region-peiner-land.de\/index.php\/wp-json\/wp\/v2\/media?parent=167"}],"curies":[{"name":"wp","href":"https:\/\/api.w.org\/{rel}","templated":true}]}}