{"id":171,"date":"2016-08-04T15:12:38","date_gmt":"2016-08-04T13:12:38","guid":{"rendered":"https:\/\/www.region-peiner-land.de\/?page_id=171"},"modified":"2018-07-04T09:43:28","modified_gmt":"2018-07-04T07:43:28","slug":"von-der-projektidee-zur-umsetzung","status":"publish","type":"page","link":"https:\/\/www.region-peiner-land.de\/index.php\/von-der-projektidee-zur-umsetzung\/","title":{"rendered":"Von der Projektidee zur Umsetzung"},"content":{"rendered":"<section class=\"wpb-content-wrapper\"><p>[vc_row full_width=&#8221;stretch_row_content_no_spaces&#8221;][vc_column][vc_column_text]<div id=\"metaslider-id-215\" style=\"width: 100%;\" class=\"ml-slider-3-109-0 metaslider metaslider-flex metaslider-215 ml-slider ms-theme-default nav-hidden\" role=\"region\" aria-label=\"1.5\tForschung\" data-height=\"400\" data-width=\"2200\">\n    <div id=\"metaslider_container_215\">\n        <div id=\"metaslider_215\">\n            <ul class='slides'>\n                <li style=\"display: block; width: 100%;\" class=\"slide-1959 ms-image \" aria-roledescription=\"slide\" data-date=\"2018-02-28 11:02:38\" data-filename=\"170426_Jugendworkshop-Vechelde_IMG_7012.jpg\" data-slide-type=\"image\"><img loading=\"lazy\" decoding=\"async\" src=\"https:\/\/www.region-peiner-land.de\/wp-content\/uploads\/170426_Jugendworkshop-Vechelde_IMG_7012.jpg\" height=\"400\" width=\"2200\" alt=\"\" class=\"slider-215 slide-1959 msDefaultImage\" \/><\/li>\n            <\/ul>\n        <\/div>\n        \n    <\/div>\n<\/div>[\/vc_column_text][\/vc_column][\/vc_row][vc_row][vc_column width=&#8221;1\/4&#8243;][vc_column_text]<\/p>\n<div class=\"content-out\">\n<div class=\"content-list\"><a style=\"text-decoration: none;\" href=\"\/index.php\/leader\/\">Leader<\/a><\/div>\n<div class=\"content-border\"><\/div>\n<div class=\"content-list\"><a style=\"text-decoration: none;\" href=\"\/index.php\/was-ist-leader\/\">Was ist LEADER?<\/a><\/div>\n<div class=\"content-border\"><\/div>\n<div class=\"content-list\"><a style=\"text-decoration: none;\" href=\"\/index.php\/rek\/\">REK Peiner Land<\/a><\/div>\n<div class=\"content-border\"><\/div>\n<div class=\"content-list\"><a style=\"text-decoration: none;\" href=\"\/index.php\/lokale-aktionsgruppe-lag\/\">Lokale Aktionsgruppe (LAG)<\/a><\/div>\n<div class=\"content-border\"><\/div>\n<div class=\"content-list active-menu-left\"><a style=\"text-decoration: none;\" href=\"\/index.php\/von-der-projektidee-zur-umsetzung\/\">Von der Projektidee zur Umsetzung<\/a><\/div>\n<div class=\"content-border\"><\/div>\n<div class=\"content-list\"><a style=\"text-decoration: none;\" href=\"\/index.php\/weitere-gremien\/\">Weitere Gremien<\/a><\/div>\n<\/div>\n<p>[\/vc_column_text][\/vc_column][vc_column width=&#8221;3\/4&#8243;][vc_raw_js]JTNDZGl2JTIwY2xhc3MlM0QlMjJjb250YWN0LWhlYWRlci1pbmxpbmUtYXJvdW5kJTIyJTNFJTBBJTNDZGl2JTIwY2xhc3MlM0QlMjJjb250YWN0LWhlYWRlci1pbmxpbmUtNSUyMiUzRSUzQ2ElMjBocmVmJTNEJTIyamF2YXNjcmlwdCUzQXdpbmRvdy5wcmludCUyOCUyOSUyMiUzRSUzQ2ltZyUyMHNyYyUzRCUyMmh0dHBzJTNBJTJGJTJGcmVnaW9uLXBlaW5lci1sYW5kLmRlJTJGd3AtY29udGVudCUyRnVwbG9hZHMlMkZwcmludC1idXR0b24tYmx1ZS1lMTUxOTgyMTA3MDg5MS5wbmclMjIlMjBhbHQlM0QlMjJTZWl0ZSUyMGRydWNrZW4lMjIlMjBpZCUzRCUyMnByaW50LWJ1dHRvbiUyMiUyMCUyRiUzRSUzQyUyRmElM0UlM0MlMkZkaXYlM0UlMEElM0MlMkZkaXYlM0U=[\/vc_raw_js][vc_column_text css=&#8221;.vc_custom_1523952307696{margin-top: 10px !important;}&#8221;]<\/p>\n<h1>Von der Projektidee zur Umsetzung<\/h1>\n<h2>Kontaktaufnahme<\/h2>\n<ul>\n<li>Vereinbaren Sie ein Beratungsgespr\u00e4ch mit dem <a href=\"\/index.php\/regional-management\/\">Regionalmanagement<\/a>.<\/li>\n<li>Das Regionalmanagement gibt eine erste Einsch\u00e4tzung zur F\u00f6rderf\u00e4higkeit im Rahmen von LEADER und pr\u00fcft gegebenenfalls alternative F\u00f6rderm\u00f6glichkeiten.<\/li>\n<\/ul>\n<p>&nbsp;<\/p>\n<h2>Projektentwicklung<\/h2>\n<ul>\n<li>Erstellen sie einen <a href=\"\/index.php\/material\/\">Projektsteckbrief<\/a>. Dieser dient als Hilfe f\u00fcr die Planung des Projekts sowie zur Beratung mit den Kommunen zur Kofinanzierung und der LAG zur Beschlussfassung. Das Regionalmanagement unterst\u00fctzt Sie beim Ausf\u00fcllen gerne.<\/li>\n<li>Auf Grundlage des Projektsteckbriefs kl\u00e4rt das Regionalmanagement die F\u00f6rderf\u00e4higkeit des Projekts mit der zust\u00e4ndigen Bewilligungsstelle \u2013 dem Amt f\u00fcr regionale Landesentwicklung (ArL) in Braunschweig.<\/li>\n<li>Die finale Fassung des Projektsteckbriefs sollte sp\u00e4testens vier Wochen vor der LAG-Sitzung, in der die F\u00f6rderung beschlossen werden soll, beim Regionalmanagement eingehen. Planen Sie ausreichend Vorlauf ein!<\/li>\n<li>Die LAG erh\u00e4lt den Steckbrief zur Vorbereitung auf die Sitzung.<\/li>\n<\/ul>\n<p>&nbsp;<\/p>\n<h2>LAG-Beschluss<\/h2>\n<ul>\n<li>Sollte sich das Projekt in Abstimmung mit der Bewilligungsstelle, dem ArL Braunschweig, als grunds\u00e4tzlich \u00fcber LEADER f\u00f6rderf\u00e4hig erweisen, stellen Sie Ihr Projekt der Lokalen Aktionsgruppe in ihrer n\u00e4chsten Sitzung vor und beantworten etwaige R\u00fcckfragen.<\/li>\n<li>Auf Grundlage der Informationen aus dem Projektsteckbrief und der Vorstellung entscheidet die LAG \u00fcber die Freigabe von LEADER-Mitteln f\u00fcr Ihr Projekt.<\/li>\n<\/ul>\n<p>&nbsp;<\/p>\n<h2>Antragsstellung<\/h2>\n<ul>\n<li>Mit dem Beschluss der LAG k\u00f6nnen Sie nun den Antrag auf LEADER-F\u00f6rderung bei der Bewilligungsstelle ArL stellen.<\/li>\n<li>Das ArL pr\u00fcft Ihren Antrag sowie den LAG-Beschluss und bewilligt im positiven Fall die F\u00f6rderung. Durch die Pr\u00fcfung kann sich noch \u00c4nderungsbedarf ergeben. Planen Sie ausreichend Zeit f\u00fcr die Abstimmung mit dem ArL ein.<\/li>\n<\/ul>\n<p>[\/vc_column_text][vc_column_text]<\/p>\n<h2>Projektumsetzung und Abrechnung<\/h2>\n<ul>\n<li>Sie k\u00f6nnen sich nach dem Erhalt der Bewilligung durch das ArL an die Umsetzung machen.<\/li>\n<li>Nach der Umsetzung reichen Sie die entsprechenden Verwendungsnachweise bei der Bewilligungsbeh\u00f6rde ein, die nach Pr\u00fcfung der Unterlagen die Auszahlung der F\u00f6rdermittel anweist.<\/li>\n<\/ul>\n<p>[\/vc_column_text][vc_column_text]In folgender \u00dcbersicht ist der beschriebene Weg von der Idee zum Projekt noch einmal graphisch dargestellt:<\/p>\n<p><img loading=\"lazy\" decoding=\"async\" class=\"alignnone wp-image-2070 size-full\" src=\"https:\/\/www.region-peiner-land.de\/wp-content\/uploads\/Projektidee20zur20Umsetzung.jpg\" alt=\"\" width=\"775\" height=\"594\" srcset=\"https:\/\/www.region-peiner-land.de\/wp-content\/uploads\/Projektidee20zur20Umsetzung.jpg 775w, https:\/\/www.region-peiner-land.de\/wp-content\/uploads\/Projektidee20zur20Umsetzung-300x230.jpg 300w, https:\/\/www.region-peiner-land.de\/wp-content\/uploads\/Projektidee20zur20Umsetzung-768x589.jpg 768w\" sizes=\"auto, (max-width: 775px) 100vw, 775px\" \/>[\/vc_column_text][\/vc_column][\/vc_row]<\/p>\n<\/section>","protected":false},"excerpt":{"rendered":"<p>[vc_row full_width=&#8221;stretch_row_content_no_spaces&#8221;][vc_column][vc_column_text][\/vc_column_text][\/vc_column][\/vc_row][vc_row][vc_column width=&#8221;1\/4&#8243;][vc_column_text] Leader Was ist LEADER? REK Peiner Land Lokale Aktionsgruppe (LAG) Von der Projektidee zur Umsetzung Weitere Gremien [\/vc_column_text][\/vc_column][vc_column width=&#8221;3\/4&#8243;][vc_raw_js]JTNDZGl2JTIwY2xhc3MlM0QlMjJjb250YWN0LWhlYWRlci1pbmxpbmUtYXJvdW5kJTIyJTNFJTBBJTNDZGl2JTIwY2xhc3MlM0QlMjJjb250YWN0LWhlYWRlci1pbmxpbmUtNSUyMiUzRSUzQ2ElMjBocmVmJTNEJTIyamF2YXNjcmlwdCUzQXdpbmRvdy5wcmludCUyOCUyOSUyMiUzRSUzQ2ltZyUyMHNyYyUzRCUyMmh0dHBzJTNBJTJGJTJGcmVnaW9uLXBlaW5lci1sYW5kLmRlJTJGd3AtY29udGVudCUyRnVwbG9hZHMlMkZwcmludC1idXR0b24tYmx1ZS1lMTUxOTgyMTA3MDg5MS5wbmclMjIlMjBhbHQlM0QlMjJTZWl0ZSUyMGRydWNrZW4lMjIlMjBpZCUzRCUyMnByaW50LWJ1dHRvbiUyMiUyMCUyRiUzRSUzQyUyRmElM0UlM0MlMkZkaXYlM0UlMEElM0MlMkZkaXYlM0U=[\/vc_raw_js][vc_column_text css=&#8221;.vc_custom_1523952307696{margin-top: 10px !important;}&#8221;] Von der Projektidee zur Umsetzung Kontaktaufnahme Vereinbaren Sie ein Beratungsgespr\u00e4ch mit dem Regionalmanagement. Das Regionalmanagement gibt eine erste Einsch\u00e4tzung zur F\u00f6rderf\u00e4higkeit im Rahmen von LEADER und pr\u00fcft gegebenenfalls alternative F\u00f6rderm\u00f6glichkeiten. [&hellip;]<\/p>\n","protected":false},"author":4,"featured_media":0,"parent":0,"menu_order":0,"comment_status":"closed","ping_status":"closed","template":"","meta":{"iawp_total_views":44,"footnotes":""},"class_list":["post-171","page","type-page","status-publish","hentry"],"_links":{"self":[{"href":"https:\/\/www.region-peiner-land.de\/index.php\/wp-json\/wp\/v2\/pages\/171","targetHints":{"allow":["GET"]}}],"collection":[{"href":"https:\/\/www.region-peiner-land.de\/index.php\/wp-json\/wp\/v2\/pages"}],"about":[{"href":"https:\/\/www.region-peiner-land.de\/index.php\/wp-json\/wp\/v2\/types\/page"}],"author":[{"embeddable":true,"href":"https:\/\/www.region-peiner-land.de\/index.php\/wp-json\/wp\/v2\/users\/4"}],"replies":[{"embeddable":true,"href":"https:\/\/www.region-peiner-land.de\/index.php\/wp-json\/wp\/v2\/comments?post=171"}],"version-history":[{"count":28,"href":"https:\/\/www.region-peiner-land.de\/index.php\/wp-json\/wp\/v2\/pages\/171\/revisions"}],"predecessor-version":[{"id":2442,"href":"https:\/\/www.region-peiner-land.de\/index.php\/wp-json\/wp\/v2\/pages\/171\/revisions\/2442"}],"wp:attachment":[{"href":"https:\/\/www.region-peiner-land.de\/index.php\/wp-json\/wp\/v2\/media?parent=171"}],"curies":[{"name":"wp","href":"https:\/\/api.w.org\/{rel}","templated":true}]}}