{"id":1735,"date":"2018-02-07T15:18:22","date_gmt":"2018-02-07T14:18:22","guid":{"rendered":"https:\/\/www.region-peiner-land.de\/?page_id=1735"},"modified":"2018-07-04T09:40:31","modified_gmt":"2018-07-04T07:40:31","slug":"entwicklungsstrategie","status":"publish","type":"page","link":"https:\/\/www.region-peiner-land.de\/index.php\/entwicklungsstrategie\/","title":{"rendered":"Entwicklungsstrategie"},"content":{"rendered":"<section class=\"wpb-content-wrapper\"><p>[vc_row full_width=&#8221;stretch_row_content_no_spaces&#8221;][vc_column][vc_column_text]<div id=\"metaslider-id-277\" style=\"width: 100%;\" class=\"ml-slider-3-108-0 metaslider metaslider-flex metaslider-277 ml-slider ms-theme-default nav-hidden\" role=\"region\" aria-label=\"Themen\" data-height=\"400\" data-width=\"2200\">\n    <div id=\"metaslider_container_277\">\n        <div id=\"metaslider_277\">\n            <ul class='slides'>\n                <li style=\"display: block; width: 100%;\" class=\"slide-1961 ms-image \" aria-roledescription=\"slide\" data-date=\"2018-02-28 11:13:00\" data-filename=\"171114_8.-LAG-Sitzung_IMG_IMG_9899_bearbeitet.jpg\" data-slide-type=\"image\"><img loading=\"lazy\" decoding=\"async\" src=\"https:\/\/www.region-peiner-land.de\/wp-content\/uploads\/171114_8.-LAG-Sitzung_IMG_IMG_9899_bearbeitet.jpg\" height=\"400\" width=\"2200\" alt=\"\" class=\"slider-277 slide-1961 msDefaultImage\" \/><\/li>\n            <\/ul>\n        <\/div>\n        \n    <\/div>\n<\/div>[\/vc_column_text][\/vc_column][\/vc_row][vc_row][vc_column width=&#8221;1\/4&#8243;][vc_column_text]<\/p>\n<div class=\"content-out\">\n<div class=\"content-list\"><a style=\"text-decoration: none;\" href=\"\/index.php\/themen\/\">Themen<\/a><\/div>\n<div class=\"content-border\"><\/div>\n<div class=\"content-list active-menu-left\"><a style=\"text-decoration: none;\" href=\"\/index.php\/entwicklungsstrategie\/\">Entwicklungsstrategie<\/a><\/div>\n<div class=\"content-border\"><\/div>\n<div class=\"content-list\"><a style=\"text-decoration: none;\" href=\"\/index.php\/leitbild\/\">Leitbild 2030<\/a><\/div>\n<div class=\"content-border\"><\/div>\n<div class=\"content-list\"><a style=\"text-decoration: none;\" href=\"\/index.php\/handlungsfelder\/\">Handlungsfelder<\/a><\/div>\n<div class=\"content-border\"><\/div>\n<div class=\"content-list\"><a href=\"\/index.php\/energiewende\/\">Energiewende<\/a><\/div>\n<\/div>\n<p>[\/vc_column_text][\/vc_column][vc_column width=&#8221;3\/4&#8243;][vc_raw_js]JTNDZGl2JTIwY2xhc3MlM0QlMjJjb250YWN0LWhlYWRlci1pbmxpbmUtYXJvdW5kJTIyJTNFJTBBJTNDZGl2JTIwY2xhc3MlM0QlMjJjb250YWN0LWhlYWRlci1pbmxpbmUtNSUyMiUzRSUzQ2ElMjBocmVmJTNEJTIyamF2YXNjcmlwdCUzQXdpbmRvdy5wcmludCUyOCUyOSUyMiUzRSUzQ2ltZyUyMHNyYyUzRCUyMmh0dHBzJTNBJTJGJTJGcmVnaW9uLXBlaW5lci1sYW5kLmRlJTJGd3AtY29udGVudCUyRnVwbG9hZHMlMkZwcmludC1idXR0b24tYmx1ZS1lMTUxOTgyMTA3MDg5MS5wbmclMjIlMjBhbHQlM0QlMjJTZWl0ZSUyMGRydWNrZW4lMjIlMjBpZCUzRCUyMnByaW50LWJ1dHRvbiUyMiUyMCUyRiUzRSUzQyUyRmElM0UlM0MlMkZkaXYlM0UlMEElM0MlMkZkaXYlM0U=[\/vc_raw_js][vc_column_text css=&#8221;.vc_custom_1523952581594{margin-top: 10px !important;}&#8221;]<\/p>\n<h1>Entwicklungsstrategie<\/h1>\n<p>Aufbauend auf der Analyse des Peiner Landes, in denen St\u00e4rken, Schw\u00e4chen, Chancen und Risiken der Region thematisiert wurden, entstand die Entwicklungsstrategie. Neben dem Leitmotto \u201eGemeinsam f\u00fcr das Peiner Land \u2013 kreativ, engagiert und gut vernetzt\u201c wurde ein Leitbild erstellt, dass eine bildhafte Beschreibung des gew\u00fcnschten Zustands der Region Peiner Land in den ausgew\u00e4hlten Themenbereichen f\u00fcr das Jahr 2030 beschreibt. Daraus sind Entwicklungsziele und Handlungsfelder abgeleitet. Die Handlungsfeldziele sind st\u00e4rker umsetzungsorientiert als die Entwicklungsziele und erleichtern die Ableitung von F\u00f6rdertatbest\u00e4nden und Projekten. In jedem Handlungsfeld verdeutlichen Leitprojekte als priorit\u00e4re Projekte exemplarisch die Zielsetzungen. Die F\u00f6rdertatbest\u00e4nde sind ma\u00dfgeblich, ob eine Idee theoretisch f\u00f6rderf\u00e4hig ist.[\/vc_column_text][vc_column_text]<\/p>\n<h2>Aufbau der Entwicklungsstrategie Peiner Land<\/h2>\n<p><img loading=\"lazy\" decoding=\"async\" class=\"alignnone wp-image-2087 size-full\" src=\"https:\/\/www.region-peiner-land.de\/wp-content\/uploads\/Aufbau20Entwicklungsstrategie20150105.jpg\" alt=\"\" width=\"3264\" height=\"2104\" srcset=\"https:\/\/www.region-peiner-land.de\/wp-content\/uploads\/Aufbau20Entwicklungsstrategie20150105.jpg 3264w, https:\/\/www.region-peiner-land.de\/wp-content\/uploads\/Aufbau20Entwicklungsstrategie20150105-300x193.jpg 300w, https:\/\/www.region-peiner-land.de\/wp-content\/uploads\/Aufbau20Entwicklungsstrategie20150105-768x495.jpg 768w, https:\/\/www.region-peiner-land.de\/wp-content\/uploads\/Aufbau20Entwicklungsstrategie20150105-1024x660.jpg 1024w\" sizes=\"auto, (max-width: 3264px) 100vw, 3264px\" \/>[\/vc_column_text][\/vc_column][\/vc_row]<\/p>\n<\/section>","protected":false},"excerpt":{"rendered":"<p>[vc_row full_width=&#8221;stretch_row_content_no_spaces&#8221;][vc_column][vc_column_text][\/vc_column_text][\/vc_column][\/vc_row][vc_row][vc_column width=&#8221;1\/4&#8243;][vc_column_text] Themen Entwicklungsstrategie Leitbild 2030 Handlungsfelder Energiewende [\/vc_column_text][\/vc_column][vc_column width=&#8221;3\/4&#8243;][vc_raw_js]JTNDZGl2JTIwY2xhc3MlM0QlMjJjb250YWN0LWhlYWRlci1pbmxpbmUtYXJvdW5kJTIyJTNFJTBBJTNDZGl2JTIwY2xhc3MlM0QlMjJjb250YWN0LWhlYWRlci1pbmxpbmUtNSUyMiUzRSUzQ2ElMjBocmVmJTNEJTIyamF2YXNjcmlwdCUzQXdpbmRvdy5wcmludCUyOCUyOSUyMiUzRSUzQ2ltZyUyMHNyYyUzRCUyMmh0dHBzJTNBJTJGJTJGcmVnaW9uLXBlaW5lci1sYW5kLmRlJTJGd3AtY29udGVudCUyRnVwbG9hZHMlMkZwcmludC1idXR0b24tYmx1ZS1lMTUxOTgyMTA3MDg5MS5wbmclMjIlMjBhbHQlM0QlMjJTZWl0ZSUyMGRydWNrZW4lMjIlMjBpZCUzRCUyMnByaW50LWJ1dHRvbiUyMiUyMCUyRiUzRSUzQyUyRmElM0UlM0MlMkZkaXYlM0UlMEElM0MlMkZkaXYlM0U=[\/vc_raw_js][vc_column_text css=&#8221;.vc_custom_1523952581594{margin-top: 10px !important;}&#8221;] Entwicklungsstrategie Aufbauend auf der Analyse des Peiner Landes, in denen St\u00e4rken, Schw\u00e4chen, Chancen und Risiken der Region thematisiert wurden, entstand die Entwicklungsstrategie. Neben dem Leitmotto \u201eGemeinsam f\u00fcr das Peiner Land \u2013 kreativ, engagiert und gut vernetzt\u201c wurde ein Leitbild erstellt, dass [&hellip;]<\/p>\n","protected":false},"author":1,"featured_media":0,"parent":0,"menu_order":0,"comment_status":"closed","ping_status":"closed","template":"","meta":{"iawp_total_views":30,"footnotes":""},"class_list":["post-1735","page","type-page","status-publish","hentry"],"_links":{"self":[{"href":"https:\/\/www.region-peiner-land.de\/index.php\/wp-json\/wp\/v2\/pages\/1735","targetHints":{"allow":["GET"]}}],"collection":[{"href":"https:\/\/www.region-peiner-land.de\/index.php\/wp-json\/wp\/v2\/pages"}],"about":[{"href":"https:\/\/www.region-peiner-land.de\/index.php\/wp-json\/wp\/v2\/types\/page"}],"author":[{"embeddable":true,"href":"https:\/\/www.region-peiner-land.de\/index.php\/wp-json\/wp\/v2\/users\/1"}],"replies":[{"embeddable":true,"href":"https:\/\/www.region-peiner-land.de\/index.php\/wp-json\/wp\/v2\/comments?post=1735"}],"version-history":[{"count":16,"href":"https:\/\/www.region-peiner-land.de\/index.php\/wp-json\/wp\/v2\/pages\/1735\/revisions"}],"predecessor-version":[{"id":2430,"href":"https:\/\/www.region-peiner-land.de\/index.php\/wp-json\/wp\/v2\/pages\/1735\/revisions\/2430"}],"wp:attachment":[{"href":"https:\/\/www.region-peiner-land.de\/index.php\/wp-json\/wp\/v2\/media?parent=1735"}],"curies":[{"name":"wp","href":"https:\/\/api.w.org\/{rel}","templated":true}]}}