{"id":1737,"date":"2018-02-07T15:18:34","date_gmt":"2018-02-07T14:18:34","guid":{"rendered":"https:\/\/www.region-peiner-land.de\/?page_id=1737"},"modified":"2018-07-04T09:41:51","modified_gmt":"2018-07-04T07:41:51","slug":"leitbild","status":"publish","type":"page","link":"https:\/\/www.region-peiner-land.de\/index.php\/leitbild\/","title":{"rendered":"Leitbild 2030"},"content":{"rendered":"<section class=\"wpb-content-wrapper\"><p>[vc_row full_width=&#8221;stretch_row_content_no_spaces&#8221;][vc_column][vc_column_text]<div id=\"metaslider-id-216\" style=\"width: 100%;\" class=\"ml-slider-3-108-0 metaslider metaslider-flex metaslider-216 ml-slider ms-theme-default nav-hidden\" role=\"region\" aria-label=\"1.6\tFortbildung\" data-height=\"400\" data-width=\"2200\">\n    <div id=\"metaslider_container_216\">\n        <div id=\"metaslider_216\">\n            <ul class='slides'>\n                <li style=\"display: block; width: 100%;\" class=\"slide-1960 ms-image \" aria-roledescription=\"slide\" data-date=\"2018-02-28 11:09:15\" data-filename=\"141125_LAG-Strukturen-und-Inhalte_IMG_7652-1.jpg\" data-slide-type=\"image\"><img loading=\"lazy\" decoding=\"async\" src=\"https:\/\/www.region-peiner-land.de\/wp-content\/uploads\/141125_LAG-Strukturen-und-Inhalte_IMG_7652-1.jpg\" height=\"400\" width=\"2200\" alt=\"\" class=\"slider-216 slide-1960 msDefaultImage\" \/><\/li>\n            <\/ul>\n        <\/div>\n        \n    <\/div>\n<\/div>[\/vc_column_text][\/vc_column][\/vc_row][vc_row][vc_column width=&#8221;1\/4&#8243;][vc_column_text]<\/p>\n<div class=\"content-out\">\n<div class=\"content-list\"><a style=\"text-decoration: none;\" href=\"\/index.php\/themen\/\">Themen<\/a><\/div>\n<div class=\"content-border\"><\/div>\n<div class=\"content-list\"><a style=\"text-decoration: none;\" href=\"\/index.php\/entwicklungsstrategie\/\">Entwicklungsstrategie<\/a><\/div>\n<div class=\"content-border\"><\/div>\n<div class=\"content-list active-menu-left\"><a style=\"text-decoration: none;\" href=\"\/index.php\/leitbild\/\">Leitbild 2030<\/a><\/div>\n<div class=\"content-border\"><\/div>\n<div class=\"content-list\"><a style=\"text-decoration: none;\" href=\"\/index.php\/handlungsfelder\/\">Handlungsfelder<\/a><\/div>\n<div class=\"content-border\"><\/div>\n<div class=\"content-list\"><a href=\"\/index.php\/energiewende\/\">Energiewende<\/a><\/div>\n<\/div>\n<p>[\/vc_column_text][\/vc_column][vc_column width=&#8221;3\/4&#8243;][vc_raw_js]JTNDZGl2JTIwY2xhc3MlM0QlMjJjb250YWN0LWhlYWRlci1pbmxpbmUtYXJvdW5kJTIyJTNFJTBBJTNDZGl2JTIwY2xhc3MlM0QlMjJjb250YWN0LWhlYWRlci1pbmxpbmUtNSUyMiUzRSUzQ2ElMjBocmVmJTNEJTIyamF2YXNjcmlwdCUzQXdpbmRvdy5wcmludCUyOCUyOSUyMiUzRSUzQ2ltZyUyMHNyYyUzRCUyMmh0dHBzJTNBJTJGJTJGcmVnaW9uLXBlaW5lci1sYW5kLmRlJTJGd3AtY29udGVudCUyRnVwbG9hZHMlMkZwcmludC1idXR0b24tYmx1ZS1lMTUxOTgyMTA3MDg5MS5wbmclMjIlMjBhbHQlM0QlMjJTZWl0ZSUyMGRydWNrZW4lMjIlMjBpZCUzRCUyMnByaW50LWJ1dHRvbiUyMiUyMCUyRiUzRSUzQyUyRmElM0UlM0MlMkZkaXYlM0UlMEElM0MlMkZkaXYlM0U=[\/vc_raw_js][vc_column_text css=&#8221;.vc_custom_1523952491970{margin-top: 10px !important;}&#8221;]<\/p>\n<h1>Leitbild 2030<\/h1>\n<p>[\/vc_column_text][vc_column_text css=&#8221;.vc_custom_1523956743079{margin-bottom: 5px !important;padding-top: 20px !important;padding-right: 20px !important;padding-bottom: 20px !important;padding-left: 20px !important;background-color: #f7f4eb !important;}&#8221;]\u201eDas Peiner Land geht die Herausforderungen des demografischen Wandels an. Die Bewohnerinnen und Bewohner unterst\u00fctzen sich gegenseitig und verstehen sich als eine Gemeinschaft. Sie integrieren alle Menschen unabh\u00e4ngig von Geschlecht, Alter, Herkunft, Behinderung und Bildung.<\/p>\n<p>Die Menschen wohnen gerne im Peiner Land und f\u00fchlen sich gut aufgehoben. Das Peiner Land bietet allen Menschen eine aktive Teilhabe in lebendigen, attraktiven und barrierefreien Orten. Eine enge Zusammenarbeit und der regionale Erfahrungsaustausch bef\u00f6rdern innovative und kreative Ideen, um Versorgung und Mobilit\u00e4t zu sichern.<\/p>\n<p>Die Geschichte jeder Ortschaft ist durch gut erhaltene historische Geb\u00e4ude lebendig. Leerstehende H\u00f6fe, Geb\u00e4ude und Gesch\u00e4fte bleiben nur kurzzeitig ungenutzt.[\/vc_column_text][vc_column_text css=&#8221;.vc_custom_1523956806625{margin-top: 10px !important;margin-bottom: 10px !important;padding-top: 20px !important;padding-right: 20px !important;padding-bottom: 20px !important;padding-left: 20px !important;background-color: #dee4eb !important;}&#8221;]Das Peiner Land ist attraktiv f\u00fcr Einheimische und G\u00e4ste und l\u00e4dt zum Entdecken ein. Kunst und Kultur sind eine Besonderheit, die keinen Vergleich mit anderen l\u00e4ndlichen Regionen scheut und Besucher aus den Oberzentren anzieht. Zusammen mit den Sehensw\u00fcrdigkeiten sowie Erholungs- und Erlebnisangeboten zu Industriekultur, Arch\u00e4ologie oder der Geschichte der Region ist ein rundes, umfassendes und authentisches Angebot entstanden. Tourismus, Naherholung und Kultur sind vielf\u00e4ltig erlebbar und haben als Standortfaktor an Bedeutung gewonnen.[\/vc_column_text][vc_column_text css=&#8221;.vc_custom_1523956783200{margin-top: 10px !important;margin-bottom: 10px !important;padding-top: 20px !important;padding-right: 20px !important;padding-bottom: 20px !important;padding-left: 20px !important;background-color: #f3f1e7 !important;}&#8221;]Die Landwirtschaft ist ein wichtiger Wirtschaftszweig im Peiner Land und pr\u00e4gt nach wie vor Landschaft und D\u00f6rfer. Einzelne Betriebe und Unternehmen vermarkten erfolgreich regional ihre Produkte. Produktionsmethoden von Land- und Forstwirtschaft sind transparent, Nutzungskonflikte mit Naturschutz und Erholungssuchenden werden einvernehmlich und transparent beigelegt. Kleine und mittelst\u00e4ndische Unternehmen kooperieren intensiv untereinander, wodurch ein gro\u00dfer Teil der Wertsch\u00f6pfung in der Region verbleibt.<\/p>\n<p>Die intensive Zusammenarbeit mit Bildungseinrichtungen sorgt f\u00fcr ausreichend qualifizierte Auszubildende. S\u00e4mtliche Unternehmen verf\u00fcgen \u00fcber eine zeitgem\u00e4\u00dfe, schnelle Breitbandanbindung und sind f\u00fcr Familienfreundlichkeit, Energieeffizienz und Ressourcenschutz sensibilisiert.[\/vc_column_text][vc_column_text css=&#8221;.vc_custom_1519846704385{padding-top: 20px !important;padding-right: 20px !important;padding-bottom: 20px !important;padding-left: 20px !important;background-color: #ced4db !important;}&#8221;]Das Peiner Land geht schonend mit seinen Ressourcen und Fl\u00e4chen um. Wirtschaft, Bev\u00f6lkerung und Kommunen sind f\u00fcr Klimaschutz und Naturschutz sensibilisiert und nutzen die Naturerlebnis- und Umweltbildungsangebote der Region. Die Folgen des Klimawandels sind vor Ort bestm\u00f6glich beherrscht, wertvolle Biotope sind erhalten. Sie bieten seltenen Tier- und Pflanzenarten Schutz und Entwicklungsm\u00f6glichkeiten und bereichern das Landschaftsbild.\u201c[\/vc_column_text][\/vc_column][\/vc_row]<\/p>\n<\/section>","protected":false},"excerpt":{"rendered":"<p>[vc_row full_width=&#8221;stretch_row_content_no_spaces&#8221;][vc_column][vc_column_text][\/vc_column_text][\/vc_column][\/vc_row][vc_row][vc_column width=&#8221;1\/4&#8243;][vc_column_text] Themen Entwicklungsstrategie Leitbild 2030 Handlungsfelder Energiewende [\/vc_column_text][\/vc_column][vc_column width=&#8221;3\/4&#8243;][vc_raw_js]JTNDZGl2JTIwY2xhc3MlM0QlMjJjb250YWN0LWhlYWRlci1pbmxpbmUtYXJvdW5kJTIyJTNFJTBBJTNDZGl2JTIwY2xhc3MlM0QlMjJjb250YWN0LWhlYWRlci1pbmxpbmUtNSUyMiUzRSUzQ2ElMjBocmVmJTNEJTIyamF2YXNjcmlwdCUzQXdpbmRvdy5wcmludCUyOCUyOSUyMiUzRSUzQ2ltZyUyMHNyYyUzRCUyMmh0dHBzJTNBJTJGJTJGcmVnaW9uLXBlaW5lci1sYW5kLmRlJTJGd3AtY29udGVudCUyRnVwbG9hZHMlMkZwcmludC1idXR0b24tYmx1ZS1lMTUxOTgyMTA3MDg5MS5wbmclMjIlMjBhbHQlM0QlMjJTZWl0ZSUyMGRydWNrZW4lMjIlMjBpZCUzRCUyMnByaW50LWJ1dHRvbiUyMiUyMCUyRiUzRSUzQyUyRmElM0UlM0MlMkZkaXYlM0UlMEElM0MlMkZkaXYlM0U=[\/vc_raw_js][vc_column_text css=&#8221;.vc_custom_1523952491970{margin-top: 10px !important;}&#8221;] Leitbild 2030 [\/vc_column_text][vc_column_text css=&#8221;.vc_custom_1523956743079{margin-bottom: 5px !important;padding-top: 20px !important;padding-right: 20px !important;padding-bottom: 20px !important;padding-left: 20px !important;background-color: #f7f4eb !important;}&#8221;]\u201eDas Peiner Land geht die Herausforderungen des demografischen Wandels an. Die Bewohnerinnen und Bewohner unterst\u00fctzen sich gegenseitig und verstehen sich als eine Gemeinschaft. Sie integrieren alle [&hellip;]<\/p>\n","protected":false},"author":1,"featured_media":0,"parent":0,"menu_order":0,"comment_status":"closed","ping_status":"closed","template":"","meta":{"iawp_total_views":24,"footnotes":""},"class_list":["post-1737","page","type-page","status-publish","hentry"],"_links":{"self":[{"href":"https:\/\/www.region-peiner-land.de\/index.php\/wp-json\/wp\/v2\/pages\/1737","targetHints":{"allow":["GET"]}}],"collection":[{"href":"https:\/\/www.region-peiner-land.de\/index.php\/wp-json\/wp\/v2\/pages"}],"about":[{"href":"https:\/\/www.region-peiner-land.de\/index.php\/wp-json\/wp\/v2\/types\/page"}],"author":[{"embeddable":true,"href":"https:\/\/www.region-peiner-land.de\/index.php\/wp-json\/wp\/v2\/users\/1"}],"replies":[{"embeddable":true,"href":"https:\/\/www.region-peiner-land.de\/index.php\/wp-json\/wp\/v2\/comments?post=1737"}],"version-history":[{"count":23,"href":"https:\/\/www.region-peiner-land.de\/index.php\/wp-json\/wp\/v2\/pages\/1737\/revisions"}],"predecessor-version":[{"id":2436,"href":"https:\/\/www.region-peiner-land.de\/index.php\/wp-json\/wp\/v2\/pages\/1737\/revisions\/2436"}],"wp:attachment":[{"href":"https:\/\/www.region-peiner-land.de\/index.php\/wp-json\/wp\/v2\/media?parent=1737"}],"curies":[{"name":"wp","href":"https:\/\/api.w.org\/{rel}","templated":true}]}}