{"id":1745,"date":"2018-02-07T15:22:04","date_gmt":"2018-02-07T14:22:04","guid":{"rendered":"https:\/\/www.region-peiner-land.de\/?page_id=1745"},"modified":"2018-07-04T09:40:58","modified_gmt":"2018-07-04T07:40:58","slug":"handlungsfelder","status":"publish","type":"page","link":"https:\/\/www.region-peiner-land.de\/index.php\/handlungsfelder\/","title":{"rendered":"Handlungsfelder"},"content":{"rendered":"<section class=\"wpb-content-wrapper\"><p>[vc_row full_width=&#8221;stretch_row_content_no_spaces&#8221;][vc_column][vc_column_text]<div id=\"metaslider-id-1963\" style=\"width: 100%;\" class=\"ml-slider-3-108-0 metaslider metaslider-flex metaslider-1963 ml-slider ms-theme-default nav-hidden\" role=\"region\" aria-label=\"Handlungsfelder\" data-height=\"400\" data-width=\"2200\">\n    <div id=\"metaslider_container_1963\">\n        <div id=\"metaslider_1963\">\n            <ul class='slides'>\n                <li style=\"display: block; width: 100%;\" class=\"slide-1970 ms-image \" aria-roledescription=\"slide\" data-date=\"2018-02-28 11:35:03\" data-filename=\"Hof-Peyers-Deele-Dungelbeck-2.jpg\" data-slide-type=\"image\"><img loading=\"lazy\" decoding=\"async\" src=\"https:\/\/www.region-peiner-land.de\/wp-content\/uploads\/Hof-Peyers-Deele-Dungelbeck-2.jpg\" height=\"400\" width=\"2200\" alt=\"\" class=\"slider-1963 slide-1970 msDefaultImage\" \/><\/li>\n                <li style=\"display: none; width: 100%;\" class=\"slide-1968 ms-image \" aria-roledescription=\"slide\" data-date=\"2018-02-28 11:35:03\" data-filename=\"Altes-Schild-bei-Wipshausen.jpg\" data-slide-type=\"image\"><img loading=\"lazy\" decoding=\"async\" src=\"https:\/\/www.region-peiner-land.de\/wp-content\/uploads\/Altes-Schild-bei-Wipshausen.jpg\" height=\"400\" width=\"2200\" alt=\"\" class=\"slider-1963 slide-1968 msDefaultImage\" \/><\/li>\n                <li style=\"display: none; width: 100%;\" class=\"slide-1972 ms-image \" aria-roledescription=\"slide\" data-date=\"2018-02-28 11:35:03\" data-filename=\"Seilbahnberg-Ausblick-Lengede-8.jpg\" data-slide-type=\"image\"><img loading=\"lazy\" decoding=\"async\" src=\"https:\/\/www.region-peiner-land.de\/wp-content\/uploads\/Seilbahnberg-Ausblick-Lengede-8.jpg\" height=\"400\" width=\"2200\" alt=\"\" class=\"slider-1963 slide-1972 msDefaultImage\" \/><\/li>\n                <li style=\"display: none; width: 100%;\" class=\"slide-1971 ms-image \" aria-roledescription=\"slide\" data-date=\"2018-02-28 11:35:03\" data-filename=\"NSG-Ilsede-Gro\u00df-B\u00fclten-16.jpg\" data-slide-type=\"image\"><img loading=\"lazy\" decoding=\"async\" src=\"https:\/\/www.region-peiner-land.de\/wp-content\/uploads\/NSG-Ilsede-Gro\u00df-B\u00fclten-16.jpg\" height=\"400\" width=\"2200\" alt=\"\" class=\"slider-1963 slide-1971 msDefaultImage\" \/><\/li>\n                <li style=\"display: none; width: 100%;\" class=\"slide-1969 ms-image \" aria-roledescription=\"slide\" data-date=\"2018-02-28 11:35:03\" data-filename=\"Heimatstube-Gadenstedt-2.jpg\" data-slide-type=\"image\"><img loading=\"lazy\" decoding=\"async\" src=\"https:\/\/www.region-peiner-land.de\/wp-content\/uploads\/Heimatstube-Gadenstedt-2.jpg\" height=\"400\" width=\"2200\" alt=\"\" class=\"slider-1963 slide-1969 msDefaultImage\" \/><\/li>\n            <\/ul>\n        <\/div>\n        \n    <\/div>\n<\/div>[\/vc_column_text][\/vc_column][\/vc_row][vc_row][vc_column width=&#8221;1\/4&#8243;][vc_column_text]<\/p>\n<div class=\"content-out\">\n<div class=\"content-list\"><a style=\"text-decoration: none;\" href=\"\/index.php\/themen\/\">Themen<\/a><\/div>\n<div class=\"content-border\"><\/div>\n<div class=\"content-list\"><a style=\"text-decoration: none;\" href=\"\/index.php\/entwicklungsstrategie\/\">Entwicklungsstrategie<\/a><\/div>\n<div class=\"content-border\"><\/div>\n<div class=\"content-list\"><a style=\"text-decoration: none;\" href=\"\/index.php\/leitbild\/\">Leitbild 2030<\/a><\/div>\n<div class=\"content-border\"><\/div>\n<div class=\"content-list active-menu-left\"><a style=\"text-decoration: none;\" href=\"\/index.php\/handlungsfelder\/\">Handlungsfelder<\/a><\/div>\n<div class=\"content-border\"><\/div>\n<div class=\"content-list\"><a style=\"text-decoration: none;\" href=\"\/index.php\/energiewende\/\">Energiewende<\/a><\/div>\n<\/div>\n<p>[\/vc_column_text][\/vc_column][vc_column width=&#8221;3\/4&#8243;][vc_raw_js]JTNDZGl2JTIwY2xhc3MlM0QlMjJjb250YWN0LWhlYWRlci1pbmxpbmUtYXJvdW5kJTIyJTNFJTBBJTNDZGl2JTIwY2xhc3MlM0QlMjJjb250YWN0LWhlYWRlci1pbmxpbmUtNSUyMiUzRSUzQ2ElMjBocmVmJTNEJTIyamF2YXNjcmlwdCUzQXdpbmRvdy5wcmludCUyOCUyOSUyMiUzRSUzQ2ltZyUyMHNyYyUzRCUyMmh0dHBzJTNBJTJGJTJGcmVnaW9uLXBlaW5lci1sYW5kLmRlJTJGd3AtY29udGVudCUyRnVwbG9hZHMlMkZwcmludC1idXR0b24tYmx1ZS1lMTUxOTgyMTA3MDg5MS5wbmclMjIlMjBhbHQlM0QlMjJTZWl0ZSUyMGRydWNrZW4lMjIlMjBpZCUzRCUyMnByaW50LWJ1dHRvbiUyMiUyMCUyRiUzRSUzQyUyRmElM0UlM0MlMkZkaXYlM0UlMEElM0MlMkZkaXYlM0U=[\/vc_raw_js][vc_column_text css=&#8221;.vc_custom_1523952562175{margin-top: 10px !important;}&#8221;]<\/p>\n<h1>Handlungsfelder<\/h1>\n<p>Die Handlungsfelder des Peiner Lands enthalten folgende Ziele:[\/vc_column_text][vc_tta_accordion color=&#8221;orange&#8221; active_section=&#8221;8&#8243; collapsible_all=&#8221;true&#8221;][vc_tta_section title=&#8221;Grundversorgung und Soziales&#8221; tab_id=&#8221;1518689815122-219419a0-68d6&#8243;][vc_column_text]<\/p>\n<h2>Das Peiner Land will<\/h2>\n<ul>\n<li>die Identifikation der Bev\u00f6lkerung mit ihren D\u00f6rfern und der Region st\u00e4rken, Erfahrungsaus-tausch und Vernetzung sicherstellen und das Ehrenamt st\u00e4rken.<\/li>\n<li>innovative und nachhaltige Versorgungsangebote sowohl im sozialen wie auch im Nahversorgungsbereich bzw. die Mobilit\u00e4t der Menschen f\u00f6rdern und attraktive Einrichtungen zur Belebung des Dorflebens erhalten und schaffen.<\/li>\n<li>historisch wertvolle Bausubstanz in den D\u00f6rfern erhalten und daf\u00fcr tragf\u00e4hige L\u00f6sungen entwickeln und strebt die Belebung von Baul\u00fccken und Leerst\u00e4nden m\u00f6glichst zeitnah an.<\/li>\n<\/ul>\n<h2>Folgende konkrete Ziele ergeben sich daraus:<\/h2>\n<ul>\n<li>Wir wollen unsere Grundversorgung sichern!<\/li>\n<li>Wir wollen ehrenamtliche Aktivit\u00e4ten st\u00e4rken!<\/li>\n<li>Wir wollen generationen\u00fcbergreifende und integrierende Angebote aufbauen!<\/li>\n<\/ul>\n<p>[\/vc_column_text][\/vc_tta_section][vc_tta_section title=&#8221;Aktiv-Tourismus und Kultur-Erleben&#8221; tab_id=&#8221;1518689815172-8c2ce63a-239b&#8221;][vc_column_text]<\/p>\n<h2>Das Peiner Land will<\/h2>\n<ul>\n<li>seine Potenziale in Tourismus, Naherholung und Kultur zur Verbesserung der Lebensqualit\u00e4t nutzen und st\u00e4rken, miteinander vernetzen und weitere innovative Entwicklungen initiieren und damit die Attraktivit\u00e4t der Region erh\u00f6hen.<\/li>\n<\/ul>\n<h2>Folgende konkrete Ziele ergeben sich daraus:<\/h2>\n<ul>\n<li>Wir wollen attraktive Angebote schaffen, die auf den regionalen Besonderheiten aufbauen!<\/li>\n<li>Wir wollen die Infrastruktur f\u00fcr Kultur und Naherholung verbessern!<\/li>\n<li>Wir wollen die touristischen und kulturellen Angebote besser vernetzen und vermarkten!<\/li>\n<\/ul>\n<p>[\/vc_column_text][\/vc_tta_section][vc_tta_section title=&#8221;Regionale Wirtschaft&#8221; tab_id=&#8221;1518690210083-5050bef4-9cde&#8221;][vc_column_text]<\/p>\n<h2>Das Peiner Land will<\/h2>\n<ul>\n<li>die regionale Wertsch\u00f6pfung durch intensivere Direktvermarktung, Marketing und innovative Kooperationen steigern.<\/li>\n<li>durch intensive Vernetzung und Kooperationen Innovationen ansto\u00dfen, Win-Win-Situationen schaffen sowie Nutzungskonflikte vorbeugen bzw. einvernehmlich beilegen.<\/li>\n<li>die guten Standortvoraussetzungen f\u00fcr Unternehmen sichern und ausbauen, Gr\u00fcndungsaktivit\u00e4ten unterst\u00fctzen und den Auswirkungen des demografischen Wandels auf die Wirtschaft, insbesondere dem Fachkr\u00e4ftemangel, aktiv entgegentreten.<\/li>\n<\/ul>\n<p>&nbsp;<\/p>\n<h2>Folgende konkrete Ziele ergeben sich daraus:<\/h2>\n<ul>\n<li>Wir wollen die regionale Wertsch\u00f6pfung erh\u00f6hen, kleine und mittelst\u00e4ndische Unternehmen (KMU) unterst\u00fctzen, Familienfreundlichkeit erh\u00f6hen sowie eine aktive Fachkr\u00e4ftegewinnung und -sicherung betreiben!\n<ul>\n<li>Wir wollen land- und forstwirtschaftliche Betriebe durch Kooperationsans\u00e4tze unterst\u00fctzen und \u00fcber Produktionsweisen informieren!<\/li>\n<\/ul>\n<\/li>\n<\/ul>\n<p>[\/vc_column_text][\/vc_tta_section][vc_tta_section title=&#8221;Natur und Klimaschutz&#8221; tab_id=&#8221;1518690379985-6c2026c8-188c&#8221;][vc_column_text]<\/p>\n<h2>Das Peiner Land will<\/h2>\n<ul>\n<li>das Bewusstsein von Bev\u00f6lkerung und Entscheidungstr\u00e4gern f\u00fcr die Landschaftsqualit\u00e4ten und Naturpotenziale sch\u00e4rfen und einen schonenden Umgang mit Ressourcen, Energie und Fl\u00e4chen erreichen.<\/li>\n<li>die Herausforderungen des Klimawandels annehmen und die Besonderheiten der Natur und Landschaft sch\u00fctzen und entwickeln.<\/li>\n<\/ul>\n<p>&nbsp;<\/p>\n<h2>Folgende konkrete Ziele ergeben sich daraus:<\/h2>\n<ul>\n<li>Wir wollen die Bev\u00f6lkerung f\u00fcr Natur- und Klimaschutz sensibilisieren und f\u00fcr energie- und ressourcenschonendes Handeln aktivieren!<\/li>\n<li>Wir wollen den negativen Folgen des Klimawandels vorbeugen oder diese abschw\u00e4chen und die Biotopvielfalt und -vernetzung f\u00f6rdern!<\/li>\n<li>Wir wollen Naturerlebnis- und Umweltbildungsangebote f\u00f6rdern!<\/li>\n<\/ul>\n<p>[\/vc_column_text][\/vc_tta_section][vc_tta_section title=&#8221;Dorfleben und Dorfentwicklung&#8221; tab_id=&#8221;1518690509192-a9243e7a-27d0&#8243;][vc_column_text]<\/p>\n<h2>Das Peiner Land will<\/h2>\n<ul>\n<li>die Identifikation der Bev\u00f6lkerung mit ihren D\u00f6rfern und der Region st\u00e4rken, Erfahrungsaus-tausch und Vernetzung sicherstellen und das Ehrenamt st\u00e4rken.<\/li>\n<li>innovative und nachhaltige Versorgungsangebote sowohl im sozialen wie auch im Nahversorgungsbereich bzw. die Mobilit\u00e4t der Menschen f\u00f6rdern und attraktive Einrichtungen zur Belebung des Dorflebens erhalten und schaffen.<\/li>\n<li>historisch wertvolle Bausubstanz in den D\u00f6rfern erhalten und daf\u00fcr tragf\u00e4hige L\u00f6sungen entwickeln und strebt die Belebung von Baul\u00fccken und Leerst\u00e4nden m\u00f6glichst zeitnah an.<\/li>\n<\/ul>\n<h2>Folgende konkrete Ziele ergeben sich daraus:<\/h2>\n<ul>\n<li>Wir wollen die D\u00f6rfer als attraktive Wohnorte erhalten und das Ortsbild gestalten!<\/li>\n<li>Wir wollen das Dorfleben f\u00fcr alle Generationen attraktiver gestalten!<\/li>\n<li>Wir wollen Anreize f\u00fcr die Bev\u00f6lkerung schaffen, in ihrem Ort auch im hohen Alter wohnen bleiben zu k\u00f6nnen!<\/li>\n<\/ul>\n<p>[\/vc_column_text][\/vc_tta_section][\/vc_tta_accordion][\/vc_column][\/vc_row]<\/p>\n<\/section>","protected":false},"excerpt":{"rendered":"<p>[vc_row full_width=&#8221;stretch_row_content_no_spaces&#8221;][vc_column][vc_column_text][\/vc_column_text][\/vc_column][\/vc_row][vc_row][vc_column width=&#8221;1\/4&#8243;][vc_column_text] Themen Entwicklungsstrategie Leitbild 2030 Handlungsfelder Energiewende [\/vc_column_text][\/vc_column][vc_column width=&#8221;3\/4&#8243;][vc_raw_js]JTNDZGl2JTIwY2xhc3MlM0QlMjJjb250YWN0LWhlYWRlci1pbmxpbmUtYXJvdW5kJTIyJTNFJTBBJTNDZGl2JTIwY2xhc3MlM0QlMjJjb250YWN0LWhlYWRlci1pbmxpbmUtNSUyMiUzRSUzQ2ElMjBocmVmJTNEJTIyamF2YXNjcmlwdCUzQXdpbmRvdy5wcmludCUyOCUyOSUyMiUzRSUzQ2ltZyUyMHNyYyUzRCUyMmh0dHBzJTNBJTJGJTJGcmVnaW9uLXBlaW5lci1sYW5kLmRlJTJGd3AtY29udGVudCUyRnVwbG9hZHMlMkZwcmludC1idXR0b24tYmx1ZS1lMTUxOTgyMTA3MDg5MS5wbmclMjIlMjBhbHQlM0QlMjJTZWl0ZSUyMGRydWNrZW4lMjIlMjBpZCUzRCUyMnByaW50LWJ1dHRvbiUyMiUyMCUyRiUzRSUzQyUyRmElM0UlM0MlMkZkaXYlM0UlMEElM0MlMkZkaXYlM0U=[\/vc_raw_js][vc_column_text css=&#8221;.vc_custom_1523952562175{margin-top: 10px !important;}&#8221;] Handlungsfelder Die Handlungsfelder des Peiner Lands enthalten folgende Ziele:[\/vc_column_text][vc_tta_accordion color=&#8221;orange&#8221; active_section=&#8221;8&#8243; collapsible_all=&#8221;true&#8221;][vc_tta_section title=&#8221;Grundversorgung und Soziales&#8221; tab_id=&#8221;1518689815122-219419a0-68d6&#8243;][vc_column_text] Das Peiner Land will die Identifikation der Bev\u00f6lkerung mit ihren D\u00f6rfern und der Region st\u00e4rken, Erfahrungsaus-tausch und Vernetzung sicherstellen und das Ehrenamt st\u00e4rken. innovative und [&hellip;]<\/p>\n","protected":false},"author":1,"featured_media":0,"parent":0,"menu_order":0,"comment_status":"closed","ping_status":"closed","template":"","meta":{"iawp_total_views":21,"footnotes":""},"class_list":["post-1745","page","type-page","status-publish","hentry"],"_links":{"self":[{"href":"https:\/\/www.region-peiner-land.de\/index.php\/wp-json\/wp\/v2\/pages\/1745","targetHints":{"allow":["GET"]}}],"collection":[{"href":"https:\/\/www.region-peiner-land.de\/index.php\/wp-json\/wp\/v2\/pages"}],"about":[{"href":"https:\/\/www.region-peiner-land.de\/index.php\/wp-json\/wp\/v2\/types\/page"}],"author":[{"embeddable":true,"href":"https:\/\/www.region-peiner-land.de\/index.php\/wp-json\/wp\/v2\/users\/1"}],"replies":[{"embeddable":true,"href":"https:\/\/www.region-peiner-land.de\/index.php\/wp-json\/wp\/v2\/comments?post=1745"}],"version-history":[{"count":30,"href":"https:\/\/www.region-peiner-land.de\/index.php\/wp-json\/wp\/v2\/pages\/1745\/revisions"}],"predecessor-version":[{"id":2432,"href":"https:\/\/www.region-peiner-land.de\/index.php\/wp-json\/wp\/v2\/pages\/1745\/revisions\/2432"}],"wp:attachment":[{"href":"https:\/\/www.region-peiner-land.de\/index.php\/wp-json\/wp\/v2\/media?parent=1745"}],"curies":[{"name":"wp","href":"https:\/\/api.w.org\/{rel}","templated":true}]}}