{"id":1748,"date":"2018-02-07T15:24:19","date_gmt":"2018-02-07T14:24:19","guid":{"rendered":"https:\/\/www.region-peiner-land.de\/?page_id=1748"},"modified":"2026-04-15T11:51:49","modified_gmt":"2026-04-15T09:51:49","slug":"leader-2014-2020-2","status":"publish","type":"page","link":"https:\/\/www.region-peiner-land.de\/index.php\/leader-2014-2020-2\/","title":{"rendered":"LEADER 2014\u20132020"},"content":{"rendered":"<section class=\"wpb-content-wrapper\"><p>[vc_row full_width=&#8221;stretch_row_content_no_spaces&#8221;][vc_column][vc_column_text]<div id=\"metaslider-id-265\" style=\"width: 100%;\" class=\"ml-slider-3-108-0 metaslider metaslider-flex metaslider-265 ml-slider ms-theme-default nav-hidden\" role=\"region\" aria-label=\"Projekte\" data-height=\"400\" data-width=\"2200\">\n    <div id=\"metaslider_container_265\">\n        <div id=\"metaslider_265\">\n            <ul class='slides'>\n                <li style=\"display: block; width: 100%;\" class=\"slide-1982 ms-image \" aria-roledescription=\"slide\" data-date=\"2018-02-28 11:54:24\" data-filename=\"100602-Auftakt-KEP_IMG_8460.jpg\" data-slide-type=\"image\"><img loading=\"lazy\" decoding=\"async\" src=\"https:\/\/www.region-peiner-land.de\/wp-content\/uploads\/100602-Auftakt-KEP_IMG_8460.jpg\" height=\"400\" width=\"2200\" alt=\"\" class=\"slider-265 slide-1982 msDefaultImage\" \/><\/li>\n            <\/ul>\n        <\/div>\n        \n    <\/div>\n<\/div>[\/vc_column_text][\/vc_column][\/vc_row][vc_row][vc_column width=&#8221;1\/4&#8243;][vc_column_text]<\/p>\n<div class=\"content-out\">\n<div class=\"content-list\"><a style=\"text-decoration: none;\" href=\"\/index.php\/projekte\/\">Projekte<\/a><\/div>\n<div class=\"content-border\"><\/div>\n<div class=\"content-list active-menu-left\"><a style=\"text-decoration: none;\" href=\"\/index.php\/leader-2014-2020\/\">Leader 2014<em>\u2013<\/em>2020<\/a><\/div>\n<div class=\"content-border\"><\/div>\n<div class=\"content-list\"><a style=\"text-decoration: none;\" href=\"\/index.php\/ile-2007-2013\/\">ILE 2007<em>\u2013<\/em>2013<\/a><\/div>\n<div class=\"content-border\"><\/div>\n<\/div>\n<p>[\/vc_column_text][\/vc_column][vc_column width=&#8221;3\/4&#8243;][vc_raw_js]JTNDZGl2JTIwY2xhc3MlM0QlMjJjb250YWN0LWhlYWRlci1pbmxpbmUtYXJvdW5kJTIyJTNFJTBBJTNDZGl2JTIwY2xhc3MlM0QlMjJjb250YWN0LWhlYWRlci1pbmxpbmUtNSUyMiUzRSUzQ2ElMjBocmVmJTNEJTIyamF2YXNjcmlwdCUzQXdpbmRvdy5wcmludCUyOCUyOSUyMiUzRSUzQ2ltZyUyMHNyYyUzRCUyMmh0dHBzJTNBJTJGJTJGcmVnaW9uLXBlaW5lci1sYW5kLmRlJTJGd3AtY29udGVudCUyRnVwbG9hZHMlMkZwcmludC1idXR0b24tYmx1ZS1lMTUxOTgyMTA3MDg5MS5wbmclMjIlMjBhbHQlM0QlMjJTZWl0ZSUyMGRydWNrZW4lMjIlMjBpZCUzRCUyMnByaW50LWJ1dHRvbiUyMiUyMCUyRiUzRSUzQyUyRmElM0UlM0MlMkZkaXYlM0UlMEElM0MlMkZkaXYlM0U=[\/vc_raw_js][vc_column_text css=&#8221;.vc_custom_1556628656618{margin-top: 10px !important;}&#8221;]<\/p>\n<h1>LEADER 2014<em>\u2013<\/em>2020<\/h1>\n<p>Seit 2014 wurden diverse Projekte in der LEADER-Region Peiner Land von der LAG beschlossen. Nachfolgend finden Sie die Projekte des LEADER-Zeitraums 2014-2020 mit Bearbeitungsstand nach Handlungsfeld aufgelistet.[\/vc_column_text][vc_tta_accordion color=&#8221;orange&#8221; active_section=&#8221;&#8221; collapsible_all=&#8221;true&#8221;][vc_tta_section title=&#8221;Grundversorgung und Soziales&#8221; tab_id=&#8221;1518691329632-ccba1a6b-6ced&#8221;][vc_column_text]<\/p>\n<table style=\"background-color: #f8f8f8;\">\n<tbody>\n<tr>\n<td style=\"background-color: #f8f8f8; height: 65px; width: 65px;\"><img loading=\"lazy\" decoding=\"async\" class=\"alignnone size-full wp-image-2958\" src=\"https:\/\/www.region-peiner-land.de\/wp-content\/uploads\/Dungelbeck_rund.png\" alt=\"\" width=\"200\" height=\"200\" srcset=\"https:\/\/www.region-peiner-land.de\/wp-content\/uploads\/Dungelbeck_rund.png 200w, https:\/\/www.region-peiner-land.de\/wp-content\/uploads\/Dungelbeck_rund-150x150.png 150w\" sizes=\"auto, (max-width: 200px) 100vw, 200px\" \/><\/td>\n<td style=\"text-align: left; vertical-align: middle;\"><a href=\"https:\/\/www.region-peiner-land.de\/index.php\/jugenddungelbeck\/\">Barrierearmes Jugendfreizeitheim Dungelbeck (umgesetzt)<\/a><\/td>\n<\/tr>\n<\/tbody>\n<\/table>\n<hr \/>\n<table style=\"background-color: #f8f8f8;\">\n<tbody>\n<tr>\n<td style=\"background-color: #f8f8f8; height: 65px; width: 65px;\"><img loading=\"lazy\" decoding=\"async\" class=\"alignnone size-full wp-image-2959\" src=\"https:\/\/www.region-peiner-land.de\/wp-content\/uploads\/Duttenstedt_rund.png\" alt=\"\" width=\"200\" height=\"200\" srcset=\"https:\/\/www.region-peiner-land.de\/wp-content\/uploads\/Duttenstedt_rund.png 200w, https:\/\/www.region-peiner-land.de\/wp-content\/uploads\/Duttenstedt_rund-150x150.png 150w\" sizes=\"auto, (max-width: 200px) 100vw, 200px\" \/><\/td>\n<td style=\"text-align: left; vertical-align: middle;\"><a href=\"https:\/\/www.region-peiner-land.de\/index.php\/kigaduttenstedt\/\">Barrierearmer Kiga Duttenstedt (umgesetzt)<\/a><\/td>\n<\/tr>\n<\/tbody>\n<\/table>\n<hr \/>\n<table style=\"background-color: #f8f8f8;\">\n<tbody>\n<tr>\n<td style=\"background-color: #f8f8f8; height: 65px; width: 65px;\"><img loading=\"lazy\" decoding=\"async\" class=\"alignnone size-full wp-image-2960\" src=\"https:\/\/www.region-peiner-land.de\/wp-content\/uploads\/Schmedenstedt_rund.png\" alt=\"\" width=\"200\" height=\"200\" srcset=\"https:\/\/www.region-peiner-land.de\/wp-content\/uploads\/Schmedenstedt_rund.png 200w, https:\/\/www.region-peiner-land.de\/wp-content\/uploads\/Schmedenstedt_rund-150x150.png 150w\" sizes=\"auto, (max-width: 200px) 100vw, 200px\" \/><\/td>\n<td style=\"text-align: left; vertical-align: middle;\"><a href=\"https:\/\/www.region-peiner-land.de\/index.php\/kigaschmedenstedt\/\">Barrierearmer Kiga Schmedenstedt (umgesetzt)<\/a><\/td>\n<\/tr>\n<\/tbody>\n<\/table>\n<hr \/>\n<table style=\"background-color: #f8f8f8;\">\n<tbody>\n<tr>\n<td style=\"background-color: #f8f8f8; height: 65px; width: 65px;\"><img loading=\"lazy\" decoding=\"async\" class=\"alignnone size-full wp-image-2822\" src=\"https:\/\/www.region-peiner-land.de\/wp-content\/uploads\/Wetterschutzhaeuschen_rund.png\" alt=\"\" width=\"200\" height=\"200\" srcset=\"https:\/\/www.region-peiner-land.de\/wp-content\/uploads\/Wetterschutzhaeuschen_rund.png 200w, https:\/\/www.region-peiner-land.de\/wp-content\/uploads\/Wetterschutzhaeuschen_rund-150x150.png 150w\" sizes=\"auto, (max-width: 200px) 100vw, 200px\" \/><\/td>\n<td style=\"text-align: left; vertical-align: middle;\"><a href=\"https:\/\/www.region-peiner-land.de\/index.php\/wetterschutzhaeuschen\/\">Wetterschutzh\u00e4uschen Duttenstedt (ohne F\u00f6rderung umgesetzt)<\/a><\/td>\n<\/tr>\n<\/tbody>\n<\/table>\n<hr \/>\n<table style=\"background-color: #f8f8f8;\">\n<tbody>\n<tr>\n<td style=\"background-color: #f8f8f8; height: 65px; width: 65px;\"><img loading=\"lazy\" decoding=\"async\" class=\"size-full wp-image-2500 aligncenter\" src=\"https:\/\/www.region-peiner-land.de\/wp-content\/uploads\/Bewegtes-Spiel.png\" alt=\"\" width=\"200\" height=\"200\" srcset=\"https:\/\/www.region-peiner-land.de\/wp-content\/uploads\/Bewegtes-Spiel.png 200w, https:\/\/www.region-peiner-land.de\/wp-content\/uploads\/Bewegtes-Spiel-150x150.png 150w\" sizes=\"auto, (max-width: 200px) 100vw, 200px\" \/><\/td>\n<td style=\"text-align: left; vertical-align: middle;\"><a href=\"https:\/\/www.region-peiner-land.de\/index.php\/bewegtesspiel\/\">\u201eBewegtes Spiel\u201c in Solschen \u2013 ein Jugendspielplatz (umgesetzt)<\/a><\/td>\n<\/tr>\n<\/tbody>\n<\/table>\n<p>[\/vc_column_text][\/vc_tta_section][vc_tta_section title=&#8221;Aktiv-Tourismus und Kultur-Erleben&#8221; tab_id=&#8221;1518691329687-549a5c26-0481&#8243;][vc_column_text]<\/p>\n<table style=\"background-color: #f8f8f8;\">\n<tbody>\n<tr>\n<td style=\"background-color: #f8f8f8; height: 65px; width: 65px;\"><img loading=\"lazy\" decoding=\"async\" class=\"alignnone size-full wp-image-2857\" src=\"https:\/\/www.region-peiner-land.de\/wp-content\/uploads\/Kuhstall_innen_rund.png\" alt=\"\" width=\"200\" height=\"200\" srcset=\"https:\/\/www.region-peiner-land.de\/wp-content\/uploads\/Kuhstall_innen_rund.png 200w, https:\/\/www.region-peiner-land.de\/wp-content\/uploads\/Kuhstall_innen_rund-150x150.png 150w\" sizes=\"auto, (max-width: 200px) 100vw, 200px\" \/><\/td>\n<td style=\"text-align: left; vertical-align: middle;\"><a href=\"https:\/\/www.region-peiner-land.de\/index.php\/kuhstall\/\">Umbau Kuhstall \u2013 Begehbare Zeitr\u00e4ume (umgesetzt)<\/a><\/td>\n<\/tr>\n<\/tbody>\n<\/table>\n<hr \/>\n<table style=\"background-color: #f8f8f8;\">\n<tbody>\n<tr>\n<td style=\"background-color: #f8f8f8; height: 65px; width: 65px;\"><img loading=\"lazy\" decoding=\"async\" class=\"alignnone wp-image-2858 size-full\" src=\"https:\/\/www.region-peiner-land.de\/wp-content\/uploads\/Tafel-Kalkmergelgruben_run.png\" alt=\"\" width=\"200\" height=\"200\" srcset=\"https:\/\/www.region-peiner-land.de\/wp-content\/uploads\/Tafel-Kalkmergelgruben_run.png 200w, https:\/\/www.region-peiner-land.de\/wp-content\/uploads\/Tafel-Kalkmergelgruben_run-150x150.png 150w\" sizes=\"auto, (max-width: 200px) 100vw, 200px\" \/><\/td>\n<td style=\"text-align: left; vertical-align: middle;\"><a href=\"https:\/\/www.region-peiner-land.de\/index.php\/geopfad\/\">Geopfad V\u00f6hrum\/Schwicheldt (umgesetzt)<\/a><\/td>\n<\/tr>\n<\/tbody>\n<\/table>\n<hr \/>\n<table style=\"background-color: #f8f8f8;\">\n<tbody>\n<tr>\n<td style=\"background-color: #f8f8f8; height: 65px; width: 65px;\"><img loading=\"lazy\" decoding=\"async\" class=\"size-full wp-image-2629 aligncenter\" src=\"https:\/\/www.region-peiner-land.de\/wp-content\/uploads\/Spritzenhius.png\" alt=\"\" width=\"200\" height=\"200\" srcset=\"https:\/\/www.region-peiner-land.de\/wp-content\/uploads\/Spritzenhius.png 200w, https:\/\/www.region-peiner-land.de\/wp-content\/uploads\/Spritzenhius-150x150.png 150w\" sizes=\"auto, (max-width: 200px) 100vw, 200px\" \/><\/td>\n<td style=\"text-align: left; vertical-align: middle;\"><a href=\"https:\/\/www.region-peiner-land.de\/index.php\/spritzenhius\/\">Umbau des alten &#8220;Spritzenhius&#8221; in Lengede (umgesetzt)<\/a><\/td>\n<\/tr>\n<\/tbody>\n<\/table>\n<p>[\/vc_column_text][\/vc_tta_section][vc_tta_section title=&#8221;Regionale Wirtschaft&#8221; tab_id=&#8221;1518693395280-76e0d60d-922a&#8221;][vc_column_text]<\/p>\n<table style=\"background-color: #f8f8f8;\">\n<tbody>\n<tr>\n<td style=\"background-color: #f8f8f8; height: 65px; width: 65px;\"><img loading=\"lazy\" decoding=\"async\" class=\"alignnone wp-image-2961 size-full\" src=\"https:\/\/www.region-peiner-land.de\/wp-content\/uploads\/Erlebnisspeicher-vorher_rund.png\" alt=\"\" width=\"200\" height=\"200\" srcset=\"https:\/\/www.region-peiner-land.de\/wp-content\/uploads\/Erlebnisspeicher-vorher_rund.png 200w, https:\/\/www.region-peiner-land.de\/wp-content\/uploads\/Erlebnisspeicher-vorher_rund-150x150.png 150w\" sizes=\"auto, (max-width: 200px) 100vw, 200px\" \/><\/td>\n<td style=\"text-align: left; vertical-align: middle;\"><a href=\"https:\/\/www.region-peiner-land.de\/index.php\/erlebnisspeicherhofschwicheldt\/\">Erlebnisspeicher Hofschwicheldt (<\/a><a href=\"https:\/\/www.region-peiner-land.de\/index.php\/pfarrhausberkum\/\">umgesetzt<\/a><a href=\"https:\/\/www.region-peiner-land.de\/index.php\/erlebnisspeicherhofschwicheldt\/\">)<\/a><\/td>\n<\/tr>\n<\/tbody>\n<\/table>\n<hr \/>\n<table style=\"background-color: #f8f8f8;\">\n<tbody>\n<tr>\n<td style=\"background-color: #f8f8f8; height: 65px; width: 65px;\"><img loading=\"lazy\" decoding=\"async\" class=\"size-full wp-image-2533 aligncenter\" src=\"https:\/\/www.region-peiner-land.de\/wp-content\/uploads\/E-Lades\u00e4ule.png\" alt=\"\" width=\"200\" height=\"200\" srcset=\"https:\/\/www.region-peiner-land.de\/wp-content\/uploads\/E-Lades\u00e4ule.png 200w, https:\/\/www.region-peiner-land.de\/wp-content\/uploads\/E-Lades\u00e4ule-150x150.png 150w\" sizes=\"auto, (max-width: 200px) 100vw, 200px\" \/><\/td>\n<td style=\"text-align: left; vertical-align: middle;\"><a href=\"https:\/\/www.region-peiner-land.de\/index.php\/eladesaeule\/\">\u00d6ffentliche E-Lades\u00e4ulen am Starterhof in Ilsede (ohne F\u00f6rderung umgesetzt)<\/a><\/td>\n<\/tr>\n<\/tbody>\n<\/table>\n<p>[\/vc_column_text][\/vc_tta_section][vc_tta_section title=&#8221;Natur und Klimaschutz&#8221; tab_id=&#8221;1518696146108-b2c66139-fd02&#8243;][vc_column_text]<\/p>\n<table style=\"background-color: #f8f8f8;\">\n<tbody>\n<tr>\n<td style=\"background-color: #f8f8f8; height: 65px; width: 65px;\"><img loading=\"lazy\" decoding=\"async\" class=\"alignnone size-full wp-image-2870\" src=\"https:\/\/www.region-peiner-land.de\/wp-content\/uploads\/Streuobstwiese_rund.png\" alt=\"\" width=\"200\" height=\"200\" srcset=\"https:\/\/www.region-peiner-land.de\/wp-content\/uploads\/Streuobstwiese_rund.png 200w, https:\/\/www.region-peiner-land.de\/wp-content\/uploads\/Streuobstwiese_rund-150x150.png 150w\" sizes=\"auto, (max-width: 200px) 100vw, 200px\" \/><\/td>\n<td style=\"text-align: left; vertical-align: middle;\"><a href=\"https:\/\/www.region-peiner-land.de\/index.php\/naturlehrpfad\/\">Naturlehrpfad: Natur erleben in Vechelde (<\/a><a href=\"https:\/\/www.region-peiner-land.de\/index.php\/pfarrhausberkum\/\">umgesetzt<\/a><a href=\"https:\/\/www.region-peiner-land.de\/index.php\/naturlehrpfad\/\">)<\/a><\/td>\n<\/tr>\n<\/tbody>\n<\/table>\n<hr \/>\n<table style=\"background-color: #f8f8f8;\">\n<tbody>\n<tr>\n<td style=\"background-color: #f8f8f8; height: 65px; width: 65px;\"><img loading=\"lazy\" decoding=\"async\" class=\"alignnone size-full wp-image-2962\" src=\"https:\/\/www.region-peiner-land.de\/wp-content\/uploads\/Luftbild_rund.png\" alt=\"\" width=\"200\" height=\"200\" srcset=\"https:\/\/www.region-peiner-land.de\/wp-content\/uploads\/Luftbild_rund.png 200w, https:\/\/www.region-peiner-land.de\/wp-content\/uploads\/Luftbild_rund-150x150.png 150w\" sizes=\"auto, (max-width: 200px) 100vw, 200px\" \/><\/td>\n<td style=\"text-align: left; vertical-align: middle;\"><a href=\"https:\/\/www.region-peiner-land.de\/index.php\/lengederteiche\/\">Ausbau der Wanderwege im Naturraum \u201eLengeder Teiche\u201c (<\/a><a href=\"https:\/\/www.region-peiner-land.de\/index.php\/pfarrhausberkum\/\">umgesetzt<\/a><a href=\"https:\/\/www.region-peiner-land.de\/index.php\/lengederteiche\/\">)<\/a><\/td>\n<\/tr>\n<\/tbody>\n<\/table>\n<p>[\/vc_column_text][\/vc_tta_section][vc_tta_section title=&#8221;Dorfleben und Dorfentwicklung&#8221; tab_id=&#8221;1518696174657-b174afb5-4bb7&#8243;][vc_column_text]<\/p>\n<table style=\"background-color: #f8f8f8;\">\n<tbody>\n<tr>\n<td style=\"background-color: #f8f8f8; height: 65px; width: 65px;\"><img loading=\"lazy\" decoding=\"async\" class=\"alignnone wp-image-2824 size-full\" src=\"https:\/\/www.region-peiner-land.de\/wp-content\/uploads\/Gemeinschaftsraum-Gross-Buelt.png\" alt=\"\" width=\"200\" height=\"200\" srcset=\"https:\/\/www.region-peiner-land.de\/wp-content\/uploads\/Gemeinschaftsraum-Gross-Buelt.png 200w, https:\/\/www.region-peiner-land.de\/wp-content\/uploads\/Gemeinschaftsraum-Gross-Buelt-150x150.png 150w\" sizes=\"auto, (max-width: 200px) 100vw, 200px\" \/><\/td>\n<td style=\"text-align: left; vertical-align: middle;\"><a href=\"https:\/\/www.region-peiner-land.de\/index.php\/gemeinschaftsraumgrbuelten\/\">Gemeinschaftsraum f\u00fcr Gro\u00df B\u00fclten (umgesetzt)<\/a><\/td>\n<\/tr>\n<\/tbody>\n<\/table>\n<hr \/>\n<table style=\"background-color: #f8f8f8;\">\n<tbody>\n<tr>\n<td style=\"background-color: #f8f8f8; height: 65px; width: 65px;\"><img loading=\"lazy\" decoding=\"async\" class=\"size-full wp-image-2536 aligncenter\" src=\"https:\/\/www.region-peiner-land.de\/wp-content\/uploads\/Wasserturm-Gro\u00df-Lafferde.png\" alt=\"\" width=\"200\" height=\"200\" srcset=\"https:\/\/www.region-peiner-land.de\/wp-content\/uploads\/Wasserturm-Gro\u00df-Lafferde.png 200w, https:\/\/www.region-peiner-land.de\/wp-content\/uploads\/Wasserturm-Gro\u00df-Lafferde-150x150.png 150w\" sizes=\"auto, (max-width: 200px) 100vw, 200px\" \/><\/td>\n<td style=\"text-align: left; vertical-align: middle;\"><a href=\"https:\/\/www.region-peiner-land.de\/index.php\/wasserturm\/\">Innensanierung des Wasserturmes in Gro\u00df Lafferde (umgesetzt)<\/a><\/td>\n<\/tr>\n<\/tbody>\n<\/table>\n<hr \/>\n<table style=\"background-color: #f8f8f8;\">\n<tbody>\n<tr>\n<td style=\"background-color: #f8f8f8; height: 65px; width: 65px;\"><img loading=\"lazy\" decoding=\"async\" class=\"alignnone wp-image-2825 size-full\" src=\"https:\/\/www.region-peiner-land.de\/wp-content\/uploads\/Burgplatz-nach-Umgestaltung.png\" alt=\"\" width=\"200\" height=\"200\" srcset=\"https:\/\/www.region-peiner-land.de\/wp-content\/uploads\/Burgplatz-nach-Umgestaltung.png 200w, https:\/\/www.region-peiner-land.de\/wp-content\/uploads\/Burgplatz-nach-Umgestaltung-150x150.png 150w\" sizes=\"auto, (max-width: 200px) 100vw, 200px\" \/><\/td>\n<td style=\"text-align: left; vertical-align: middle;\"><a href=\"https:\/\/www.region-peiner-land.de\/index.php\/burgplatz\/\">Umgestaltung des Burgplatzes in \u00d6lsburg (umgesetzt)<\/a><\/td>\n<\/tr>\n<\/tbody>\n<\/table>\n<hr \/>\n<table style=\"background-color: #f8f8f8;\">\n<tbody>\n<tr>\n<td style=\"background-color: #f8f8f8; height: 65px; width: 65px;\"><img loading=\"lazy\" decoding=\"async\" class=\"alignnone size-full wp-image-2861\" src=\"https:\/\/www.region-peiner-land.de\/wp-content\/uploads\/Panorama_Twieholz-Duttenste.png\" alt=\"\" width=\"200\" height=\"200\" srcset=\"https:\/\/www.region-peiner-land.de\/wp-content\/uploads\/Panorama_Twieholz-Duttenste.png 200w, https:\/\/www.region-peiner-land.de\/wp-content\/uploads\/Panorama_Twieholz-Duttenste-150x150.png 150w\" sizes=\"auto, (max-width: 200px) 100vw, 200px\" \/><\/td>\n<td style=\"text-align: left; vertical-align: middle;\"><a href=\"https:\/\/www.region-peiner-land.de\/index.php\/twieholz\/\">\u00d6kologische und strukturelle Aufwertung der Gr\u00fcnfl\u00e4che n\u00f6rdlich des Twieholz in Duttenstedt (<\/a><a href=\"https:\/\/www.region-peiner-land.de\/index.php\/pfarrhausberkum\/\">umgesetzt<\/a><a href=\"https:\/\/www.region-peiner-land.de\/index.php\/twieholz\/\">)<\/a><\/td>\n<\/tr>\n<\/tbody>\n<\/table>\n<hr \/>\n<table style=\"background-color: #f8f8f8;\">\n<tbody>\n<tr>\n<td style=\"background-color: #f8f8f8; height: 65px; width: 65px;\"><\/td>\n<td style=\"text-align: left; vertical-align: middle;\"><a href=\"https:\/\/www.region-peiner-land.de\/index.php\/gemeinschaftshauswendeburg\/\">Gemeinschafts- und B\u00fcrgerhaus Wendeburg (<\/a><a href=\"https:\/\/www.region-peiner-land.de\/index.php\/pfarrhausberkum\/\">umgesetzt<\/a><a href=\"https:\/\/www.region-peiner-land.de\/index.php\/gemeinschaftshauswendeburg\/\">)<\/a><\/td>\n<\/tr>\n<\/tbody>\n<\/table>\n<hr \/>\n<table style=\"background-color: #f8f8f8;\">\n<tbody>\n<tr>\n<td style=\"background-color: #f8f8f8; height: 65px; width: 65px;\"><img loading=\"lazy\" decoding=\"async\" class=\"alignnone size-full wp-image-2963\" src=\"https:\/\/www.region-peiner-land.de\/wp-content\/uploads\/Vorplatz_rund.png\" alt=\"\" width=\"200\" height=\"200\" srcset=\"https:\/\/www.region-peiner-land.de\/wp-content\/uploads\/Vorplatz_rund.png 200w, https:\/\/www.region-peiner-land.de\/wp-content\/uploads\/Vorplatz_rund-150x150.png 150w\" sizes=\"auto, (max-width: 200px) 100vw, 200px\" \/><\/td>\n<td style=\"text-align: left; vertical-align: middle;\"><a href=\"https:\/\/www.region-peiner-land.de\/index.php\/pfarrhausberkum\/\">Umgestaltung Vorbereich Pfarrhaus in Berkum (umgesetzt)<\/a><\/td>\n<\/tr>\n<\/tbody>\n<\/table>\n<hr \/>\n<table style=\"background-color: #f8f8f8;\">\n<tbody>\n<tr>\n<td style=\"background-color: #f8f8f8; height: 65px; width: 65px;\"><img loading=\"lazy\" decoding=\"async\" class=\"alignnone size-full wp-image-2860\" src=\"https:\/\/www.region-peiner-land.de\/wp-content\/uploads\/Dorfplatz_rund.png\" alt=\"\" width=\"200\" height=\"200\" srcset=\"https:\/\/www.region-peiner-land.de\/wp-content\/uploads\/Dorfplatz_rund.png 200w, https:\/\/www.region-peiner-land.de\/wp-content\/uploads\/Dorfplatz_rund-150x150.png 150w\" sizes=\"auto, (max-width: 200px) 100vw, 200px\" \/><\/td>\n<td style=\"text-align: left; vertical-align: middle;\"><a href=\"https:\/\/www.region-peiner-land.de\/index.php\/dorfplatzdenstorf\/\">Umgestaltung Denstorfer Dorfplatz (<\/a><a href=\"https:\/\/www.region-peiner-land.de\/index.php\/pfarrhausberkum\/\">umgesetzt<\/a><a href=\"https:\/\/www.region-peiner-land.de\/index.php\/dorfplatzdenstorf\/\">)<\/a><\/td>\n<\/tr>\n<\/tbody>\n<\/table>\n<p>[\/vc_column_text][\/vc_tta_section][\/vc_tta_accordion][\/vc_column][\/vc_row]<\/p>\n<\/section>","protected":false},"excerpt":{"rendered":"<p>[vc_row full_width=&#8221;stretch_row_content_no_spaces&#8221;][vc_column][vc_column_text][\/vc_column_text][\/vc_column][\/vc_row][vc_row][vc_column width=&#8221;1\/4&#8243;][vc_column_text] Projekte Leader 2014\u20132020 ILE 2007\u20132013 [\/vc_column_text][\/vc_column][vc_column width=&#8221;3\/4&#8243;][vc_raw_js]JTNDZGl2JTIwY2xhc3MlM0QlMjJjb250YWN0LWhlYWRlci1pbmxpbmUtYXJvdW5kJTIyJTNFJTBBJTNDZGl2JTIwY2xhc3MlM0QlMjJjb250YWN0LWhlYWRlci1pbmxpbmUtNSUyMiUzRSUzQ2ElMjBocmVmJTNEJTIyamF2YXNjcmlwdCUzQXdpbmRvdy5wcmludCUyOCUyOSUyMiUzRSUzQ2ltZyUyMHNyYyUzRCUyMmh0dHBzJTNBJTJGJTJGcmVnaW9uLXBlaW5lci1sYW5kLmRlJTJGd3AtY29udGVudCUyRnVwbG9hZHMlMkZwcmludC1idXR0b24tYmx1ZS1lMTUxOTgyMTA3MDg5MS5wbmclMjIlMjBhbHQlM0QlMjJTZWl0ZSUyMGRydWNrZW4lMjIlMjBpZCUzRCUyMnByaW50LWJ1dHRvbiUyMiUyMCUyRiUzRSUzQyUyRmElM0UlM0MlMkZkaXYlM0UlMEElM0MlMkZkaXYlM0U=[\/vc_raw_js][vc_column_text css=&#8221;.vc_custom_1556628656618{margin-top: 10px !important;}&#8221;] LEADER 2014\u20132020 Seit 2014 wurden diverse Projekte in der LEADER-Region Peiner Land von der LAG beschlossen. Nachfolgend finden Sie die Projekte des LEADER-Zeitraums 2014-2020 mit Bearbeitungsstand nach Handlungsfeld aufgelistet.[\/vc_column_text][vc_tta_accordion color=&#8221;orange&#8221; active_section=&#8221;&#8221; collapsible_all=&#8221;true&#8221;][vc_tta_section title=&#8221;Grundversorgung und Soziales&#8221; tab_id=&#8221;1518691329632-ccba1a6b-6ced&#8221;][vc_column_text] Barrierearmes Jugendfreizeitheim Dungelbeck (umgesetzt) Barrierearmer Kiga [&hellip;]<\/p>\n","protected":false},"author":1,"featured_media":0,"parent":0,"menu_order":0,"comment_status":"closed","ping_status":"closed","template":"","meta":{"iawp_total_views":35,"footnotes":""},"class_list":["post-1748","page","type-page","status-publish","hentry"],"_links":{"self":[{"href":"https:\/\/www.region-peiner-land.de\/index.php\/wp-json\/wp\/v2\/pages\/1748","targetHints":{"allow":["GET"]}}],"collection":[{"href":"https:\/\/www.region-peiner-land.de\/index.php\/wp-json\/wp\/v2\/pages"}],"about":[{"href":"https:\/\/www.region-peiner-land.de\/index.php\/wp-json\/wp\/v2\/types\/page"}],"author":[{"embeddable":true,"href":"https:\/\/www.region-peiner-land.de\/index.php\/wp-json\/wp\/v2\/users\/1"}],"replies":[{"embeddable":true,"href":"https:\/\/www.region-peiner-land.de\/index.php\/wp-json\/wp\/v2\/comments?post=1748"}],"version-history":[{"count":68,"href":"https:\/\/www.region-peiner-land.de\/index.php\/wp-json\/wp\/v2\/pages\/1748\/revisions"}],"predecessor-version":[{"id":3286,"href":"https:\/\/www.region-peiner-land.de\/index.php\/wp-json\/wp\/v2\/pages\/1748\/revisions\/3286"}],"wp:attachment":[{"href":"https:\/\/www.region-peiner-land.de\/index.php\/wp-json\/wp\/v2\/media?parent=1748"}],"curies":[{"name":"wp","href":"https:\/\/api.w.org\/{rel}","templated":true}]}}