{"id":1754,"date":"2018-02-07T15:25:54","date_gmt":"2018-02-07T14:25:54","guid":{"rendered":"https:\/\/www.region-peiner-land.de\/?page_id=1754"},"modified":"2023-11-07T11:47:20","modified_gmt":"2023-11-07T10:47:20","slug":"regional-management","status":"publish","type":"page","link":"https:\/\/www.region-peiner-land.de\/index.php\/regional-management\/","title":{"rendered":"Regionalmanagement"},"content":{"rendered":"<section class=\"wpb-content-wrapper\"><p>[vc_row full_width=&#8221;stretch_row_content_no_spaces&#8221;][vc_column][vc_column_text]<div id=\"metaslider-id-231\" style=\"width: 100%;\" class=\"ml-slider-3-108-0 metaslider metaslider-flex metaslider-231 ml-slider ms-theme-default nav-hidden\" role=\"region\" aria-label=\"Team\" data-height=\"400\" data-width=\"2200\">\n    <div id=\"metaslider_container_231\">\n        <div id=\"metaslider_231\">\n            <ul class='slides'>\n                <li style=\"display: block; width: 100%;\" class=\"slide-1986 ms-image \" aria-roledescription=\"slide\" data-date=\"2018-02-28 12:35:19\" data-filename=\"160822_LEADER-Konferenz_IMG_2949_IMG_2905.jpg\" data-slide-type=\"image\"><img loading=\"lazy\" decoding=\"async\" src=\"https:\/\/www.region-peiner-land.de\/wp-content\/uploads\/160822_LEADER-Konferenz_IMG_2949_IMG_2905.jpg\" height=\"400\" width=\"2200\" alt=\"\" class=\"slider-231 slide-1986 msDefaultImage\" \/><\/li>\n            <\/ul>\n        <\/div>\n        \n    <\/div>\n<\/div>[\/vc_column_text][\/vc_column][\/vc_row][vc_row][vc_column width=&#8221;1\/4&#8243;][vc_column_text]<\/p>\n<div class=\"content-out\">\n<div class=\"content-list\"><a style=\"text-decoration: none;\" href=\"\/index.php\/ansprech-partner\/\">Ansprechpartner<\/a><\/div>\n<div class=\"content-border\"><\/div>\n<div class=\"content-list active-menu-left\"><a style=\"text-decoration: none;\" href=\"\/index.php\/regional-management\/\">Regionalmanagement<\/a><\/div>\n<div class=\"content-border\"><\/div>\n<div class=\"content-list\"><a style=\"text-decoration: none;\" href=\"\/index.php\/geschaeftsstelle\/\">Gesch\u00e4ftsstelle<\/a><\/div>\n<div class=\"content-border\"><\/div>\n<div class=\"content-list\"><a style=\"text-decoration: none;\" href=\"\/index.php\/ansprechpartner-arl\/\">ARL<\/a><\/div>\n<div class=\"content-border\"><\/div>\n<\/div>\n<p>[\/vc_column_text][\/vc_column][vc_column width=&#8221;3\/4&#8243;][vc_raw_js]JTNDZGl2JTIwY2xhc3MlM0QlMjJjb250YWN0LWhlYWRlci1pbmxpbmUtYXJvdW5kJTIyJTNFJTBBJTNDZGl2JTIwY2xhc3MlM0QlMjJjb250YWN0LWhlYWRlci1pbmxpbmUtNSUyMiUzRSUzQ2ElMjBocmVmJTNEJTIyamF2YXNjcmlwdCUzQXdpbmRvdy5wcmludCUyOCUyOSUyMiUzRSUzQ2ltZyUyMHNyYyUzRCUyMmh0dHBzJTNBJTJGJTJGcmVnaW9uLXBlaW5lci1sYW5kLmRlJTJGd3AtY29udGVudCUyRnVwbG9hZHMlMkZwcmludC1idXR0b24tYmx1ZS1lMTUxOTgyMTA3MDg5MS5wbmclMjIlMjBhbHQlM0QlMjJTZWl0ZSUyMGRydWNrZW4lMjIlMjBpZCUzRCUyMnByaW50LWJ1dHRvbiUyMiUyMCUyRiUzRSUzQyUyRmElM0UlM0MlMkZkaXYlM0UlMEElM0MlMkZkaXYlM0U=[\/vc_raw_js][vc_column_text css=&#8221;.vc_custom_1699353944684{margin-top: 10px !important;margin-bottom: -10px !important;}&#8221;]<\/p>\n<h1>Regionalmanagement<\/h1>\n<p>Wichtiger Hinweis: Aktuell gibt es noch kein Regionalmanagement f\u00fcr die neue F\u00f6rderperiode. Das alte Regionalmanagement k\u00fcmmert sich aktuell nur um die Abwicklung der alten F\u00f6rderperiode.<\/p>\n<h2>Zentrale Aufgaben<\/h2>\n<p>Das Regionalmanagement unterst\u00fctzt Gemeinden und private Tr\u00e4ger bei der Ausarbeitung und Beantragung ihrer Projekte. Damit verbunden sind u.a. folgende Aufgaben:<\/p>\n<ul>\n<li>F\u00f6rdermittelberatung<\/li>\n<li>Unterst\u00fctzung bei Projektentwicklung und Projektmanagement<\/li>\n<li>Vorbereitung, Moderation und Durchf\u00fchrung von begleitenden Veranstaltungen (LAG, Arbeitsgruppen, Workshops, Informationsveranstaltungen)<\/li>\n<li>Unterst\u00fctzung der Gesch\u00e4ftsstelle der Lokalen Aktionsgruppe<\/li>\n<li>\u00d6ffentlichkeitsarbeit<\/li>\n<\/ul>\n<p>[\/vc_column_text][\/vc_column][\/vc_row][vc_row full_width=&#8221;stretch_row&#8221; bg_type=&#8221;bg_color&#8221;][vc_column width=&#8221;1\/4&#8243;][\/vc_column][vc_column width=&#8221;3\/4&#8243;][vc_row_inner][vc_column_inner width=&#8221;1\/2&#8243;][vc_column_text]<\/p>\n<h2>Ansprechpartner<\/h2>\n<p><strong>Jochen Rienau<\/strong> (Vertretung: Ronja Lindemann, Karolin Thieleking)<br \/>\n<strong>KoRiS &#8211; Kommunikative Stadt- und Regionalentwicklung<\/strong><br \/>\nB\u00f6dekerstra\u00dfe 11<br \/>\n30161 Hannover<br \/>\nTel.: 0511\/590974-30<br \/>\nFax: 0511\/590974-60<\/p>\n<p>E-Mail:\u00a0<a href=\"&#x6d;&#97;i&#x6c;&#116;o&#x3a;&#114;i&#x65;&#110;a&#x75;&#64;k&#x6f;&#x72;i&#x73;&#x2d;&#104;&#x61;&#x6e;&#110;&#x6f;&#x76;&#101;r&#x2e;&#100;e\">&#x72;&#105;e&#x6e;&#97;&#117;&#x40;&#x6b;&#111;r&#x69;&#115;-&#x68;&#x61;&#110;n&#x6f;&#118;e&#x72;&#x2e;&#100;e<\/a><br \/>\nInternet:\u00a0<a href=\"http:\/\/www.koris-hannover.de\" target=\"_blank\" rel=\"noopener\">www.koris-hannover.de<\/a>[\/vc_column_text][\/vc_column_inner][vc_column_inner width=&#8221;1\/2&#8243;][vc_column_text]<img loading=\"lazy\" decoding=\"async\" class=\"wp-image-2201 size-full alignright\" src=\"https:\/\/www.region-peiner-land.de\/wp-content\/uploads\/koris-logo.png\" alt=\"\" width=\"260\" height=\"143\" \/>[\/vc_column_text][\/vc_column_inner][\/vc_row_inner][vc_column_text]<img loading=\"lazy\" decoding=\"async\" class=\"alignleft wp-image-2721\" src=\"https:\/\/www.region-peiner-land.de\/wp-content\/uploads\/Teamfoto_170917_Jochen-250x300.jpg\" alt=\"\" width=\"192\" height=\"230\" srcset=\"https:\/\/www.region-peiner-land.de\/wp-content\/uploads\/Teamfoto_170917_Jochen-250x300.jpg 250w, https:\/\/www.region-peiner-land.de\/wp-content\/uploads\/Teamfoto_170917_Jochen-768x921.jpg 768w, https:\/\/www.region-peiner-land.de\/wp-content\/uploads\/Teamfoto_170917_Jochen-853x1024.jpg 853w, https:\/\/www.region-peiner-land.de\/wp-content\/uploads\/Teamfoto_170917_Jochen.jpg 1181w\" sizes=\"auto, (max-width: 192px) 100vw, 192px\" \/><img loading=\"lazy\" decoding=\"async\" class=\"alignleft wp-image-2722\" src=\"https:\/\/www.region-peiner-land.de\/wp-content\/uploads\/Teamfoto_170917_Karo-250x300.jpg\" alt=\"\" width=\"192\" height=\"230\" srcset=\"https:\/\/www.region-peiner-land.de\/wp-content\/uploads\/Teamfoto_170917_Karo-250x300.jpg 250w, https:\/\/www.region-peiner-land.de\/wp-content\/uploads\/Teamfoto_170917_Karo-768x922.jpg 768w, https:\/\/www.region-peiner-land.de\/wp-content\/uploads\/Teamfoto_170917_Karo-853x1024.jpg 853w, https:\/\/www.region-peiner-land.de\/wp-content\/uploads\/Teamfoto_170917_Karo.jpg 1178w\" sizes=\"auto, (max-width: 192px) 100vw, 192px\" \/>[\/vc_column_text][vc_column_text]<\/p>\n<p style=\"text-align: left;\"><strong>Ihr Regionalmanagement-Team vom B\u00fcro KoRiS \u2013 Kommunikative Stadt- und Regionalentwicklung:<br \/>\n<\/strong>Jochen Rienau und Karolin Thieleking.<\/p>\n<p>[\/vc_column_text][\/vc_column][\/vc_row]<\/p>\n<\/section>","protected":false},"excerpt":{"rendered":"<p>[vc_row full_width=&#8221;stretch_row_content_no_spaces&#8221;][vc_column][vc_column_text][\/vc_column_text][\/vc_column][\/vc_row][vc_row][vc_column width=&#8221;1\/4&#8243;][vc_column_text] Ansprechpartner Regionalmanagement Gesch\u00e4ftsstelle ARL [\/vc_column_text][\/vc_column][vc_column width=&#8221;3\/4&#8243;][vc_raw_js]JTNDZGl2JTIwY2xhc3MlM0QlMjJjb250YWN0LWhlYWRlci1pbmxpbmUtYXJvdW5kJTIyJTNFJTBBJTNDZGl2JTIwY2xhc3MlM0QlMjJjb250YWN0LWhlYWRlci1pbmxpbmUtNSUyMiUzRSUzQ2ElMjBocmVmJTNEJTIyamF2YXNjcmlwdCUzQXdpbmRvdy5wcmludCUyOCUyOSUyMiUzRSUzQ2ltZyUyMHNyYyUzRCUyMmh0dHBzJTNBJTJGJTJGcmVnaW9uLXBlaW5lci1sYW5kLmRlJTJGd3AtY29udGVudCUyRnVwbG9hZHMlMkZwcmludC1idXR0b24tYmx1ZS1lMTUxOTgyMTA3MDg5MS5wbmclMjIlMjBhbHQlM0QlMjJTZWl0ZSUyMGRydWNrZW4lMjIlMjBpZCUzRCUyMnByaW50LWJ1dHRvbiUyMiUyMCUyRiUzRSUzQyUyRmElM0UlM0MlMkZkaXYlM0UlMEElM0MlMkZkaXYlM0U=[\/vc_raw_js][vc_column_text css=&#8221;.vc_custom_1699353944684{margin-top: 10px !important;margin-bottom: -10px !important;}&#8221;] Regionalmanagement Wichtiger Hinweis: Aktuell gibt es noch kein Regionalmanagement f\u00fcr die neue F\u00f6rderperiode. Das alte Regionalmanagement k\u00fcmmert sich aktuell nur um die Abwicklung der alten F\u00f6rderperiode. Zentrale Aufgaben Das Regionalmanagement unterst\u00fctzt Gemeinden und private Tr\u00e4ger bei der Ausarbeitung und Beantragung ihrer [&hellip;]<\/p>\n","protected":false},"author":1,"featured_media":0,"parent":0,"menu_order":0,"comment_status":"closed","ping_status":"closed","template":"","meta":{"iawp_total_views":44,"footnotes":""},"class_list":["post-1754","page","type-page","status-publish","hentry"],"_links":{"self":[{"href":"https:\/\/www.region-peiner-land.de\/index.php\/wp-json\/wp\/v2\/pages\/1754","targetHints":{"allow":["GET"]}}],"collection":[{"href":"https:\/\/www.region-peiner-land.de\/index.php\/wp-json\/wp\/v2\/pages"}],"about":[{"href":"https:\/\/www.region-peiner-land.de\/index.php\/wp-json\/wp\/v2\/types\/page"}],"author":[{"embeddable":true,"href":"https:\/\/www.region-peiner-land.de\/index.php\/wp-json\/wp\/v2\/users\/1"}],"replies":[{"embeddable":true,"href":"https:\/\/www.region-peiner-land.de\/index.php\/wp-json\/wp\/v2\/comments?post=1754"}],"version-history":[{"count":33,"href":"https:\/\/www.region-peiner-land.de\/index.php\/wp-json\/wp\/v2\/pages\/1754\/revisions"}],"predecessor-version":[{"id":3253,"href":"https:\/\/www.region-peiner-land.de\/index.php\/wp-json\/wp\/v2\/pages\/1754\/revisions\/3253"}],"wp:attachment":[{"href":"https:\/\/www.region-peiner-land.de\/index.php\/wp-json\/wp\/v2\/media?parent=1754"}],"curies":[{"name":"wp","href":"https:\/\/api.w.org\/{rel}","templated":true}]}}