{"id":1780,"date":"2018-02-15T10:36:25","date_gmt":"2018-02-15T09:36:25","guid":{"rendered":"https:\/\/www.region-peiner-land.de\/?page_id=1780"},"modified":"2018-07-04T09:43:43","modified_gmt":"2018-07-04T07:43:43","slug":"was-ist-leader","status":"publish","type":"page","link":"https:\/\/www.region-peiner-land.de\/index.php\/was-ist-leader\/","title":{"rendered":"Was ist LEADER?"},"content":{"rendered":"<section class=\"wpb-content-wrapper\"><p>[vc_row full_width=&#8221;stretch_row_content_no_spaces&#8221;][vc_column el_class=&#8221;`{`metaslider id=207`}`&#8221;][vc_column_text]<div id=\"metaslider-id-207\" style=\"width: 100%;\" class=\"ml-slider-3-108-0 metaslider metaslider-flex metaslider-207 ml-slider ms-theme-default nav-hidden\" role=\"region\" aria-label=\"1 Leistung\" data-height=\"400\" data-width=\"2200\">\n    <div id=\"metaslider_container_207\">\n        <div id=\"metaslider_207\">\n            <ul class='slides'>\n                <li style=\"display: block; width: 100%;\" class=\"slide-1944 ms-image \" aria-roledescription=\"slide\" data-date=\"2018-02-28 10:40:11\" data-filename=\"141125_LAG-Strukturen-und-Inhalte_IMG_7652-1.jpg\" data-slide-type=\"image\"><img loading=\"lazy\" decoding=\"async\" src=\"https:\/\/www.region-peiner-land.de\/wp-content\/uploads\/141125_LAG-Strukturen-und-Inhalte_IMG_7652-1.jpg\" height=\"400\" width=\"2200\" alt=\"\" class=\"slider-207 slide-1944 msDefaultImage\" \/><\/li>\n            <\/ul>\n        <\/div>\n        \n    <\/div>\n<\/div>[\/vc_column_text][\/vc_column][\/vc_row][vc_row][vc_column width=&#8221;1\/4&#8243;][vc_column_text]<\/p>\n<div class=\"content-out\">\n<div class=\"content-list\"><a style=\"text-decoration: none;\" href=\"\/index.php\/leader\/\">Leader<\/a><\/div>\n<div class=\"content-border\"><\/div>\n<div class=\"content-list active-menu-left\"><a style=\"text-decoration: none;\" href=\"\/index.php\/was-ist-leader\/\">Was ist LEADER?<\/a><\/div>\n<div class=\"content-border\"><\/div>\n<div class=\"content-list\"><a style=\"text-decoration: none;\" href=\"\/index.php\/rek\/\">REK Peiner Land<\/a><\/div>\n<div class=\"content-border\"><\/div>\n<div class=\"content-list\"><a style=\"text-decoration: none;\" href=\"\/index.php\/lokale-aktionsgruppe-lag\/\">Lokale Aktionsgruppe (LAG)<\/a><\/div>\n<div class=\"content-border\"><\/div>\n<div class=\"content-list\"><a style=\"text-decoration: none;\" href=\"\/index.php\/von-der-projektidee-zur-umsetzung\/\">Von der Projektidee zur Umsetzung<\/a><\/div>\n<div class=\"content-border\"><\/div>\n<div class=\"content-list\"><a style=\"text-decoration: none;\" href=\"\/index.php\/weitere-gremien\/\">Weitere Gremien<\/a><\/div>\n<\/div>\n<p>[\/vc_column_text][\/vc_column][vc_column width=&#8221;3\/4&#8243;][vc_raw_js]JTNDZGl2JTIwY2xhc3MlM0QlMjJjb250YWN0LWhlYWRlci1pbmxpbmUtYXJvdW5kJTIyJTNFJTBBJTNDZGl2JTIwY2xhc3MlM0QlMjJjb250YWN0LWhlYWRlci1pbmxpbmUtNSUyMiUzRSUzQ2ElMjBocmVmJTNEJTIyamF2YXNjcmlwdCUzQXdpbmRvdy5wcmludCUyOCUyOSUyMiUzRSUzQ2ltZyUyMHNyYyUzRCUyMmh0dHBzJTNBJTJGJTJGcmVnaW9uLXBlaW5lci1sYW5kLmRlJTJGd3AtY29udGVudCUyRnVwbG9hZHMlMkZwcmludC1idXR0b24tYmx1ZS1lMTUxOTgyMTA3MDg5MS5wbmclMjIlMjBhbHQlM0QlMjJTZWl0ZSUyMGRydWNrZW4lMjIlMjBpZCUzRCUyMnByaW50LWJ1dHRvbiUyMiUyMCUyRiUzRSUzQyUyRmElM0UlM0MlMkZkaXYlM0UlMEElM0MlMkZkaXYlM0U=[\/vc_raw_js][vc_column_text css=&#8221;.vc_custom_1529584761822{margin-top: 10px !important;}&#8221;]<\/p>\n<h1>Was ist LEADER?<\/h1>\n<p>LEADER ist das Akronym f\u00fcr \u201eLiaison entre actions de d\u00e9veloppement de l&#8217;\u00e9conomie rurale\u201c, was\u00a0aus dem Franz\u00f6sischen \u00fcbersetzt etwa \u201eSektor \u00fcbergreifende Initiative zur Entwicklung l\u00e4ndlicher Gebiete\u201c bedeutet, ist ein F\u00f6rderprogramm der Europ\u00e4ischen Union f\u00fcr den l\u00e4ndlichen Raum. Das Peiner Land hat sich erfolgreich f\u00fcr die EU-F\u00f6rderperiode von 2014 bis 2020 als LEADER-Region beworben. Hierzu hat die Region ein <a href=\"\/index.php\/material\/\">Regionales Entwicklungskonzept (REK)<\/a> erarbeitet, das unter anderem selbst gesetzte F\u00f6rderbedingungen enth\u00e4lt. Als LEADER-Region stehen dem Peiner Land insgesamt 2,4 Mio. \u20ac an F\u00f6rdermitteln, davon 1,8 Mio. \u20ac f\u00fcr Projekte, zur Verf\u00fcgung.[\/vc_column_text][vc_column_text]<\/p>\n<h1>F\u00f6rderhinweis<\/h1>\n<p>Europ\u00e4ischer Landwirtschaftsfonds f\u00fcr die Entwicklung des l\u00e4ndlichen Raums \u2013 ELER: Hier investiert Europa in die l\u00e4ndlichen Gebiete.[\/vc_column_text][\/vc_column][\/vc_row][vc_row][vc_column width=&#8221;1\/4&#8243;][\/vc_column][vc_column width=&#8221;3\/4&#8243;][vc_column_text]<img loading=\"lazy\" decoding=\"async\" class=\"alignnone wp-image-2053\" src=\"https:\/\/www.region-peiner-land.de\/wp-content\/uploads\/EULOGO_Hier20investiert.jpg\" alt=\"\" width=\"287\" height=\"208\" srcset=\"https:\/\/www.region-peiner-land.de\/wp-content\/uploads\/EULOGO_Hier20investiert.jpg 638w, https:\/\/www.region-peiner-land.de\/wp-content\/uploads\/EULOGO_Hier20investiert-300x217.jpg 300w\" sizes=\"auto, (max-width: 287px) 100vw, 287px\" \/><img loading=\"lazy\" decoding=\"async\" class=\"alignleft wp-image-2054\" src=\"https:\/\/www.region-peiner-land.de\/wp-content\/uploads\/Leader_07_13.jpg\" alt=\"\" width=\"200\" height=\"246\" \/>[\/vc_column_text][vc_column_text]Weitere Informationen und einen kurzen Film \u00fcber LEADER finden Sie auf den Seiten der <a href=\"https:\/\/www.netzwerk-laendlicher-raum.de\" target=\"_blank\" rel=\"noopener\">Deutschen Vernetzungsstelle L\u00e4ndlicher Raum.<\/a>[\/vc_column_text][vc_raw_js]JTNDaWZyYW1lJTIwd2lkdGglM0QlMjI1NjAlMjIlMjBoZWlnaHQlM0QlMjIzMTUlMjIlMjBzcmMlM0QlMjJodHRwcyUzQSUyRiUyRnd3dy55b3V0dWJlLmNvbSUyRmVtYmVkJTJGTFBxdklaSk9ST3MlM0ZyZWwlM0QwJTIyJTIwZnJhbWVib3JkZXIlM0QlMjIwJTIyJTIwYWxsb3clM0QlMjJhdXRvcGxheSUzQiUyMGVuY3J5cHRlZC1tZWRpYSUyMiUyMGFsbG93ZnVsbHNjcmVlbiUzRSUzQyUyRmlmcmFtZSUzRQ==[\/vc_raw_js][\/vc_column][\/vc_row]<\/p>\n<\/section>","protected":false},"excerpt":{"rendered":"<p>[vc_row full_width=&#8221;stretch_row_content_no_spaces&#8221;][vc_column el_class=&#8221;`{`metaslider id=207`}`&#8221;][vc_column_text][\/vc_column_text][\/vc_column][\/vc_row][vc_row][vc_column width=&#8221;1\/4&#8243;][vc_column_text] Leader Was ist LEADER? REK Peiner Land Lokale Aktionsgruppe (LAG) Von der Projektidee zur Umsetzung Weitere Gremien [\/vc_column_text][\/vc_column][vc_column width=&#8221;3\/4&#8243;][vc_raw_js]JTNDZGl2JTIwY2xhc3MlM0QlMjJjb250YWN0LWhlYWRlci1pbmxpbmUtYXJvdW5kJTIyJTNFJTBBJTNDZGl2JTIwY2xhc3MlM0QlMjJjb250YWN0LWhlYWRlci1pbmxpbmUtNSUyMiUzRSUzQ2ElMjBocmVmJTNEJTIyamF2YXNjcmlwdCUzQXdpbmRvdy5wcmludCUyOCUyOSUyMiUzRSUzQ2ltZyUyMHNyYyUzRCUyMmh0dHBzJTNBJTJGJTJGcmVnaW9uLXBlaW5lci1sYW5kLmRlJTJGd3AtY29udGVudCUyRnVwbG9hZHMlMkZwcmludC1idXR0b24tYmx1ZS1lMTUxOTgyMTA3MDg5MS5wbmclMjIlMjBhbHQlM0QlMjJTZWl0ZSUyMGRydWNrZW4lMjIlMjBpZCUzRCUyMnByaW50LWJ1dHRvbiUyMiUyMCUyRiUzRSUzQyUyRmElM0UlM0MlMkZkaXYlM0UlMEElM0MlMkZkaXYlM0U=[\/vc_raw_js][vc_column_text css=&#8221;.vc_custom_1529584761822{margin-top: 10px !important;}&#8221;] Was ist LEADER? LEADER ist das Akronym f\u00fcr \u201eLiaison entre actions de d\u00e9veloppement de l&#8217;\u00e9conomie rurale\u201c, was\u00a0aus dem Franz\u00f6sischen \u00fcbersetzt etwa \u201eSektor \u00fcbergreifende Initiative zur Entwicklung l\u00e4ndlicher Gebiete\u201c [&hellip;]<\/p>\n","protected":false},"author":1,"featured_media":0,"parent":0,"menu_order":0,"comment_status":"closed","ping_status":"closed","template":"","meta":{"iawp_total_views":40,"footnotes":""},"class_list":["post-1780","page","type-page","status-publish","hentry"],"_links":{"self":[{"href":"https:\/\/www.region-peiner-land.de\/index.php\/wp-json\/wp\/v2\/pages\/1780","targetHints":{"allow":["GET"]}}],"collection":[{"href":"https:\/\/www.region-peiner-land.de\/index.php\/wp-json\/wp\/v2\/pages"}],"about":[{"href":"https:\/\/www.region-peiner-land.de\/index.php\/wp-json\/wp\/v2\/types\/page"}],"author":[{"embeddable":true,"href":"https:\/\/www.region-peiner-land.de\/index.php\/wp-json\/wp\/v2\/users\/1"}],"replies":[{"embeddable":true,"href":"https:\/\/www.region-peiner-land.de\/index.php\/wp-json\/wp\/v2\/comments?post=1780"}],"version-history":[{"count":23,"href":"https:\/\/www.region-peiner-land.de\/index.php\/wp-json\/wp\/v2\/pages\/1780\/revisions"}],"predecessor-version":[{"id":2443,"href":"https:\/\/www.region-peiner-land.de\/index.php\/wp-json\/wp\/v2\/pages\/1780\/revisions\/2443"}],"wp:attachment":[{"href":"https:\/\/www.region-peiner-land.de\/index.php\/wp-json\/wp\/v2\/media?parent=1780"}],"curies":[{"name":"wp","href":"https:\/\/api.w.org\/{rel}","templated":true}]}}