{"id":2541,"date":"2021-03-17T16:05:07","date_gmt":"2021-03-17T15:05:07","guid":{"rendered":"https:\/\/www.region-peiner-land.de\/?page_id=2541"},"modified":"2022-12-14T10:11:37","modified_gmt":"2022-12-14T09:11:37","slug":"kuhstall","status":"publish","type":"page","link":"https:\/\/www.region-peiner-land.de\/index.php\/kuhstall\/","title":{"rendered":"Umbau Kuhstall &#8211; Begehbare Zeitr\u00e4ume"},"content":{"rendered":"<section class=\"wpb-content-wrapper\"><p>[vc_row full_width=&#8221;stretch_row_content_no_spaces&#8221;][vc_column][vc_column_text]<div id=\"metaslider-id-218\" style=\"width: 100%;\" class=\"ml-slider-3-108-0 metaslider metaslider-flex metaslider-218 ml-slider ms-theme-default nav-hidden\" role=\"region\" aria-label=\"2 Arbeitsfelder\" data-height=\"400\" data-width=\"2200\">\n    <div id=\"metaslider_container_218\">\n        <div id=\"metaslider_218\">\n            <ul class='slides'>\n                <li style=\"display: block; width: 100%;\" class=\"slide-1937 ms-image \" aria-roledescription=\"slide\" data-date=\"2018-02-28 10:24:35\" data-filename=\"IlsederHuette2.jpg\" data-slide-type=\"image\"><img loading=\"lazy\" decoding=\"async\" src=\"https:\/\/www.region-peiner-land.de\/wp-content\/uploads\/IlsederHuette2.jpg\" height=\"400\" width=\"2200\" alt=\"\" class=\"slider-218 slide-1937 msDefaultImage\" \/><\/li>\n                <li style=\"display: none; width: 100%;\" class=\"slide-1938 ms-image \" aria-roledescription=\"slide\" data-date=\"2018-02-28 10:24:36\" data-filename=\"Park-Vechelde_P1040431.jpg\" data-slide-type=\"image\"><img loading=\"lazy\" decoding=\"async\" src=\"https:\/\/www.region-peiner-land.de\/wp-content\/uploads\/Park-Vechelde_P1040431.jpg\" height=\"400\" width=\"2200\" alt=\"\" class=\"slider-218 slide-1938 msDefaultImage\" \/><\/li>\n                <li style=\"display: none; width: 100%;\" class=\"slide-1939 ms-image \" aria-roledescription=\"slide\" data-date=\"2018-02-28 10:24:36\" data-filename=\"Seilbahnberg-Ausblick-Lengede-8.jpg\" data-slide-type=\"image\"><img loading=\"lazy\" decoding=\"async\" src=\"https:\/\/www.region-peiner-land.de\/wp-content\/uploads\/Seilbahnberg-Ausblick-Lengede-8.jpg\" height=\"400\" width=\"2200\" alt=\"\" class=\"slider-218 slide-1939 msDefaultImage\" \/><\/li>\n                <li style=\"display: none; width: 100%;\" class=\"slide-1940 ms-image \" aria-roledescription=\"slide\" data-date=\"2018-02-28 10:24:36\" data-filename=\"Windm\u00fchle-Wendeburg-2.JPG.jpg\" data-slide-type=\"image\"><img loading=\"lazy\" decoding=\"async\" src=\"https:\/\/www.region-peiner-land.de\/wp-content\/uploads\/Windm\u00fchle-Wendeburg-2.JPG.jpg\" height=\"400\" width=\"2200\" alt=\"\" class=\"slider-218 slide-1940 msDefaultImage\" \/><\/li>\n                <li style=\"display: none; width: 100%;\" class=\"slide-1936 ms-image \" aria-roledescription=\"slide\" data-date=\"2018-02-28 10:24:35\" data-filename=\"Hofanlage-Plockhorst-2.jpg\" data-slide-type=\"image\"><img loading=\"lazy\" decoding=\"async\" src=\"https:\/\/www.region-peiner-land.de\/wp-content\/uploads\/Hofanlage-Plockhorst-2.jpg\" height=\"400\" width=\"2200\" alt=\"\" class=\"slider-218 slide-1936 msDefaultImage\" \/><\/li>\n                <li style=\"display: none; width: 100%;\" class=\"slide-1935 ms-image \" aria-roledescription=\"slide\" data-date=\"2018-02-28 10:24:35\" data-filename=\"Amthof-Peine-8.JPG.jpg\" data-slide-type=\"image\"><img loading=\"lazy\" decoding=\"async\" src=\"https:\/\/www.region-peiner-land.de\/wp-content\/uploads\/Amthof-Peine-8.JPG.jpg\" height=\"400\" width=\"2200\" alt=\"\" class=\"slider-218 slide-1935 msDefaultImage\" \/><\/li>\n            <\/ul>\n        <\/div>\n        \n    <\/div>\n<\/div>[\/vc_column_text][\/vc_column][\/vc_row][vc_row][vc_column width=&#8221;1\/4&#8243;][vc_column_text]<\/p>\n<div class=\"content-out\">\n<div class=\"content-list active-menu-left\" style=\"text-align: left;\"><a style=\"text-decoration: none;\" href=\"https:\/\/www.region-peiner-land.de\/index.php\/leader-2014-2020-2\/#1518691329687-549a5c26-0481\">Projekte 2014-2020<\/a><\/div>\n<\/div>\n<p>[\/vc_column_text][\/vc_column][vc_column width=&#8221;3\/4&#8243;][vc_raw_js]JTNDZGl2JTIwY2xhc3MlM0QlMjJjb250YWN0LWhlYWRlci1pbmxpbmUtYXJvdW5kJTIyJTNFJTBBJTNDZGl2JTIwY2xhc3MlM0QlMjJjb250YWN0LWhlYWRlci1pbmxpbmUtNSUyMiUzRSUzQ2ElMjBocmVmJTNEJTIyamF2YXNjcmlwdCUzQXdpbmRvdy5wcmludCUyOCUyOSUyMiUzRSUzQ2ltZyUyMHNyYyUzRCUyMmh0dHBzJTNBJTJGJTJGcmVnaW9uLXBlaW5lci1sYW5kLmRlJTJGd3AtY29udGVudCUyRnVwbG9hZHMlMkZwcmludC1idXR0b24tYmx1ZS1lMTUxOTgyMTA3MDg5MS5wbmclMjIlMjBhbHQlM0QlMjJTZWl0ZSUyMGRydWNrZW4lMjIlMjBpZCUzRCUyMnByaW50LWJ1dHRvbiUyMiUyMCUyRiUzRSUzQyUyRmElM0UlM0MlMkZkaXYlM0UlMEElM0MlMkZkaXYlM0U=[\/vc_raw_js][vc_column_text css=&#8221;.vc_custom_1671009079104{margin-top: 10px !important;margin-bottom: 45px !important;}&#8221;]<\/p>\n<h1>Umbau Kuhstall &#8211; Begehbare Zeitr\u00e4ume<\/h1>\n<p>Wer in der Gemeinde Vechelde unterwegs ist, sollte unbedingt die begehbaren Zeitr\u00e4ume in Bodenstedt besuchen. Im Haupthaus des ehemaligen Bauernhofes k\u00f6nnen Sie die verschiedenen Epochen durchlaufen, die das Geb\u00e4ude erlebt hat. Originaleinrichtung, Informationsstelen und Filmprojektionen helfen dabei, sich ein Bild von der Vergangenheit zu machen.<br \/>\nDirekt nebenan befinden sich der alte Pferdestall mit Hofcaf\u00e9 und der ehemalige Kuhstall. Mit Unterst\u00fctzung des LEADER-Programms hat die Gemeinde den Kuhstall umgebaut &#8211; der Boden und das Mauerwerk wurden entsalzt, neue Fenster und T\u00fcren eingebaut, Fu\u00dfbodenheizung und Beleuchtung eingebaut. Der Raum steht nun als Veranstaltungsort zur Verf\u00fcgung und erh\u00f6ht die Kapazit\u00e4t der Zeitr\u00e4ume f\u00fcr gr\u00f6\u00dfere Veranstaltungen und Angebote f\u00fcr Schulklassen. Au\u00dferdem ist er f\u00fcr Vortr\u00e4ge, Pr\u00e4sentationen, Seminare, Musik- und Kleinkunstveranstaltungen sowie Feiern nutzbar \u2013 alles im Charme des ehemaligen Bauernhofes.<\/p>\n<p>Bodenstedt liegt in der Gemeinde Vechelde. Der ehemalige Bauernhof befindet sich in der Hauptstra\u00dfe 10.[\/vc_column_text][vc_gallery type=&#8221;image_grid&#8221; images=&#8221;2734,2937,2938,2939&#8243; onclick=&#8221;img_link_large&#8221;][vc_column_text]<\/p>\n<h4><b>Projekttr\u00e4ger <\/b><\/h4>\n<p>Gemeinde Vechelde<\/p>\n<h4><strong>Ansprechpartnerin<\/strong><\/h4>\n<p>Britta Schwartz-Landeck<\/p>\n<h4><strong>Projektbeteiligte<\/strong><\/h4>\n<p>Kleineberg GmbH &amp; Co. KG Architekten und Ingenieure, RSW Technisches Consulting Techn.-B\u00fcro Vechelde, IGP Gockel PartGmbB \u2013 Ingenieure und gewerbliche Architektin<\/p>\n<p>[\/vc_column_text][vc_column_text]<strong>Gesamtkosten:<\/strong> 350.000 \u20ac<br \/>\n<strong>Leader-Zuschuss:<\/strong> 280.000 \u20ac<\/p>\n<p><strong>Umsetzung:<\/strong> 2017-2018<br \/>\n<strong>Umsetzungsstand:<\/strong> umgesetzt[\/vc_column_text][\/vc_column][\/vc_row]<\/p>\n<\/section>","protected":false},"excerpt":{"rendered":"<p>[vc_row full_width=&#8221;stretch_row_content_no_spaces&#8221;][vc_column][vc_column_text][\/vc_column_text][\/vc_column][\/vc_row][vc_row][vc_column width=&#8221;1\/4&#8243;][vc_column_text] Projekte 2014-2020 [\/vc_column_text][\/vc_column][vc_column width=&#8221;3\/4&#8243;][vc_raw_js]JTNDZGl2JTIwY2xhc3MlM0QlMjJjb250YWN0LWhlYWRlci1pbmxpbmUtYXJvdW5kJTIyJTNFJTBBJTNDZGl2JTIwY2xhc3MlM0QlMjJjb250YWN0LWhlYWRlci1pbmxpbmUtNSUyMiUzRSUzQ2ElMjBocmVmJTNEJTIyamF2YXNjcmlwdCUzQXdpbmRvdy5wcmludCUyOCUyOSUyMiUzRSUzQ2ltZyUyMHNyYyUzRCUyMmh0dHBzJTNBJTJGJTJGcmVnaW9uLXBlaW5lci1sYW5kLmRlJTJGd3AtY29udGVudCUyRnVwbG9hZHMlMkZwcmludC1idXR0b24tYmx1ZS1lMTUxOTgyMTA3MDg5MS5wbmclMjIlMjBhbHQlM0QlMjJTZWl0ZSUyMGRydWNrZW4lMjIlMjBpZCUzRCUyMnByaW50LWJ1dHRvbiUyMiUyMCUyRiUzRSUzQyUyRmElM0UlM0MlMkZkaXYlM0UlMEElM0MlMkZkaXYlM0U=[\/vc_raw_js][vc_column_text css=&#8221;.vc_custom_1671009079104{margin-top: 10px !important;margin-bottom: 45px !important;}&#8221;] Umbau Kuhstall &#8211; Begehbare Zeitr\u00e4ume Wer in der Gemeinde Vechelde unterwegs ist, sollte unbedingt die begehbaren Zeitr\u00e4ume in Bodenstedt besuchen. Im Haupthaus des ehemaligen Bauernhofes k\u00f6nnen Sie die verschiedenen Epochen durchlaufen, die das Geb\u00e4ude erlebt hat. Originaleinrichtung, Informationsstelen und Filmprojektionen helfen dabei, sich [&hellip;]<\/p>\n","protected":false},"author":4,"featured_media":0,"parent":0,"menu_order":2,"comment_status":"closed","ping_status":"closed","template":"","meta":{"iawp_total_views":51,"footnotes":""},"class_list":["post-2541","page","type-page","status-publish","hentry"],"_links":{"self":[{"href":"https:\/\/www.region-peiner-land.de\/index.php\/wp-json\/wp\/v2\/pages\/2541","targetHints":{"allow":["GET"]}}],"collection":[{"href":"https:\/\/www.region-peiner-land.de\/index.php\/wp-json\/wp\/v2\/pages"}],"about":[{"href":"https:\/\/www.region-peiner-land.de\/index.php\/wp-json\/wp\/v2\/types\/page"}],"author":[{"embeddable":true,"href":"https:\/\/www.region-peiner-land.de\/index.php\/wp-json\/wp\/v2\/users\/4"}],"replies":[{"embeddable":true,"href":"https:\/\/www.region-peiner-land.de\/index.php\/wp-json\/wp\/v2\/comments?post=2541"}],"version-history":[{"count":16,"href":"https:\/\/www.region-peiner-land.de\/index.php\/wp-json\/wp\/v2\/pages\/2541\/revisions"}],"predecessor-version":[{"id":2940,"href":"https:\/\/www.region-peiner-land.de\/index.php\/wp-json\/wp\/v2\/pages\/2541\/revisions\/2940"}],"wp:attachment":[{"href":"https:\/\/www.region-peiner-land.de\/index.php\/wp-json\/wp\/v2\/media?parent=2541"}],"curies":[{"name":"wp","href":"https:\/\/api.w.org\/{rel}","templated":true}]}}