{"id":2551,"date":"2022-12-01T13:47:14","date_gmt":"2022-12-01T12:47:14","guid":{"rendered":"https:\/\/www.region-peiner-land.de\/?page_id=2551"},"modified":"2022-12-14T09:57:17","modified_gmt":"2022-12-14T08:57:17","slug":"spritzenhius","status":"publish","type":"page","link":"https:\/\/www.region-peiner-land.de\/index.php\/spritzenhius\/","title":{"rendered":"Umbau des alten &#8220;Spritzenhius&#8221; in Lengede"},"content":{"rendered":"<section class=\"wpb-content-wrapper\"><p>[vc_row full_width=&#8221;stretch_row_content_no_spaces&#8221;][vc_column][vc_column_text]<div id=\"metaslider-id-218\" style=\"width: 100%;\" class=\"ml-slider-3-109-0 metaslider metaslider-flex metaslider-218 ml-slider ms-theme-default nav-hidden\" role=\"region\" aria-label=\"2 Arbeitsfelder\" data-height=\"400\" data-width=\"2200\">\n    <div id=\"metaslider_container_218\">\n        <div id=\"metaslider_218\">\n            <ul class='slides'>\n                <li style=\"display: block; width: 100%;\" class=\"slide-1937 ms-image \" aria-roledescription=\"slide\" data-date=\"2018-02-28 10:24:35\" data-filename=\"IlsederHuette2.jpg\" data-slide-type=\"image\"><img loading=\"lazy\" decoding=\"async\" src=\"https:\/\/www.region-peiner-land.de\/wp-content\/uploads\/IlsederHuette2.jpg\" height=\"400\" width=\"2200\" alt=\"\" class=\"slider-218 slide-1937 msDefaultImage\" \/><\/li>\n                <li style=\"display: none; width: 100%;\" class=\"slide-1938 ms-image \" aria-roledescription=\"slide\" data-date=\"2018-02-28 10:24:36\" data-filename=\"Park-Vechelde_P1040431.jpg\" data-slide-type=\"image\"><img loading=\"lazy\" decoding=\"async\" src=\"https:\/\/www.region-peiner-land.de\/wp-content\/uploads\/Park-Vechelde_P1040431.jpg\" height=\"400\" width=\"2200\" alt=\"\" class=\"slider-218 slide-1938 msDefaultImage\" \/><\/li>\n                <li style=\"display: none; width: 100%;\" class=\"slide-1939 ms-image \" aria-roledescription=\"slide\" data-date=\"2018-02-28 10:24:36\" data-filename=\"Seilbahnberg-Ausblick-Lengede-8.jpg\" data-slide-type=\"image\"><img loading=\"lazy\" decoding=\"async\" src=\"https:\/\/www.region-peiner-land.de\/wp-content\/uploads\/Seilbahnberg-Ausblick-Lengede-8.jpg\" height=\"400\" width=\"2200\" alt=\"\" class=\"slider-218 slide-1939 msDefaultImage\" \/><\/li>\n                <li style=\"display: none; width: 100%;\" class=\"slide-1940 ms-image \" aria-roledescription=\"slide\" data-date=\"2018-02-28 10:24:36\" data-filename=\"Windm\u00fchle-Wendeburg-2.JPG.jpg\" data-slide-type=\"image\"><img loading=\"lazy\" decoding=\"async\" src=\"https:\/\/www.region-peiner-land.de\/wp-content\/uploads\/Windm\u00fchle-Wendeburg-2.JPG.jpg\" height=\"400\" width=\"2200\" alt=\"\" class=\"slider-218 slide-1940 msDefaultImage\" \/><\/li>\n                <li style=\"display: none; width: 100%;\" class=\"slide-1936 ms-image \" aria-roledescription=\"slide\" data-date=\"2018-02-28 10:24:35\" data-filename=\"Hofanlage-Plockhorst-2.jpg\" data-slide-type=\"image\"><img loading=\"lazy\" decoding=\"async\" src=\"https:\/\/www.region-peiner-land.de\/wp-content\/uploads\/Hofanlage-Plockhorst-2.jpg\" height=\"400\" width=\"2200\" alt=\"\" class=\"slider-218 slide-1936 msDefaultImage\" \/><\/li>\n                <li style=\"display: none; width: 100%;\" class=\"slide-1935 ms-image \" aria-roledescription=\"slide\" data-date=\"2018-02-28 10:24:35\" data-filename=\"Amthof-Peine-8.JPG.jpg\" data-slide-type=\"image\"><img loading=\"lazy\" decoding=\"async\" src=\"https:\/\/www.region-peiner-land.de\/wp-content\/uploads\/Amthof-Peine-8.JPG.jpg\" height=\"400\" width=\"2200\" alt=\"\" class=\"slider-218 slide-1935 msDefaultImage\" \/><\/li>\n            <\/ul>\n        <\/div>\n        \n    <\/div>\n<\/div>[\/vc_column_text][\/vc_column][\/vc_row][vc_row][vc_column width=&#8221;1\/4&#8243;][vc_column_text]<\/p>\n<div class=\"content-out\">\n<div class=\"content-list active-menu-left\"><a style=\"text-decoration: none;\" href=\"http:\/\/index.php\/peiner-land\/\">Region Peiner Land<\/a><\/div>\n<\/div>\n<p>[\/vc_column_text][\/vc_column][vc_column width=&#8221;3\/4&#8243;][vc_raw_js]JTNDZGl2JTIwY2xhc3MlM0QlMjJjb250YWN0LWhlYWRlci1pbmxpbmUtYXJvdW5kJTIyJTNFJTBBJTNDZGl2JTIwY2xhc3MlM0QlMjJjb250YWN0LWhlYWRlci1pbmxpbmUtNSUyMiUzRSUzQ2ElMjBocmVmJTNEJTIyamF2YXNjcmlwdCUzQXdpbmRvdy5wcmludCUyOCUyOSUyMiUzRSUzQ2ltZyUyMHNyYyUzRCUyMmh0dHBzJTNBJTJGJTJGcmVnaW9uLXBlaW5lci1sYW5kLmRlJTJGd3AtY29udGVudCUyRnVwbG9hZHMlMkZwcmludC1idXR0b24tYmx1ZS1lMTUxOTgyMTA3MDg5MS5wbmclMjIlMjBhbHQlM0QlMjJTZWl0ZSUyMGRydWNrZW4lMjIlMjBpZCUzRCUyMnByaW50LWJ1dHRvbiUyMiUyMCUyRiUzRSUzQyUyRmElM0UlM0MlMkZkaXYlM0UlMEElM0MlMkZkaXYlM0U=[\/vc_raw_js][vc_column_text css=&#8221;.vc_custom_1669911253327{margin-top: 10px !important;margin-bottom: 45px !important;}&#8221;]<\/p>\n<h1>Umbau des alten &#8220;Spritzenhius&#8221; in Lengede<\/h1>\n<p>Das alte denkmalgesch\u00fctzte \u201eSpritzenhuis\u201c in Lengede ist nicht nur \u00e4u\u00dferlich ein Hingucker. Mit dem Um- und Ausbau k\u00f6nnen nun auch in den Innenr\u00e4umen Sonderausstellungen, Vortr\u00e4ge, Pr\u00e4sentationen und au\u00dferschulische Angebote stattfinden. Au\u00dferdem lagern hier die Exponate der Ausstellung des ber\u00fchmten \u201eWunder von Lengede\u201c. Die Dauerausstellung befindet sich im Rathaus Lengede und ist zu den \u00d6ffnungszeiten zu besichtigen.<br \/>\nIm Erdgeschoss des ehemaligen Feuerwehrhauses befindet sich ein gro\u00dfer barrierefreier Mehrzweck-Veranstaltungsraum, im ersten Obergeschoss haben die Ortsheimatpflege und die Arbeitsgruppe Bergbau ihre R\u00e4umlichkeiten und im Dachgeschoss befindet sich das Bergbau-Archiv. Zudem besitzt das Spritzenhius eine von au\u00dfen zug\u00e4ngliche behindertengerechte \u00f6ffentliche Toilette.<\/p>\n<p>Das Spritzenhius befindet sich in der B\u00e4ckerstra\u00dfe 1 in Lengede.<br \/>\nDie Bergbauausstellung Lengede ist im Vallstedter Weg 1 ind Lengede.[\/vc_column_text][vc_gallery type=&#8221;image_grid&#8221; images=&#8221;2619,2932,2933&#8243; onclick=&#8221;img_link_large&#8221;][vc_column_text]<\/p>\n<h4><b>Projekttr\u00e4ger <\/b><\/h4>\n<p>Gemeinde Lengede<\/p>\n<h4><strong>Ansprechpartner<br \/>\n<\/strong><\/h4>\n<p>Cord Heinrich Helmke<\/p>\n<h4><strong>Projektbeteiligte<\/strong><\/h4>\n<p>Ortsheimatpfleger, Landfrauenverband, Kulturverein Lengede, Siedlergemeinschaft Lengede, Seniorenkreis Lengede[\/vc_column_text][vc_column_text]<strong>Gesamtkosten:\u00a0<\/strong>270.000 \u20ac<br \/>\n<strong>Leader-Zuschuss:<\/strong> 114.000 \u20ac<\/p>\n<p><strong>Umsetzung:<\/strong> 2018-2019<br \/>\n<strong>Umsetzungsstand:<\/strong> umgesetzt[\/vc_column_text][\/vc_column][\/vc_row]<\/p>\n<\/section>","protected":false},"excerpt":{"rendered":"<p>[vc_row full_width=&#8221;stretch_row_content_no_spaces&#8221;][vc_column][vc_column_text][\/vc_column_text][\/vc_column][\/vc_row][vc_row][vc_column width=&#8221;1\/4&#8243;][vc_column_text] Region Peiner Land [\/vc_column_text][\/vc_column][vc_column width=&#8221;3\/4&#8243;][vc_raw_js]JTNDZGl2JTIwY2xhc3MlM0QlMjJjb250YWN0LWhlYWRlci1pbmxpbmUtYXJvdW5kJTIyJTNFJTBBJTNDZGl2JTIwY2xhc3MlM0QlMjJjb250YWN0LWhlYWRlci1pbmxpbmUtNSUyMiUzRSUzQ2ElMjBocmVmJTNEJTIyamF2YXNjcmlwdCUzQXdpbmRvdy5wcmludCUyOCUyOSUyMiUzRSUzQ2ltZyUyMHNyYyUzRCUyMmh0dHBzJTNBJTJGJTJGcmVnaW9uLXBlaW5lci1sYW5kLmRlJTJGd3AtY29udGVudCUyRnVwbG9hZHMlMkZwcmludC1idXR0b24tYmx1ZS1lMTUxOTgyMTA3MDg5MS5wbmclMjIlMjBhbHQlM0QlMjJTZWl0ZSUyMGRydWNrZW4lMjIlMjBpZCUzRCUyMnByaW50LWJ1dHRvbiUyMiUyMCUyRiUzRSUzQyUyRmElM0UlM0MlMkZkaXYlM0UlMEElM0MlMkZkaXYlM0U=[\/vc_raw_js][vc_column_text css=&#8221;.vc_custom_1669911253327{margin-top: 10px !important;margin-bottom: 45px !important;}&#8221;] Umbau des alten &#8220;Spritzenhius&#8221; in Lengede Das alte denkmalgesch\u00fctzte \u201eSpritzenhuis\u201c in Lengede ist nicht nur \u00e4u\u00dferlich ein Hingucker. Mit dem Um- und Ausbau k\u00f6nnen nun auch in den Innenr\u00e4umen Sonderausstellungen, Vortr\u00e4ge, Pr\u00e4sentationen und au\u00dferschulische Angebote stattfinden. Au\u00dferdem lagern hier die Exponate der [&hellip;]<\/p>\n","protected":false},"author":4,"featured_media":0,"parent":0,"menu_order":2,"comment_status":"closed","ping_status":"closed","template":"","meta":{"iawp_total_views":17,"footnotes":""},"class_list":["post-2551","page","type-page","status-publish","hentry"],"_links":{"self":[{"href":"https:\/\/www.region-peiner-land.de\/index.php\/wp-json\/wp\/v2\/pages\/2551","targetHints":{"allow":["GET"]}}],"collection":[{"href":"https:\/\/www.region-peiner-land.de\/index.php\/wp-json\/wp\/v2\/pages"}],"about":[{"href":"https:\/\/www.region-peiner-land.de\/index.php\/wp-json\/wp\/v2\/types\/page"}],"author":[{"embeddable":true,"href":"https:\/\/www.region-peiner-land.de\/index.php\/wp-json\/wp\/v2\/users\/4"}],"replies":[{"embeddable":true,"href":"https:\/\/www.region-peiner-land.de\/index.php\/wp-json\/wp\/v2\/comments?post=2551"}],"version-history":[{"count":10,"href":"https:\/\/www.region-peiner-land.de\/index.php\/wp-json\/wp\/v2\/pages\/2551\/revisions"}],"predecessor-version":[{"id":2935,"href":"https:\/\/www.region-peiner-land.de\/index.php\/wp-json\/wp\/v2\/pages\/2551\/revisions\/2935"}],"wp:attachment":[{"href":"https:\/\/www.region-peiner-land.de\/index.php\/wp-json\/wp\/v2\/media?parent=2551"}],"curies":[{"name":"wp","href":"https:\/\/api.w.org\/{rel}","templated":true}]}}