{"id":2563,"date":"2022-12-01T13:07:58","date_gmt":"2022-12-01T12:07:58","guid":{"rendered":"https:\/\/www.region-peiner-land.de\/?page_id=2563"},"modified":"2022-12-13T17:01:22","modified_gmt":"2022-12-13T16:01:22","slug":"kigaduttenstedt","status":"publish","type":"page","link":"https:\/\/www.region-peiner-land.de\/index.php\/kigaduttenstedt\/","title":{"rendered":"Barrierearmer Kiga Duttenstedt"},"content":{"rendered":"<section class=\"wpb-content-wrapper\"><p>[vc_row full_width=&#8221;stretch_row_content_no_spaces&#8221;][vc_column][vc_column_text]<div id=\"metaslider-id-218\" style=\"width: 100%;\" class=\"ml-slider-3-108-0 metaslider metaslider-flex metaslider-218 ml-slider ms-theme-default nav-hidden\" role=\"region\" aria-label=\"2 Arbeitsfelder\" data-height=\"400\" data-width=\"2200\">\n    <div id=\"metaslider_container_218\">\n        <div id=\"metaslider_218\">\n            <ul class='slides'>\n                <li style=\"display: block; width: 100%;\" class=\"slide-1937 ms-image \" aria-roledescription=\"slide\" data-date=\"2018-02-28 10:24:35\" data-filename=\"IlsederHuette2.jpg\" data-slide-type=\"image\"><img loading=\"lazy\" decoding=\"async\" src=\"https:\/\/www.region-peiner-land.de\/wp-content\/uploads\/IlsederHuette2.jpg\" height=\"400\" width=\"2200\" alt=\"\" class=\"slider-218 slide-1937 msDefaultImage\" \/><\/li>\n                <li style=\"display: none; width: 100%;\" class=\"slide-1938 ms-image \" aria-roledescription=\"slide\" data-date=\"2018-02-28 10:24:36\" data-filename=\"Park-Vechelde_P1040431.jpg\" data-slide-type=\"image\"><img loading=\"lazy\" decoding=\"async\" src=\"https:\/\/www.region-peiner-land.de\/wp-content\/uploads\/Park-Vechelde_P1040431.jpg\" height=\"400\" width=\"2200\" alt=\"\" class=\"slider-218 slide-1938 msDefaultImage\" \/><\/li>\n                <li style=\"display: none; width: 100%;\" class=\"slide-1939 ms-image \" aria-roledescription=\"slide\" data-date=\"2018-02-28 10:24:36\" data-filename=\"Seilbahnberg-Ausblick-Lengede-8.jpg\" data-slide-type=\"image\"><img loading=\"lazy\" decoding=\"async\" src=\"https:\/\/www.region-peiner-land.de\/wp-content\/uploads\/Seilbahnberg-Ausblick-Lengede-8.jpg\" height=\"400\" width=\"2200\" alt=\"\" class=\"slider-218 slide-1939 msDefaultImage\" \/><\/li>\n                <li style=\"display: none; width: 100%;\" class=\"slide-1940 ms-image \" aria-roledescription=\"slide\" data-date=\"2018-02-28 10:24:36\" data-filename=\"Windm\u00fchle-Wendeburg-2.JPG.jpg\" data-slide-type=\"image\"><img loading=\"lazy\" decoding=\"async\" src=\"https:\/\/www.region-peiner-land.de\/wp-content\/uploads\/Windm\u00fchle-Wendeburg-2.JPG.jpg\" height=\"400\" width=\"2200\" alt=\"\" class=\"slider-218 slide-1940 msDefaultImage\" \/><\/li>\n                <li style=\"display: none; width: 100%;\" class=\"slide-1936 ms-image \" aria-roledescription=\"slide\" data-date=\"2018-02-28 10:24:35\" data-filename=\"Hofanlage-Plockhorst-2.jpg\" data-slide-type=\"image\"><img loading=\"lazy\" decoding=\"async\" src=\"https:\/\/www.region-peiner-land.de\/wp-content\/uploads\/Hofanlage-Plockhorst-2.jpg\" height=\"400\" width=\"2200\" alt=\"\" class=\"slider-218 slide-1936 msDefaultImage\" \/><\/li>\n                <li style=\"display: none; width: 100%;\" class=\"slide-1935 ms-image \" aria-roledescription=\"slide\" data-date=\"2018-02-28 10:24:35\" data-filename=\"Amthof-Peine-8.JPG.jpg\" data-slide-type=\"image\"><img loading=\"lazy\" decoding=\"async\" src=\"https:\/\/www.region-peiner-land.de\/wp-content\/uploads\/Amthof-Peine-8.JPG.jpg\" height=\"400\" width=\"2200\" alt=\"\" class=\"slider-218 slide-1935 msDefaultImage\" \/><\/li>\n            <\/ul>\n        <\/div>\n        \n    <\/div>\n<\/div>[\/vc_column_text][\/vc_column][\/vc_row][vc_row][vc_column width=&#8221;1\/4&#8243;][vc_column_text]<\/p>\n<div class=\"content-out\">\n<div class=\"content-list active-menu-left\"><a style=\"text-decoration: none;\" href=\"http:\/\/index.php\/peiner-land\/\">Region Peiner Land<\/a><\/div>\n<\/div>\n<p>[\/vc_column_text][\/vc_column][vc_column width=&#8221;3\/4&#8243;][vc_raw_js]JTNDZGl2JTIwY2xhc3MlM0QlMjJjb250YWN0LWhlYWRlci1pbmxpbmUtYXJvdW5kJTIyJTNFJTBBJTNDZGl2JTIwY2xhc3MlM0QlMjJjb250YWN0LWhlYWRlci1pbmxpbmUtNSUyMiUzRSUzQ2ElMjBocmVmJTNEJTIyamF2YXNjcmlwdCUzQXdpbmRvdy5wcmludCUyOCUyOSUyMiUzRSUzQ2ltZyUyMHNyYyUzRCUyMmh0dHBzJTNBJTJGJTJGcmVnaW9uLXBlaW5lci1sYW5kLmRlJTJGd3AtY29udGVudCUyRnVwbG9hZHMlMkZwcmludC1idXR0b24tYmx1ZS1lMTUxOTgyMTA3MDg5MS5wbmclMjIlMjBhbHQlM0QlMjJTZWl0ZSUyMGRydWNrZW4lMjIlMjBpZCUzRCUyMnByaW50LWJ1dHRvbiUyMiUyMCUyRiUzRSUzQyUyRmElM0UlM0MlMkZkaXYlM0UlMEElM0MlMkZkaXYlM0U=[\/vc_raw_js][vc_column_text css=&#8221;.vc_custom_1670947279165{margin-top: 10px !important;margin-bottom: 45px !important;}&#8221;]<\/p>\n<h1>Barrierearmer Kiga Duttenstedt<\/h1>\n<p>Das Fachwerkgeb\u00e4ude in Duttenstett beherbergt einen Kindergarten und eine Altenbegegnungsst\u00e4tte. Um das historische Geb\u00e4ude erhalten und unter den Bedingungen der Inklusion weiterhin nutzen zu k\u00f6nnen, wurden der Zugang und die Nutzbarkeit so hergestellt, dass Menschen mit k\u00f6rperlichen Einschr\u00e4nkungen das Geb\u00e4ude selbst\u00e4ndig nutzen k\u00f6nnen. Daf\u00fcr wurde der T\u00fcrdurchbruch verbreitert und eine neue T\u00fcr eingesetzt, die die Kita mit der Begegnungsst\u00e4tte verbindet, die bereits barrierefrei \u00fcber eine Rampe erschlossen ist.[\/vc_column_text][vc_gallery type=&#8221;image_grid&#8221; images=&#8221;2883&#8243; onclick=&#8221;img_link_large&#8221;][vc_column_text]<\/p>\n<h4><b>Projekttr\u00e4ger <\/b><\/h4>\n<p>Stadt Peine, Amt Hochbau, Abteilung Architektur<\/p>\n<h4><strong>Ansprechpartnerin<br \/>\n<\/strong><\/h4>\n<p>Frau Wetzig[\/vc_column_text][vc_column_text]<strong>Gesamtkosten: <\/strong>5.000 \u20ac<br \/>\n<strong>Leader-Zuschuss:<\/strong> 3.350 \u20ac<\/p>\n<p><strong>Umsetzung:<\/strong> 2018-2019<br \/>\n<strong>Umsetzungsstand:<\/strong> umgesetzt[\/vc_column_text][\/vc_column][\/vc_row]<\/p>\n<\/section>","protected":false},"excerpt":{"rendered":"<p>[vc_row full_width=&#8221;stretch_row_content_no_spaces&#8221;][vc_column][vc_column_text][\/vc_column_text][\/vc_column][\/vc_row][vc_row][vc_column width=&#8221;1\/4&#8243;][vc_column_text] Region Peiner Land [\/vc_column_text][\/vc_column][vc_column width=&#8221;3\/4&#8243;][vc_raw_js]JTNDZGl2JTIwY2xhc3MlM0QlMjJjb250YWN0LWhlYWRlci1pbmxpbmUtYXJvdW5kJTIyJTNFJTBBJTNDZGl2JTIwY2xhc3MlM0QlMjJjb250YWN0LWhlYWRlci1pbmxpbmUtNSUyMiUzRSUzQ2ElMjBocmVmJTNEJTIyamF2YXNjcmlwdCUzQXdpbmRvdy5wcmludCUyOCUyOSUyMiUzRSUzQ2ltZyUyMHNyYyUzRCUyMmh0dHBzJTNBJTJGJTJGcmVnaW9uLXBlaW5lci1sYW5kLmRlJTJGd3AtY29udGVudCUyRnVwbG9hZHMlMkZwcmludC1idXR0b24tYmx1ZS1lMTUxOTgyMTA3MDg5MS5wbmclMjIlMjBhbHQlM0QlMjJTZWl0ZSUyMGRydWNrZW4lMjIlMjBpZCUzRCUyMnByaW50LWJ1dHRvbiUyMiUyMCUyRiUzRSUzQyUyRmElM0UlM0MlMkZkaXYlM0UlMEElM0MlMkZkaXYlM0U=[\/vc_raw_js][vc_column_text css=&#8221;.vc_custom_1670947279165{margin-top: 10px !important;margin-bottom: 45px !important;}&#8221;] Barrierearmer Kiga Duttenstedt Das Fachwerkgeb\u00e4ude in Duttenstett beherbergt einen Kindergarten und eine Altenbegegnungsst\u00e4tte. Um das historische Geb\u00e4ude erhalten und unter den Bedingungen der Inklusion weiterhin nutzen zu k\u00f6nnen, wurden der Zugang und die Nutzbarkeit so hergestellt, dass Menschen mit k\u00f6rperlichen Einschr\u00e4nkungen das [&hellip;]<\/p>\n","protected":false},"author":4,"featured_media":0,"parent":0,"menu_order":2,"comment_status":"closed","ping_status":"closed","template":"","meta":{"iawp_total_views":3,"footnotes":""},"class_list":["post-2563","page","type-page","status-publish","hentry"],"_links":{"self":[{"href":"https:\/\/www.region-peiner-land.de\/index.php\/wp-json\/wp\/v2\/pages\/2563","targetHints":{"allow":["GET"]}}],"collection":[{"href":"https:\/\/www.region-peiner-land.de\/index.php\/wp-json\/wp\/v2\/pages"}],"about":[{"href":"https:\/\/www.region-peiner-land.de\/index.php\/wp-json\/wp\/v2\/types\/page"}],"author":[{"embeddable":true,"href":"https:\/\/www.region-peiner-land.de\/index.php\/wp-json\/wp\/v2\/users\/4"}],"replies":[{"embeddable":true,"href":"https:\/\/www.region-peiner-land.de\/index.php\/wp-json\/wp\/v2\/comments?post=2563"}],"version-history":[{"count":12,"href":"https:\/\/www.region-peiner-land.de\/index.php\/wp-json\/wp\/v2\/pages\/2563\/revisions"}],"predecessor-version":[{"id":2891,"href":"https:\/\/www.region-peiner-land.de\/index.php\/wp-json\/wp\/v2\/pages\/2563\/revisions\/2891"}],"wp:attachment":[{"href":"https:\/\/www.region-peiner-land.de\/index.php\/wp-json\/wp\/v2\/media?parent=2563"}],"curies":[{"name":"wp","href":"https:\/\/api.w.org\/{rel}","templated":true}]}}