{"id":2577,"date":"2022-12-01T13:45:03","date_gmt":"2022-12-01T12:45:03","guid":{"rendered":"https:\/\/www.region-peiner-land.de\/?page_id=2577"},"modified":"2022-12-14T13:17:33","modified_gmt":"2022-12-14T12:17:33","slug":"eladesaeule","status":"publish","type":"page","link":"https:\/\/www.region-peiner-land.de\/index.php\/eladesaeule\/","title":{"rendered":"\u00d6ffentliche E-Lades\u00e4ulen am Starterhof in Ilsede"},"content":{"rendered":"<section class=\"wpb-content-wrapper\"><p>[vc_row full_width=&#8221;stretch_row_content_no_spaces&#8221;][vc_column][vc_column_text]<div id=\"metaslider-id-218\" style=\"width: 100%;\" class=\"ml-slider-3-108-0 metaslider metaslider-flex metaslider-218 ml-slider ms-theme-default nav-hidden\" role=\"region\" aria-label=\"2 Arbeitsfelder\" data-height=\"400\" data-width=\"2200\">\n    <div id=\"metaslider_container_218\">\n        <div id=\"metaslider_218\">\n            <ul class='slides'>\n                <li style=\"display: block; width: 100%;\" class=\"slide-1937 ms-image \" aria-roledescription=\"slide\" data-date=\"2018-02-28 10:24:35\" data-filename=\"IlsederHuette2.jpg\" data-slide-type=\"image\"><img loading=\"lazy\" decoding=\"async\" src=\"https:\/\/www.region-peiner-land.de\/wp-content\/uploads\/IlsederHuette2.jpg\" height=\"400\" width=\"2200\" alt=\"\" class=\"slider-218 slide-1937 msDefaultImage\" \/><\/li>\n                <li style=\"display: none; width: 100%;\" class=\"slide-1938 ms-image \" aria-roledescription=\"slide\" data-date=\"2018-02-28 10:24:36\" data-filename=\"Park-Vechelde_P1040431.jpg\" data-slide-type=\"image\"><img loading=\"lazy\" decoding=\"async\" src=\"https:\/\/www.region-peiner-land.de\/wp-content\/uploads\/Park-Vechelde_P1040431.jpg\" height=\"400\" width=\"2200\" alt=\"\" class=\"slider-218 slide-1938 msDefaultImage\" \/><\/li>\n                <li style=\"display: none; width: 100%;\" class=\"slide-1939 ms-image \" aria-roledescription=\"slide\" data-date=\"2018-02-28 10:24:36\" data-filename=\"Seilbahnberg-Ausblick-Lengede-8.jpg\" data-slide-type=\"image\"><img loading=\"lazy\" decoding=\"async\" src=\"https:\/\/www.region-peiner-land.de\/wp-content\/uploads\/Seilbahnberg-Ausblick-Lengede-8.jpg\" height=\"400\" width=\"2200\" alt=\"\" class=\"slider-218 slide-1939 msDefaultImage\" \/><\/li>\n                <li style=\"display: none; width: 100%;\" class=\"slide-1940 ms-image \" aria-roledescription=\"slide\" data-date=\"2018-02-28 10:24:36\" data-filename=\"Windm\u00fchle-Wendeburg-2.JPG.jpg\" data-slide-type=\"image\"><img loading=\"lazy\" decoding=\"async\" src=\"https:\/\/www.region-peiner-land.de\/wp-content\/uploads\/Windm\u00fchle-Wendeburg-2.JPG.jpg\" height=\"400\" width=\"2200\" alt=\"\" class=\"slider-218 slide-1940 msDefaultImage\" \/><\/li>\n                <li style=\"display: none; width: 100%;\" class=\"slide-1936 ms-image \" aria-roledescription=\"slide\" data-date=\"2018-02-28 10:24:35\" data-filename=\"Hofanlage-Plockhorst-2.jpg\" data-slide-type=\"image\"><img loading=\"lazy\" decoding=\"async\" src=\"https:\/\/www.region-peiner-land.de\/wp-content\/uploads\/Hofanlage-Plockhorst-2.jpg\" height=\"400\" width=\"2200\" alt=\"\" class=\"slider-218 slide-1936 msDefaultImage\" \/><\/li>\n                <li style=\"display: none; width: 100%;\" class=\"slide-1935 ms-image \" aria-roledescription=\"slide\" data-date=\"2018-02-28 10:24:35\" data-filename=\"Amthof-Peine-8.JPG.jpg\" data-slide-type=\"image\"><img loading=\"lazy\" decoding=\"async\" src=\"https:\/\/www.region-peiner-land.de\/wp-content\/uploads\/Amthof-Peine-8.JPG.jpg\" height=\"400\" width=\"2200\" alt=\"\" class=\"slider-218 slide-1935 msDefaultImage\" \/><\/li>\n            <\/ul>\n        <\/div>\n        \n    <\/div>\n<\/div>[\/vc_column_text][\/vc_column][\/vc_row][vc_row][vc_column width=&#8221;1\/4&#8243;][vc_column_text]<\/p>\n<div class=\"content-out\">\n<div class=\"content-list active-menu-left\"><a style=\"text-decoration: none;\" href=\"http:\/\/index.php\/peiner-land\/\">Region Peiner Land<\/a><\/div>\n<\/div>\n<p>[\/vc_column_text][\/vc_column][vc_column width=&#8221;3\/4&#8243;][vc_raw_js]JTNDZGl2JTIwY2xhc3MlM0QlMjJjb250YWN0LWhlYWRlci1pbmxpbmUtYXJvdW5kJTIyJTNFJTBBJTNDZGl2JTIwY2xhc3MlM0QlMjJjb250YWN0LWhlYWRlci1pbmxpbmUtNSUyMiUzRSUzQ2ElMjBocmVmJTNEJTIyamF2YXNjcmlwdCUzQXdpbmRvdy5wcmludCUyOCUyOSUyMiUzRSUzQ2ltZyUyMHNyYyUzRCUyMmh0dHBzJTNBJTJGJTJGcmVnaW9uLXBlaW5lci1sYW5kLmRlJTJGd3AtY29udGVudCUyRnVwbG9hZHMlMkZwcmludC1idXR0b24tYmx1ZS1lMTUxOTgyMTA3MDg5MS5wbmclMjIlMjBhbHQlM0QlMjJTZWl0ZSUyMGRydWNrZW4lMjIlMjBpZCUzRCUyMnByaW50LWJ1dHRvbiUyMiUyMCUyRiUzRSUzQyUyRmElM0UlM0MlMkZkaXYlM0UlMEElM0MlMkZkaXYlM0U=[\/vc_raw_js][vc_column_text css=&#8221;.vc_custom_1671020103151{margin-top: 10px !important;margin-bottom: 45px !important;}&#8221;]<\/p>\n<h1>\u00d6ffentliche E-Lades\u00e4ulen am Starterhof in Ilsede<\/h1>\n<p>\u00d6ffentlich zug\u00e4ngliche E-Lades\u00e4ulen sind f\u00fcr das Gelingen der Verkehrswende von zentraler Bedeutung. \u00dcber LEADER wurde daher das Projekt angesto\u00dfen, eine \u00f6ffentliche E-Lades\u00e4ule in Ilsede aufzustellen, um zur Verbesserung der Ladeinfrastruktur beizutragen. Mit Eigenmitteln hat die Gemeinde Ilsede dieses Projekt umgesetzt und seit 2018 steht am Starterhof eine Lades\u00e4ule mit zwei Ladepanelen mit jeweils einer Steckdose Typ2 (bis zu 22 kW) und einer Schuko-Steckdose (3 kW). DieAutorisierung f\u00fcr die S\u00e4ule erfolgt per SMS in Verbindung mit einem E-Mobility-Leitstand und per RFID-Karte. Die Nutzung ist zun\u00e4chst kostenlos.[\/vc_column_text][vc_gallery type=&#8221;image_grid&#8221; images=&#8221;2614,2615,2616,2966&#8243; onclick=&#8221;img_link_large&#8221;][vc_column_text]<\/p>\n<h4><b>Projekttr\u00e4ger <\/b><\/h4>\n<p>Gemeinde Ilsede<\/p>\n<h4><strong>Ansprechpartner <\/strong><\/h4>\n<p>J\u00fcrgen Rengers[\/vc_column_text][vc_column_text]<strong>Gesamtkosten:\u00a0<\/strong>15.000 \u20ac<strong><br \/>\nLeader-Zuschuss:<\/strong> \u2013<\/p>\n<p><strong>Umsetzung:<\/strong> 2018<br \/>\n<strong>Umsetzungsstand:<\/strong> umgesetzt[\/vc_column_text][\/vc_column][\/vc_row]<\/p>\n<\/section>","protected":false},"excerpt":{"rendered":"<p>[vc_row full_width=&#8221;stretch_row_content_no_spaces&#8221;][vc_column][vc_column_text][\/vc_column_text][\/vc_column][\/vc_row][vc_row][vc_column width=&#8221;1\/4&#8243;][vc_column_text] Region Peiner Land [\/vc_column_text][\/vc_column][vc_column width=&#8221;3\/4&#8243;][vc_raw_js]JTNDZGl2JTIwY2xhc3MlM0QlMjJjb250YWN0LWhlYWRlci1pbmxpbmUtYXJvdW5kJTIyJTNFJTBBJTNDZGl2JTIwY2xhc3MlM0QlMjJjb250YWN0LWhlYWRlci1pbmxpbmUtNSUyMiUzRSUzQ2ElMjBocmVmJTNEJTIyamF2YXNjcmlwdCUzQXdpbmRvdy5wcmludCUyOCUyOSUyMiUzRSUzQ2ltZyUyMHNyYyUzRCUyMmh0dHBzJTNBJTJGJTJGcmVnaW9uLXBlaW5lci1sYW5kLmRlJTJGd3AtY29udGVudCUyRnVwbG9hZHMlMkZwcmludC1idXR0b24tYmx1ZS1lMTUxOTgyMTA3MDg5MS5wbmclMjIlMjBhbHQlM0QlMjJTZWl0ZSUyMGRydWNrZW4lMjIlMjBpZCUzRCUyMnByaW50LWJ1dHRvbiUyMiUyMCUyRiUzRSUzQyUyRmElM0UlM0MlMkZkaXYlM0UlMEElM0MlMkZkaXYlM0U=[\/vc_raw_js][vc_column_text css=&#8221;.vc_custom_1671020103151{margin-top: 10px !important;margin-bottom: 45px !important;}&#8221;] \u00d6ffentliche E-Lades\u00e4ulen am Starterhof in Ilsede \u00d6ffentlich zug\u00e4ngliche E-Lades\u00e4ulen sind f\u00fcr das Gelingen der Verkehrswende von zentraler Bedeutung. \u00dcber LEADER wurde daher das Projekt angesto\u00dfen, eine \u00f6ffentliche E-Lades\u00e4ule in Ilsede aufzustellen, um zur Verbesserung der Ladeinfrastruktur beizutragen. Mit Eigenmitteln hat die Gemeinde [&hellip;]<\/p>\n","protected":false},"author":4,"featured_media":0,"parent":0,"menu_order":2,"comment_status":"closed","ping_status":"closed","template":"","meta":{"iawp_total_views":5,"footnotes":""},"class_list":["post-2577","page","type-page","status-publish","hentry"],"_links":{"self":[{"href":"https:\/\/www.region-peiner-land.de\/index.php\/wp-json\/wp\/v2\/pages\/2577","targetHints":{"allow":["GET"]}}],"collection":[{"href":"https:\/\/www.region-peiner-land.de\/index.php\/wp-json\/wp\/v2\/pages"}],"about":[{"href":"https:\/\/www.region-peiner-land.de\/index.php\/wp-json\/wp\/v2\/types\/page"}],"author":[{"embeddable":true,"href":"https:\/\/www.region-peiner-land.de\/index.php\/wp-json\/wp\/v2\/users\/4"}],"replies":[{"embeddable":true,"href":"https:\/\/www.region-peiner-land.de\/index.php\/wp-json\/wp\/v2\/comments?post=2577"}],"version-history":[{"count":4,"href":"https:\/\/www.region-peiner-land.de\/index.php\/wp-json\/wp\/v2\/pages\/2577\/revisions"}],"predecessor-version":[{"id":2967,"href":"https:\/\/www.region-peiner-land.de\/index.php\/wp-json\/wp\/v2\/pages\/2577\/revisions\/2967"}],"wp:attachment":[{"href":"https:\/\/www.region-peiner-land.de\/index.php\/wp-json\/wp\/v2\/media?parent=2577"}],"curies":[{"name":"wp","href":"https:\/\/api.w.org\/{rel}","templated":true}]}}