{"id":6,"date":"2016-07-27T12:58:28","date_gmt":"2016-07-27T10:58:28","guid":{"rendered":"https:\/\/www.region-peiner-land.de\/?page_id=6"},"modified":"2018-07-04T09:44:40","modified_gmt":"2018-07-04T07:44:40","slug":"peiner-land","status":"publish","type":"page","link":"https:\/\/www.region-peiner-land.de\/index.php\/peiner-land\/","title":{"rendered":"Region Peiner Land"},"content":{"rendered":"<section class=\"wpb-content-wrapper\"><p>[vc_row full_width=&#8221;stretch_row_content_no_spaces&#8221;][vc_column][vc_column_text]<div id=\"metaslider-id-218\" style=\"width: 100%;\" class=\"ml-slider-3-108-0 metaslider metaslider-flex metaslider-218 ml-slider ms-theme-default nav-hidden\" role=\"region\" aria-label=\"2 Arbeitsfelder\" data-height=\"400\" data-width=\"2200\">\n    <div id=\"metaslider_container_218\">\n        <div id=\"metaslider_218\">\n            <ul class='slides'>\n                <li style=\"display: block; width: 100%;\" class=\"slide-1937 ms-image \" aria-roledescription=\"slide\" data-date=\"2018-02-28 10:24:35\" data-filename=\"IlsederHuette2.jpg\" data-slide-type=\"image\"><img loading=\"lazy\" decoding=\"async\" src=\"https:\/\/www.region-peiner-land.de\/wp-content\/uploads\/IlsederHuette2.jpg\" height=\"400\" width=\"2200\" alt=\"\" class=\"slider-218 slide-1937 msDefaultImage\" \/><\/li>\n                <li style=\"display: none; width: 100%;\" class=\"slide-1938 ms-image \" aria-roledescription=\"slide\" data-date=\"2018-02-28 10:24:36\" data-filename=\"Park-Vechelde_P1040431.jpg\" data-slide-type=\"image\"><img loading=\"lazy\" decoding=\"async\" src=\"https:\/\/www.region-peiner-land.de\/wp-content\/uploads\/Park-Vechelde_P1040431.jpg\" height=\"400\" width=\"2200\" alt=\"\" class=\"slider-218 slide-1938 msDefaultImage\" \/><\/li>\n                <li style=\"display: none; width: 100%;\" class=\"slide-1939 ms-image \" aria-roledescription=\"slide\" data-date=\"2018-02-28 10:24:36\" data-filename=\"Seilbahnberg-Ausblick-Lengede-8.jpg\" data-slide-type=\"image\"><img loading=\"lazy\" decoding=\"async\" src=\"https:\/\/www.region-peiner-land.de\/wp-content\/uploads\/Seilbahnberg-Ausblick-Lengede-8.jpg\" height=\"400\" width=\"2200\" alt=\"\" class=\"slider-218 slide-1939 msDefaultImage\" \/><\/li>\n                <li style=\"display: none; width: 100%;\" class=\"slide-1940 ms-image \" aria-roledescription=\"slide\" data-date=\"2018-02-28 10:24:36\" data-filename=\"Windm\u00fchle-Wendeburg-2.JPG.jpg\" data-slide-type=\"image\"><img loading=\"lazy\" decoding=\"async\" src=\"https:\/\/www.region-peiner-land.de\/wp-content\/uploads\/Windm\u00fchle-Wendeburg-2.JPG.jpg\" height=\"400\" width=\"2200\" alt=\"\" class=\"slider-218 slide-1940 msDefaultImage\" \/><\/li>\n                <li style=\"display: none; width: 100%;\" class=\"slide-1936 ms-image \" aria-roledescription=\"slide\" data-date=\"2018-02-28 10:24:35\" data-filename=\"Hofanlage-Plockhorst-2.jpg\" data-slide-type=\"image\"><img loading=\"lazy\" decoding=\"async\" src=\"https:\/\/www.region-peiner-land.de\/wp-content\/uploads\/Hofanlage-Plockhorst-2.jpg\" height=\"400\" width=\"2200\" alt=\"\" class=\"slider-218 slide-1936 msDefaultImage\" \/><\/li>\n                <li style=\"display: none; width: 100%;\" class=\"slide-1935 ms-image \" aria-roledescription=\"slide\" data-date=\"2018-02-28 10:24:35\" data-filename=\"Amthof-Peine-8.JPG.jpg\" data-slide-type=\"image\"><img loading=\"lazy\" decoding=\"async\" src=\"https:\/\/www.region-peiner-land.de\/wp-content\/uploads\/Amthof-Peine-8.JPG.jpg\" height=\"400\" width=\"2200\" alt=\"\" class=\"slider-218 slide-1935 msDefaultImage\" \/><\/li>\n            <\/ul>\n        <\/div>\n        \n    <\/div>\n<\/div>[\/vc_column_text][\/vc_column][\/vc_row][vc_row][vc_column width=&#8221;1\/4&#8243;][vc_column_text]<\/p>\n<div class=\"content-out\">\n<div class=\"content-list active-menu-left\"><a style=\"text-decoration: none;\" href=\"http:\/\/index.php\/peiner-land\/\">Region Peiner Land<\/a><\/div>\n<\/div>\n<p>[\/vc_column_text][\/vc_column][vc_column width=&#8221;3\/4&#8243;][vc_raw_js]JTNDZGl2JTIwY2xhc3MlM0QlMjJjb250YWN0LWhlYWRlci1pbmxpbmUtYXJvdW5kJTIyJTNFJTBBJTNDZGl2JTIwY2xhc3MlM0QlMjJjb250YWN0LWhlYWRlci1pbmxpbmUtNSUyMiUzRSUzQ2ElMjBocmVmJTNEJTIyamF2YXNjcmlwdCUzQXdpbmRvdy5wcmludCUyOCUyOSUyMiUzRSUzQ2ltZyUyMHNyYyUzRCUyMmh0dHBzJTNBJTJGJTJGcmVnaW9uLXBlaW5lci1sYW5kLmRlJTJGd3AtY29udGVudCUyRnVwbG9hZHMlMkZwcmludC1idXR0b24tYmx1ZS1lMTUxOTgyMTA3MDg5MS5wbmclMjIlMjBhbHQlM0QlMjJTZWl0ZSUyMGRydWNrZW4lMjIlMjBpZCUzRCUyMnByaW50LWJ1dHRvbiUyMiUyMCUyRiUzRSUzQyUyRmElM0UlM0MlMkZkaXYlM0UlMEElM0MlMkZkaXYlM0U=[\/vc_raw_js][vc_column_text css=&#8221;.vc_custom_1524738094550{margin-top: 10px !important;margin-bottom: 45px !important;}&#8221;]<\/p>\n<h1><\/h1>\n<h1>Region Peiner Land<\/h1>\n<p>Zur Region Peiner Land geh\u00f6ren die Stadt Peine und die Gemeinden Edemissen, Ilsede, Lengede, Vechelde und Wendeburg. Sie wollen gemeinsam die Herausforderungen der n\u00e4chsten Jahre angehen, die Entwicklung der Region weiter vorantreiben und dabei eigene thematische Schwerpunkte setzen. Diese M\u00f6glichkeiten bietet das <a href=\"\/index.php\/was-ist-leader\/\">LEADER-F\u00f6rderprogramm<\/a>. Ziel ist es, die Regionalentwicklung in l\u00e4ndlichen Gebieten unter anderem auf Basis freiwilliger Kooperationen zu unterst\u00fctzen.<\/p>\n<p><a href=\"\/wp-content\/uploads\/Karte_Region_Lage-im-Raum.png\"><img loading=\"lazy\" decoding=\"async\" class=\"size-medium wp-image-1912 alignright\" src=\"https:\/\/www.region-peiner-land.de\/wp-content\/uploads\/Karte_Region_Lage-im-Raum-300x251.png\" alt=\"\" width=\"300\" height=\"251\" srcset=\"https:\/\/www.region-peiner-land.de\/wp-content\/uploads\/Karte_Region_Lage-im-Raum-300x251.png 300w, https:\/\/www.region-peiner-land.de\/wp-content\/uploads\/Karte_Region_Lage-im-Raum-768x644.png 768w, https:\/\/www.region-peiner-land.de\/wp-content\/uploads\/Karte_Region_Lage-im-Raum.png 790w\" sizes=\"auto, (max-width: 300px) 100vw, 300px\" \/><\/a>[\/vc_column_text][vc_column_text css=&#8221;.vc_custom_1523964615314{margin-bottom: 75px !important;}&#8221;]<\/p>\n<h2>Lage und Gebietskulisse<\/h2>\n<p>Die Region Peiner Land befindet sich im s\u00fcd\u00f6stlichen Niedersachsen zwischen der Region Hannover im Westen und der Stadt Braunschweig im Osten. Im S\u00fcdosten liegt die Stadt Salzgitter und s\u00fcdwestlich der Landkreis Hildesheim. Der n\u00f6rdliche Nachbar ist der Landkreis Celle.<br \/>\nZur LEADER-Region Peiner Land geh\u00f6ren alle Kommunen im Landkreis Peine au\u00dfer die Gemeinde Hohenhameln, die Mitglied der B\u00f6rderegion ist.[\/vc_column_text][vc_column_text]<\/p>\n<h2 style=\"margin-top: -30px;\">Besonderheiten der Region<\/h2>\n<p>Die Gemeinden der Region Peiner Land sind durch regionale Gemeinsamkeiten und Tradition miteinander verkn\u00fcpft. Die Region hat industrielle Wurzeln, vor allem der Bergbau hat eine ausgepr\u00e4gte Tradition. Die Kulturlandschaft ist stark durch die Landwirtschaft gepr\u00e4gt und relativ waldarm. Zahlreiche Baudenkm\u00e4ler pr\u00e4gen Landschaft und Ortschaften und damit auch die Identit\u00e4t der Region.[\/vc_column_text][vc_column_text]<\/p>\n<h2>Kommunen<\/h2>\n<ul>\n<li><a href=\"http:\/\/www.edemissen.de\/\" target=\"_blank\" rel=\"noopener\">Gemeinde Edemissen<\/a><\/li>\n<li><a href=\"http:\/\/www.gemeinde-ilsede.de\/\" target=\"_blank\" rel=\"noopener\">Gemeinde Ilsede<\/a><\/li>\n<li><a href=\"http:\/\/www.lengede.de\" target=\"_blank\" rel=\"noopener\">Gemeinde Lengede<\/a><\/li>\n<li><a href=\"http:\/\/www.peine.de\/\" target=\"_blank\" rel=\"noopener\">Gemeinde Peine<\/a><\/li>\n<li><a href=\"http:\/\/www.vechelde.de\" target=\"_blank\" rel=\"noopener\">Gemeinde Vechelde<\/a><\/li>\n<li><a href=\"http:\/\/www.wendeburg.de\" target=\"_blank\" rel=\"noopener\">Gemeinde Wendeburg<\/a><\/li>\n<\/ul>\n<p>[\/vc_column_text][vc_column_text]<\/p>\n<h2>Gemeinde\u00fcbergreifende Links<\/h2>\n<ul>\n<li><a href=\"http:\/\/www.landkreis-peine.de\/\" target=\"_blank\" rel=\"noopener\">Landkreis Peine<\/a><\/li>\n<li><a href=\"http:\/\/www.wito-gmbh.de\/\" target=\"_blank\" rel=\"noopener\">Wirtschafts- und Tourismusf\u00f6rdergesellschaft Landkreis Peine mbH (Wito)<\/a><\/li>\n<li><a href=\"http:\/\/www.tourismus-peine.de\/\" target=\"_blank\" rel=\"noopener\">Tourismusportal Peine<\/a><\/li>\n<\/ul>\n<p>[\/vc_column_text][\/vc_column][\/vc_row]<\/p>\n<\/section>","protected":false},"excerpt":{"rendered":"<p>[vc_row full_width=&#8221;stretch_row_content_no_spaces&#8221;][vc_column][vc_column_text][\/vc_column_text][\/vc_column][\/vc_row][vc_row][vc_column width=&#8221;1\/4&#8243;][vc_column_text] Region Peiner Land [\/vc_column_text][\/vc_column][vc_column width=&#8221;3\/4&#8243;][vc_raw_js]JTNDZGl2JTIwY2xhc3MlM0QlMjJjb250YWN0LWhlYWRlci1pbmxpbmUtYXJvdW5kJTIyJTNFJTBBJTNDZGl2JTIwY2xhc3MlM0QlMjJjb250YWN0LWhlYWRlci1pbmxpbmUtNSUyMiUzRSUzQ2ElMjBocmVmJTNEJTIyamF2YXNjcmlwdCUzQXdpbmRvdy5wcmludCUyOCUyOSUyMiUzRSUzQ2ltZyUyMHNyYyUzRCUyMmh0dHBzJTNBJTJGJTJGcmVnaW9uLXBlaW5lci1sYW5kLmRlJTJGd3AtY29udGVudCUyRnVwbG9hZHMlMkZwcmludC1idXR0b24tYmx1ZS1lMTUxOTgyMTA3MDg5MS5wbmclMjIlMjBhbHQlM0QlMjJTZWl0ZSUyMGRydWNrZW4lMjIlMjBpZCUzRCUyMnByaW50LWJ1dHRvbiUyMiUyMCUyRiUzRSUzQyUyRmElM0UlM0MlMkZkaXYlM0UlMEElM0MlMkZkaXYlM0U=[\/vc_raw_js][vc_column_text css=&#8221;.vc_custom_1524738094550{margin-top: 10px !important;margin-bottom: 45px !important;}&#8221;] Region Peiner Land Zur Region Peiner Land geh\u00f6ren die Stadt Peine und die Gemeinden Edemissen, Ilsede, Lengede, Vechelde und Wendeburg. Sie wollen gemeinsam die Herausforderungen der n\u00e4chsten Jahre angehen, die Entwicklung der Region weiter vorantreiben und dabei eigene thematische Schwerpunkte setzen. Diese [&hellip;]<\/p>\n","protected":false},"author":1,"featured_media":0,"parent":0,"menu_order":2,"comment_status":"closed","ping_status":"closed","template":"","meta":{"iawp_total_views":150,"footnotes":""},"class_list":["post-6","page","type-page","status-publish","hentry"],"_links":{"self":[{"href":"https:\/\/www.region-peiner-land.de\/index.php\/wp-json\/wp\/v2\/pages\/6","targetHints":{"allow":["GET"]}}],"collection":[{"href":"https:\/\/www.region-peiner-land.de\/index.php\/wp-json\/wp\/v2\/pages"}],"about":[{"href":"https:\/\/www.region-peiner-land.de\/index.php\/wp-json\/wp\/v2\/types\/page"}],"author":[{"embeddable":true,"href":"https:\/\/www.region-peiner-land.de\/index.php\/wp-json\/wp\/v2\/users\/1"}],"replies":[{"embeddable":true,"href":"https:\/\/www.region-peiner-land.de\/index.php\/wp-json\/wp\/v2\/comments?post=6"}],"version-history":[{"count":70,"href":"https:\/\/www.region-peiner-land.de\/index.php\/wp-json\/wp\/v2\/pages\/6\/revisions"}],"predecessor-version":[{"id":2446,"href":"https:\/\/www.region-peiner-land.de\/index.php\/wp-json\/wp\/v2\/pages\/6\/revisions\/2446"}],"wp:attachment":[{"href":"https:\/\/www.region-peiner-land.de\/index.php\/wp-json\/wp\/v2\/media?parent=6"}],"curies":[{"name":"wp","href":"https:\/\/api.w.org\/{rel}","templated":true}]}}